{"id":76,"date":"2013-10-15T16:37:44","date_gmt":"2013-10-15T19:37:44","guid":{"rendered":"https:\/\/wp.ufpel.edu.br\/ceng\/?page_id=76"},"modified":"2020-01-10T11:53:21","modified_gmt":"2020-01-10T14:53:21","slug":"conselho","status":"publish","type":"page","link":"https:\/\/wp.ufpel.edu.br\/ceng\/conselho\/","title":{"rendered":"Conselho"},"content":{"rendered":"<p><strong>CONSELHO DO CENTRO DE ENGENHARIAS<\/strong><\/p>\n<p><a href=\"https:\/\/sei.ufpel.edu.br\/sei\/publicacoes\/controlador_publicacoes.php?acao=publicacao_visualizar&amp;id_documento=962938&amp;id_orgao_publicacao=0\">Portaria 12\/2020<\/a>\u00a0&#8211; Consolida\u00e7\u00e3o da nova composi\u00e7\u00e3o do Conselho do Centro de Engenharias<\/p>\n","protected":false},"excerpt":{"rendered":"<p>CONSELHO DO CENTRO DE ENGENHARIAS Portaria 12\/2020\u00a0&#8211; Consolida\u00e7\u00e3o da nova composi\u00e7\u00e3o do Conselho do Centro de Engenharias<\/p>\n","protected":false},"author":67,"featured_media":0,"parent":0,"menu_order":0,"comment_status":"closed","ping_status":"closed","template":"","meta":{"footnotes":""},"class_list":["post-76","page","type-page","status-publish","hentry"],"publishpress_future_action":{"enabled":false,"date":"2026-04-15 01:14:36","action":"change-status","newStatus":"draft","terms":[],"taxonomy":"","extraData":[]},"publishpress_future_workflow_manual_trigger":{"enabledWorkflows":[]},"_links":{"self":[{"href":"https:\/\/wp.ufpel.edu.br\/ceng\/wp-json\/wp\/v2\/pages\/76","targetHints":{"allow":["GET"]}}],"collection":[{"href":"https:\/\/wp.ufpel.edu.br\/ceng\/wp-json\/wp\/v2\/pages"}],"about":[{"href":"https:\/\/wp.ufpel.edu.br\/ceng\/wp-json\/wp\/v2\/types\/page"}],"author":[{"embeddable":true,"href":"https:\/\/wp.ufpel.edu.br\/ceng\/wp-json\/wp\/v2\/users\/67"}],"replies":[{"embeddable":true,"href":"https:\/\/wp.ufpel.edu.br\/ceng\/wp-json\/wp\/v2\/comments?post=76"}],"version-history":[{"count":17,"href":"https:\/\/wp.ufpel.edu.br\/ceng\/wp-json\/wp\/v2\/pages\/76\/revisions"}],"predecessor-version":[{"id":7872,"href":"https:\/\/wp.ufpel.edu.br\/ceng\/wp-json\/wp\/v2\/pages\/76\/revisions\/7872"}],"wp:attachment":[{"href":"https:\/\/wp.ufpel.edu.br\/ceng\/wp-json\/wp\/v2\/media?parent=76"}],"curies":[{"name":"wp","href":"https:\/\/api.w.org\/{rel}","templated":true}]}}