{"id":74,"date":"2013-10-15T16:35:32","date_gmt":"2013-10-15T19:35:32","guid":{"rendered":"https:\/\/wp.ufpel.edu.br\/ceng\/?page_id=74"},"modified":"2023-11-28T10:52:24","modified_gmt":"2023-11-28T13:52:24","slug":"pos-graduacao","status":"publish","type":"page","link":"https:\/\/wp.ufpel.edu.br\/ceng\/pos-graduacao\/","title":{"rendered":"P\u00f3s-Gradua\u00e7\u00e3o"},"content":{"rendered":"<p>O Centro de Engenharias possui atualmente os seguintes cursos de P\u00f3s-Gradua\u00e7\u00e3o:<\/p>\n<table dir=\"ltr\" cellspacing=\"0\" cellpadding=\"0\">\n<tbody>\n<tr>\n<td style=\"width: 713px\"><strong>Programa de P\u00f3s-Gradua\u00e7\u00e3o em Ci\u00eancias Ambientais<\/strong> (Mestrado)<\/td>\n<td style=\"width: 525px\" rowspan=\"1\"><a href=\"https:\/\/wp.ufpel.edu.br\/ppgcamb\/\" target=\"_blank\" rel=\"noopener noreferrer\">https:\/\/wp.ufpel.edu.br\/ppgcamb\/<br \/>\n<\/a>E-mail: ppgcamb@gmail.com<br \/>\nCoordenadora : Diuliana Leandro<br \/>\nCoordenador Adjunto: Rafael Delucius<br \/>\nSecret\u00e1ria: Fernanda Machado<br \/>\nHor\u00e1rio: 14h \u00e1s 20h<br \/>\nLocaliza\u00e7\u00e3o: R. Benjamin Constant, 989, 3\u00ba andar, sala A308, 96010-020.<\/td>\n<\/tr>\n<tr>\n<td style=\"width: 713px\"><\/td>\n<td style=\"width: 525px\" rowspan=\"1\"><\/td>\n<\/tr>\n<\/tbody>\n<\/table>\n<p>&nbsp;<\/p>\n<p>&nbsp;<\/p>\n","protected":false},"excerpt":{"rendered":"<p>O Centro de Engenharias possui atualmente os seguintes cursos de P\u00f3s-Gradua\u00e7\u00e3o: Programa de P\u00f3s-Gradua\u00e7\u00e3o em Ci\u00eancias Ambientais (Mestrado) https:\/\/wp.ufpel.edu.br\/ppgcamb\/ E-mail: ppgcamb@gmail.com Coordenadora : Diuliana Leandro Coordenador Adjunto: Rafael Delucius Secret\u00e1ria: Fernanda Machado Hor\u00e1rio: 14h \u00e1s 20h Localiza\u00e7\u00e3o: R. Benjamin Constant, 989, 3\u00ba andar, sala A308, 96010-020. &nbsp; &nbsp;<\/p>\n","protected":false},"author":67,"featured_media":0,"parent":0,"menu_order":0,"comment_status":"closed","ping_status":"closed","template":"","meta":{"footnotes":""},"class_list":["post-74","page","type-page","status-publish","hentry"],"publishpress_future_action":{"enabled":false,"date":"2026-05-12 01:40:31","action":"change-status","newStatus":"draft","terms":[],"taxonomy":"","extraData":[]},"publishpress_future_workflow_manual_trigger":{"enabledWorkflows":[]},"_links":{"self":[{"href":"https:\/\/wp.ufpel.edu.br\/ceng\/wp-json\/wp\/v2\/pages\/74","targetHints":{"allow":["GET"]}}],"collection":[{"href":"https:\/\/wp.ufpel.edu.br\/ceng\/wp-json\/wp\/v2\/pages"}],"about":[{"href":"https:\/\/wp.ufpel.edu.br\/ceng\/wp-json\/wp\/v2\/types\/page"}],"author":[{"embeddable":true,"href":"https:\/\/wp.ufpel.edu.br\/ceng\/wp-json\/wp\/v2\/users\/67"}],"replies":[{"embeddable":true,"href":"https:\/\/wp.ufpel.edu.br\/ceng\/wp-json\/wp\/v2\/comments?post=74"}],"version-history":[{"count":28,"href":"https:\/\/wp.ufpel.edu.br\/ceng\/wp-json\/wp\/v2\/pages\/74\/revisions"}],"predecessor-version":[{"id":11564,"href":"https:\/\/wp.ufpel.edu.br\/ceng\/wp-json\/wp\/v2\/pages\/74\/revisions\/11564"}],"wp:attachment":[{"href":"https:\/\/wp.ufpel.edu.br\/ceng\/wp-json\/wp\/v2\/media?parent=74"}],"curies":[{"name":"wp","href":"https:\/\/api.w.org\/{rel}","templated":true}]}}