{"id":7325,"date":"2019-09-26T15:28:15","date_gmt":"2019-09-26T18:28:15","guid":{"rendered":"https:\/\/wp.ufpel.edu.br\/ceng\/?page_id=7325"},"modified":"2020-08-10T14:46:59","modified_gmt":"2020-08-10T17:46:59","slug":"ceng-conde-de-porto-alegre","status":"publish","type":"page","link":"https:\/\/wp.ufpel.edu.br\/ceng\/ceng-conde-de-porto-alegre\/","title":{"rendered":"CEng &#8211; Conde de Porto Alegre"},"content":{"rendered":"<p>Gostaria de falar com algu\u00e9m em espec\u00edfico? Ligue para o telefone das salas do pr\u00e9dio Conde de Porto Alegre dispon\u00edveis abaixo!<\/p>\n<table style=\"border-collapse: collapse;width: 100%\" border=\"1\">\n<tbody>\n<tr style=\"height: 24px\">\n<td style=\"width: 100%;height: 24px;text-align: center\" colspan=\"2\"><strong>Contatos Centro de Engenharias &#8211; Pr\u00e9dio Conde de Porto Alegre<\/strong><\/td>\n<\/tr>\n<tr style=\"height: 24px\">\n<td style=\"width: 50%;height: 24px;text-align: center\"><strong>Sala<\/strong><\/td>\n<td style=\"width: 50%;height: 24px;text-align: center\"><strong>Telefone<\/strong><\/td>\n<\/tr>\n<tr style=\"height: 24px\">\n<td style=\"width: 50%;height: 24px\">Coordena\u00e7\u00e3o\/Colegiado &#8211; Engenharia Industrial Madeireira<\/td>\n<td style=\"width: 50%;height: 24px\">3284-1677<\/td>\n<\/tr>\n<tr style=\"height: 24px\">\n<td style=\"width: 50%;height: 24px\">Sala dos Professores<\/td>\n<td style=\"width: 50%;height: 24px\">3284-1670<\/td>\n<\/tr>\n<tr style=\"height: 24px\">\n<td style=\"width: 50%;height: 24px\">Laborat\u00f3rio de Celulose e Papel<\/td>\n<td style=\"width: 50%;height: 24px\">3284-1672<\/td>\n<\/tr>\n<tr style=\"height: 24px\">\n<td style=\"width: 50%;height: 24px\">Laborat\u00f3rio de Pain\u00e9is de Madeira &#8211; LAPAM<\/td>\n<td style=\"width: 50%;height: 24px\">3284-1673<\/td>\n<\/tr>\n<tr style=\"height: 24px\">\n<td style=\"width: 50%;height: 24px\">Laborat\u00f3rio de Anatomia da Madeira<\/td>\n<td style=\"width: 50%;height: 24px\">3284-1674<\/td>\n<\/tr>\n<tr style=\"height: 24px\">\n<td style=\"width: 50%;height: 24px\">Laborat\u00f3rio de Anatomia da Madeira<\/td>\n<td style=\"width: 50%;height: 24px\">3284-1675<\/td>\n<\/tr>\n<tr>\n<td style=\"width: 50%\">Revista Ci\u00eancia da Madeira<\/td>\n<td style=\"width: 50%\">\u00a03284-1676<\/td>\n<\/tr>\n<\/tbody>\n<\/table>\n<p>&nbsp;<\/p>\n","protected":false},"excerpt":{"rendered":"<p>Gostaria de falar com algu\u00e9m em espec\u00edfico? Ligue para o telefone das salas do pr\u00e9dio Conde de Porto Alegre dispon\u00edveis abaixo! Contatos Centro de Engenharias &#8211; Pr\u00e9dio Conde de Porto Alegre Sala Telefone Coordena\u00e7\u00e3o\/Colegiado &#8211; Engenharia Industrial Madeireira 3284-1677 Sala dos Professores 3284-1670 Laborat\u00f3rio de Celulose e Papel 3284-1672 Laborat\u00f3rio de Pain\u00e9is de Madeira &#8211; [&hellip;]<\/p>\n","protected":false},"author":67,"featured_media":0,"parent":0,"menu_order":0,"comment_status":"closed","ping_status":"closed","template":"","meta":{"footnotes":""},"class_list":["post-7325","page","type-page","status-publish","hentry"],"publishpress_future_action":{"enabled":false,"date":"2026-05-15 19:08:04","action":"change-status","newStatus":"draft","terms":[],"taxonomy":"","extraData":[]},"publishpress_future_workflow_manual_trigger":{"enabledWorkflows":[]},"_links":{"self":[{"href":"https:\/\/wp.ufpel.edu.br\/ceng\/wp-json\/wp\/v2\/pages\/7325","targetHints":{"allow":["GET"]}}],"collection":[{"href":"https:\/\/wp.ufpel.edu.br\/ceng\/wp-json\/wp\/v2\/pages"}],"about":[{"href":"https:\/\/wp.ufpel.edu.br\/ceng\/wp-json\/wp\/v2\/types\/page"}],"author":[{"embeddable":true,"href":"https:\/\/wp.ufpel.edu.br\/ceng\/wp-json\/wp\/v2\/users\/67"}],"replies":[{"embeddable":true,"href":"https:\/\/wp.ufpel.edu.br\/ceng\/wp-json\/wp\/v2\/comments?post=7325"}],"version-history":[{"count":6,"href":"https:\/\/wp.ufpel.edu.br\/ceng\/wp-json\/wp\/v2\/pages\/7325\/revisions"}],"predecessor-version":[{"id":8754,"href":"https:\/\/wp.ufpel.edu.br\/ceng\/wp-json\/wp\/v2\/pages\/7325\/revisions\/8754"}],"wp:attachment":[{"href":"https:\/\/wp.ufpel.edu.br\/ceng\/wp-json\/wp\/v2\/media?parent=7325"}],"curies":[{"name":"wp","href":"https:\/\/api.w.org\/{rel}","templated":true}]}}