{"id":7321,"date":"2019-09-26T15:27:12","date_gmt":"2019-09-26T18:27:12","guid":{"rendered":"https:\/\/wp.ufpel.edu.br\/ceng\/?page_id=7321"},"modified":"2019-10-02T16:41:17","modified_gmt":"2019-10-02T19:41:17","slug":"ceng-alfandega","status":"publish","type":"page","link":"https:\/\/wp.ufpel.edu.br\/ceng\/ceng-alfandega\/","title":{"rendered":"CEng &#8211; Alf\u00e2ndega"},"content":{"rendered":"<p>Gostaria de falar com algu\u00e9m em espec\u00edfico? Ligue para o telefone das salas do pr\u00e9dio Alf\u00e2ndega dispon\u00edveis abaixo!<\/p>\n<p><a href=\"https:\/\/wp.ufpel.edu.br\/ceng\/files\/2019\/10\/Contato-Alf\u00e2ndega.png\"><img class=\"aligncenter size-full wp-image-7361\" src=\"https:\/\/wp.ufpel.edu.br\/ceng\/files\/2019\/10\/Contato-Alf\u00e2ndega.png\" alt=\"\" width=\"556\" height=\"69\" srcset=\"https:\/\/wp.ufpel.edu.br\/ceng\/files\/2019\/10\/Contato-Alf\u00e2ndega.png 556w, https:\/\/wp.ufpel.edu.br\/ceng\/files\/2019\/10\/Contato-Alf\u00e2ndega-400x50.png 400w\" sizes=\"(max-width: 556px) 100vw, 556px\" \/><\/a><\/p>\n","protected":false},"excerpt":{"rendered":"<p>Gostaria de falar com algu\u00e9m em espec\u00edfico? Ligue para o telefone das salas do pr\u00e9dio Alf\u00e2ndega dispon\u00edveis abaixo!<\/p>\n","protected":false},"author":67,"featured_media":0,"parent":0,"menu_order":0,"comment_status":"closed","ping_status":"closed","template":"","meta":{"footnotes":""},"class_list":["post-7321","page","type-page","status-publish","hentry"],"publishpress_future_action":{"enabled":false,"date":"2026-04-14 15:15:34","action":"change-status","newStatus":"draft","terms":[],"taxonomy":"","extraData":[]},"publishpress_future_workflow_manual_trigger":{"enabledWorkflows":[]},"_links":{"self":[{"href":"https:\/\/wp.ufpel.edu.br\/ceng\/wp-json\/wp\/v2\/pages\/7321","targetHints":{"allow":["GET"]}}],"collection":[{"href":"https:\/\/wp.ufpel.edu.br\/ceng\/wp-json\/wp\/v2\/pages"}],"about":[{"href":"https:\/\/wp.ufpel.edu.br\/ceng\/wp-json\/wp\/v2\/types\/page"}],"author":[{"embeddable":true,"href":"https:\/\/wp.ufpel.edu.br\/ceng\/wp-json\/wp\/v2\/users\/67"}],"replies":[{"embeddable":true,"href":"https:\/\/wp.ufpel.edu.br\/ceng\/wp-json\/wp\/v2\/comments?post=7321"}],"version-history":[{"count":3,"href":"https:\/\/wp.ufpel.edu.br\/ceng\/wp-json\/wp\/v2\/pages\/7321\/revisions"}],"predecessor-version":[{"id":7362,"href":"https:\/\/wp.ufpel.edu.br\/ceng\/wp-json\/wp\/v2\/pages\/7321\/revisions\/7362"}],"wp:attachment":[{"href":"https:\/\/wp.ufpel.edu.br\/ceng\/wp-json\/wp\/v2\/media?parent=7321"}],"curies":[{"name":"wp","href":"https:\/\/api.w.org\/{rel}","templated":true}]}}