{"id":7254,"date":"2019-09-16T10:36:09","date_gmt":"2019-09-16T13:36:09","guid":{"rendered":"https:\/\/wp.ufpel.edu.br\/ceng\/?page_id=7254"},"modified":"2021-10-25T14:59:11","modified_gmt":"2021-10-25T17:59:11","slug":"livro","status":"publish","type":"page","link":"https:\/\/wp.ufpel.edu.br\/ceng\/livro\/","title":{"rendered":"Livro"},"content":{"rendered":"<p>\u00c0 comunidade do CEng, disponibilizamos o livro elaborado pela Prof\u00aa. Maria Laura Luz, que conta a hist\u00f3ria do Centro de Engenharias desde a cria\u00e7\u00e3o da Faculdade de Engenharia Agr\u00edcola at\u00e9 os 10 anos do CEng.<\/p>\n<p><a href=\"https:\/\/wp.ufpel.edu.br\/ceng\/files\/2021\/10\/Livro-sobre-a-Historia-do-CEng.pdf\">Livro sobre a Hist\u00f3ria do CEng<\/a>&#8211; <strong>Vers\u00e3o final<\/strong><\/p>\n","protected":false},"excerpt":{"rendered":"<p>\u00c0 comunidade do CEng, disponibilizamos o livro elaborado pela Prof\u00aa. Maria Laura Luz, que conta a hist\u00f3ria do Centro de Engenharias desde a cria\u00e7\u00e3o da Faculdade de Engenharia Agr\u00edcola at\u00e9 os 10 anos do CEng. Livro sobre a Hist\u00f3ria do CEng&#8211; Vers\u00e3o final<\/p>\n","protected":false},"author":67,"featured_media":0,"parent":0,"menu_order":0,"comment_status":"closed","ping_status":"closed","template":"","meta":{"footnotes":""},"class_list":["post-7254","page","type-page","status-publish","hentry"],"publishpress_future_action":{"enabled":false,"date":"2026-04-13 08:09:18","action":"change-status","newStatus":"draft","terms":[],"taxonomy":"","extraData":[]},"publishpress_future_workflow_manual_trigger":{"enabledWorkflows":[]},"_links":{"self":[{"href":"https:\/\/wp.ufpel.edu.br\/ceng\/wp-json\/wp\/v2\/pages\/7254","targetHints":{"allow":["GET"]}}],"collection":[{"href":"https:\/\/wp.ufpel.edu.br\/ceng\/wp-json\/wp\/v2\/pages"}],"about":[{"href":"https:\/\/wp.ufpel.edu.br\/ceng\/wp-json\/wp\/v2\/types\/page"}],"author":[{"embeddable":true,"href":"https:\/\/wp.ufpel.edu.br\/ceng\/wp-json\/wp\/v2\/users\/67"}],"replies":[{"embeddable":true,"href":"https:\/\/wp.ufpel.edu.br\/ceng\/wp-json\/wp\/v2\/comments?post=7254"}],"version-history":[{"count":9,"href":"https:\/\/wp.ufpel.edu.br\/ceng\/wp-json\/wp\/v2\/pages\/7254\/revisions"}],"predecessor-version":[{"id":9835,"href":"https:\/\/wp.ufpel.edu.br\/ceng\/wp-json\/wp\/v2\/pages\/7254\/revisions\/9835"}],"wp:attachment":[{"href":"https:\/\/wp.ufpel.edu.br\/ceng\/wp-json\/wp\/v2\/media?parent=7254"}],"curies":[{"name":"wp","href":"https:\/\/api.w.org\/{rel}","templated":true}]}}