{"id":6757,"date":"2019-07-15T14:15:47","date_gmt":"2019-07-15T17:15:47","guid":{"rendered":"https:\/\/wp.ufpel.edu.br\/ceng\/?page_id=6757"},"modified":"2024-04-12T17:26:40","modified_gmt":"2024-04-12T20:26:40","slug":"agendamento-dos-laboratorios-de-informatica","status":"publish","type":"page","link":"https:\/\/wp.ufpel.edu.br\/ceng\/agendamento-dos-laboratorios-de-informatica\/","title":{"rendered":"Agendamento dos Laborat\u00f3rios de Inform\u00e1tica"},"content":{"rendered":"<p>Para agendamento dos laborat\u00f3rios de inform\u00e1tica do pr\u00e9dio da Cotada, enviar e-mail a Professora. Diuliana Leandro: diuliana.leandro@gmail.com<\/p>\n<p>Servidores (TAs e Docentes) e alunos podem agendar. Para os <strong>alunos<\/strong>: \u00e9 necess\u00e1rio informar o nome de um professor respons\u00e1vel para que seja feito o agendamento.<br \/>\nEx.: Semana acad\u00eamica, \u00e9 preciso do aval do coordenador da semana.<\/p>\n<p>Laborat\u00f3rios:<\/p>\n<div>501 &#8211; Engenharia de Produ\u00e7\u00e3o<\/div>\n<div>600 &#8211; Engenharia de Produ\u00e7\u00e3o<\/div>\n<div>207A &#8211; Eng. controle e automa\u00e7\u00e3o<\/div>\n<div>216A &#8211; Eng Ambiental e Sanit\u00e1ria<\/div>\n<div>314 &#8211; Eng de Petr\u00f3leo e Geoprocessamento<\/div>\n","protected":false},"excerpt":{"rendered":"<p>Para agendamento dos laborat\u00f3rios de inform\u00e1tica do pr\u00e9dio da Cotada, enviar e-mail a Professora. Diuliana Leandro: diuliana.leandro@gmail.com Servidores (TAs e Docentes) e alunos podem agendar. Para os alunos: \u00e9 necess\u00e1rio informar o nome de um professor respons\u00e1vel para que seja feito o agendamento. Ex.: Semana acad\u00eamica, \u00e9 preciso do aval do coordenador da semana. Laborat\u00f3rios: [&hellip;]<\/p>\n","protected":false},"author":67,"featured_media":0,"parent":0,"menu_order":0,"comment_status":"closed","ping_status":"closed","template":"","meta":{"footnotes":""},"class_list":["post-6757","page","type-page","status-publish","hentry"],"publishpress_future_action":{"enabled":false,"date":"2026-04-15 18:58:56","action":"change-status","newStatus":"draft","terms":[],"taxonomy":"","extraData":[]},"publishpress_future_workflow_manual_trigger":{"enabledWorkflows":[]},"_links":{"self":[{"href":"https:\/\/wp.ufpel.edu.br\/ceng\/wp-json\/wp\/v2\/pages\/6757","targetHints":{"allow":["GET"]}}],"collection":[{"href":"https:\/\/wp.ufpel.edu.br\/ceng\/wp-json\/wp\/v2\/pages"}],"about":[{"href":"https:\/\/wp.ufpel.edu.br\/ceng\/wp-json\/wp\/v2\/types\/page"}],"author":[{"embeddable":true,"href":"https:\/\/wp.ufpel.edu.br\/ceng\/wp-json\/wp\/v2\/users\/67"}],"replies":[{"embeddable":true,"href":"https:\/\/wp.ufpel.edu.br\/ceng\/wp-json\/wp\/v2\/comments?post=6757"}],"version-history":[{"count":7,"href":"https:\/\/wp.ufpel.edu.br\/ceng\/wp-json\/wp\/v2\/pages\/6757\/revisions"}],"predecessor-version":[{"id":11743,"href":"https:\/\/wp.ufpel.edu.br\/ceng\/wp-json\/wp\/v2\/pages\/6757\/revisions\/11743"}],"wp:attachment":[{"href":"https:\/\/wp.ufpel.edu.br\/ceng\/wp-json\/wp\/v2\/media?parent=6757"}],"curies":[{"name":"wp","href":"https:\/\/api.w.org\/{rel}","templated":true}]}}