{"id":6654,"date":"2019-07-07T12:33:04","date_gmt":"2019-07-07T15:33:04","guid":{"rendered":"https:\/\/wp.ufpel.edu.br\/ceng\/?page_id=6654"},"modified":"2019-07-07T12:33:04","modified_gmt":"2019-07-07T15:33:04","slug":"quebra-de-pre-requisito","status":"publish","type":"page","link":"https:\/\/wp.ufpel.edu.br\/ceng\/quebra-de-pre-requisito\/","title":{"rendered":"QUEBRA DE PR\u00c9-REQUISITO"},"content":{"rendered":"<p><a href=\"https:\/\/wp.ufpel.edu.br\/ceng\/files\/2019\/07\/Solicitacao_de_QUEBRA_DE_PRE_REQUISITO_CG.pdf\">Solicita\u00e7\u00e3o_de_QUEBRA_DE_PR\u00c9_REQUISITO<\/a><\/p>\n<p><a href=\"https:\/\/wp.ufpel.edu.br\/ceng\/files\/2019\/07\/Analise_de_Quebra_de_pre_requisito.pdf\">An\u00e1lise_de_QUEBRA DE PR\u00c9 REQUISITO<\/a><\/p>\n<p><a href=\"https:\/\/wp.ufpel.edu.br\/ceng\/files\/2019\/07\/Formulario_para_recurso_de_QUEBRA_DE_PRE_REQUISITO_CG.pdf\">Formul\u00e1rio_para_recurso_de_QUEBRA_DE_PR\u00c9_REQUISITO<\/a><\/p>\n<p><a href=\"https:\/\/wp.ufpel.edu.br\/ceng\/files\/2019\/07\/SEI_UFPel_0557105_Resolucao_12.2019_COCEPE.pdf\">Resolu\u00e7\u00e3o_12.2019_COCEPE\u00a0<\/a><\/p>\n","protected":false},"excerpt":{"rendered":"<p>Solicita\u00e7\u00e3o_de_QUEBRA_DE_PR\u00c9_REQUISITO An\u00e1lise_de_QUEBRA DE PR\u00c9 REQUISITO Formul\u00e1rio_para_recurso_de_QUEBRA_DE_PR\u00c9_REQUISITO Resolu\u00e7\u00e3o_12.2019_COCEPE\u00a0<\/p>\n","protected":false},"author":238,"featured_media":0,"parent":0,"menu_order":0,"comment_status":"closed","ping_status":"closed","template":"","meta":{"footnotes":""},"class_list":["post-6654","page","type-page","status-publish","hentry"],"publishpress_future_action":{"enabled":false,"date":"2026-04-19 22:41:14","action":"change-status","newStatus":"draft","terms":[],"taxonomy":"","extraData":[]},"publishpress_future_workflow_manual_trigger":{"enabledWorkflows":[]},"_links":{"self":[{"href":"https:\/\/wp.ufpel.edu.br\/ceng\/wp-json\/wp\/v2\/pages\/6654","targetHints":{"allow":["GET"]}}],"collection":[{"href":"https:\/\/wp.ufpel.edu.br\/ceng\/wp-json\/wp\/v2\/pages"}],"about":[{"href":"https:\/\/wp.ufpel.edu.br\/ceng\/wp-json\/wp\/v2\/types\/page"}],"author":[{"embeddable":true,"href":"https:\/\/wp.ufpel.edu.br\/ceng\/wp-json\/wp\/v2\/users\/238"}],"replies":[{"embeddable":true,"href":"https:\/\/wp.ufpel.edu.br\/ceng\/wp-json\/wp\/v2\/comments?post=6654"}],"version-history":[{"count":1,"href":"https:\/\/wp.ufpel.edu.br\/ceng\/wp-json\/wp\/v2\/pages\/6654\/revisions"}],"predecessor-version":[{"id":6660,"href":"https:\/\/wp.ufpel.edu.br\/ceng\/wp-json\/wp\/v2\/pages\/6654\/revisions\/6660"}],"wp:attachment":[{"href":"https:\/\/wp.ufpel.edu.br\/ceng\/wp-json\/wp\/v2\/media?parent=6654"}],"curies":[{"name":"wp","href":"https:\/\/api.w.org\/{rel}","templated":true}]}}