{"id":6635,"date":"2019-07-05T08:36:28","date_gmt":"2019-07-05T11:36:28","guid":{"rendered":"https:\/\/wp.ufpel.edu.br\/ceng\/?page_id=6635"},"modified":"2020-09-11T19:07:02","modified_gmt":"2020-09-11T22:07:02","slug":"projetos-integradores","status":"publish","type":"page","link":"https:\/\/wp.ufpel.edu.br\/ceng\/camaras\/extensao\/projetos-integradores\/","title":{"rendered":"Projetos integradores"},"content":{"rendered":"<h3>PROMO\u00c7\u00c3O DAS ATIVIDADES DE EXTENS\u00c3O NO \u00c2MBITO DO CENTRO DE ENGENHARIAS DA UNIVERSIDADE FEDERAL DE PELOTAS<\/h3>\n<p>Convidamos os alunos do CENG a participarem do <strong>Projeto Integradores CENG<\/strong>, o qual visa o desenvolvimento \u00e0s Atividades de Extens\u00e3o. O projeto trabalha com a possibilidade de proposi\u00e7\u00f5es de atividades oriundas do seu corpo discente (alunos), que deem a oportunidade desse conceber, registrar e participar de a\u00e7\u00f5es extensionistas, as quais permitam melhoria das condi\u00e7\u00f5es de vida da comunidade, organiza\u00e7\u00f5es e sociedade geral, promovendo o desenvolvimento regional.<\/p>\n<p><strong>Quem pode participar e propor as a\u00e7\u00f5es?<\/strong><br \/>\nQualquer <strong>aluno ou grupo de alunos<\/strong> matriculado(s) em Curso de gradua\u00e7\u00e3o ou p\u00f3s-gradua\u00e7\u00e3o da unidade <strong>CENG pode propor<\/strong> as a\u00e7\u00f5es.<br \/>\nE <strong>podem participar<\/strong> os alunos da Universidade de qualquer Curso ou Unidade, assim como a comunidade em geral.<\/p>\n<p><strong>Qual a vantagem?<\/strong><br \/>\n<span style=\"color: #0000ff\"><strong>As atividades ser\u00e3o certificadas com a carga hor\u00e1ria de dedica\u00e7\u00e3o \u00e0s a\u00e7\u00f5es!<\/strong><\/span><br \/>\nE principalmente <strong>\u201cFAZER O BEM FAZ BEM\u201d<\/strong>, quem participa das a\u00e7\u00f5es leva o bem a comunidade. Permite ao aluno tomar consci\u00eancia do contexto local e regional, da realidade social e coletiva em que est\u00e1 inserido, entender as suas necessidades, e ter maturidade de como o conhecimento acad\u00eamico adquirido na Universidade P\u00fablica pode retornar a sociedade atrav\u00e9s de atividades pr\u00e1ticas e reais.<\/p>\n<p>Al\u00e9m de possibilitar a integra\u00e7\u00e3o, a combina\u00e7\u00e3o de especializa\u00e7\u00e3o de diversas \u00e1reas e vis\u00e3o hol\u00edstica, o que permite propor m\u00faltiplas possibilidades de transforma\u00e7\u00e3o da sociedade atrav\u00e9s da reprodu\u00e7\u00e3o desse conhecimento por meio da troca de saberes com as comunidades, pela constru\u00e7\u00e3o de alian\u00e7as intersetoriais e interorganizacionais. Porque para se analisar um cen\u00e1rio qualquer, a forma\u00e7\u00e3o para o exerc\u00edcio da cidadania precisa estar fundada em tr\u00eas pilares: \u201co pensamento cr\u00edtico, a cidadania universal e a capacidade imaginativa\u201d (DALBOSCO, 2015).<\/p>\n<p><strong>Avalia\u00e7\u00e3o da Proposta<\/strong><br \/>\nAs propostas ser\u00e3o avaliadas a partir de um formul\u00e1rio online, no qual se anexar\u00e1 a proposta da a\u00e7\u00e3o e uma carta de motiva\u00e7\u00e3o preenchida pelos estudantes. Os representantes da C\u00e2mara de Extens\u00e3o do CENG avaliar\u00e3o a proposta, sendo que ser\u00e3o considerados principalmente a caracteriza\u00e7\u00e3o da a\u00e7\u00e3o extensionista, a intera\u00e7\u00e3o com os cursos do CENG e a viabilidade de execu\u00e7\u00e3o. E as a\u00e7\u00f5es dever\u00e3o seguir as diretrizes da extens\u00e3o universit\u00e1ria adotada pela UFPel. Maiores informa\u00e7\u00f5es est\u00e3o dispon\u00edveis em:<\/p>\n<p><a href=\"https:\/\/wp.ufpel.edu.br\/ceng\/files\/2019\/07\/Edital-Projetos-Integradores.pdf\"><strong>EDITAL 01\/2019 &#8211; PROCESSO DE SELE\u00c7\u00c3O INTERNA &#8211; PROPOSTAS DE A\u00c7\u00d5ES PARA PROJETOS INTEGRADORES CENG &#8211; C\u00c2MARA DE EXTENS\u00c3O CENG\/UFPEL<\/strong><\/a><\/p>\n<div style=\"width: 480px;\" class=\"wp-video\"><video class=\"wp-video-shortcode\" id=\"video-6635-1\" width=\"480\" height=\"320\" preload=\"metadata\" controls=\"controls\"><source type=\"video\/mp4\" src=\"https:\/\/wp.ufpel.edu.br\/ceng\/files\/2020\/09\/Thais-Extensao-Desafio.mp4?_=1\" \/><a href=\"https:\/\/wp.ufpel.edu.br\/ceng\/files\/2020\/09\/Thais-Extensao-Desafio.mp4\">https:\/\/wp.ufpel.edu.br\/ceng\/files\/2020\/09\/Thais-Extensao-Desafio.mp4<\/a><\/video><\/div>\n","protected":false},"excerpt":{"rendered":"<p>PROMO\u00c7\u00c3O DAS ATIVIDADES DE EXTENS\u00c3O NO \u00c2MBITO DO CENTRO DE ENGENHARIAS DA UNIVERSIDADE FEDERAL DE PELOTAS Convidamos os alunos do CENG a participarem do Projeto Integradores CENG, o qual visa o desenvolvimento \u00e0s Atividades de Extens\u00e3o. O projeto trabalha com a possibilidade de proposi\u00e7\u00f5es de atividades oriundas do seu corpo discente (alunos), que deem a [&hellip;]<\/p>\n","protected":false},"author":67,"featured_media":0,"parent":413,"menu_order":0,"comment_status":"closed","ping_status":"closed","template":"","meta":{"footnotes":""},"class_list":["post-6635","page","type-page","status-publish","hentry"],"publishpress_future_action":{"enabled":false,"date":"2026-04-24 08:11:43","action":"change-status","newStatus":"draft","terms":[],"taxonomy":"","extraData":[]},"publishpress_future_workflow_manual_trigger":{"enabledWorkflows":[]},"_links":{"self":[{"href":"https:\/\/wp.ufpel.edu.br\/ceng\/wp-json\/wp\/v2\/pages\/6635","targetHints":{"allow":["GET"]}}],"collection":[{"href":"https:\/\/wp.ufpel.edu.br\/ceng\/wp-json\/wp\/v2\/pages"}],"about":[{"href":"https:\/\/wp.ufpel.edu.br\/ceng\/wp-json\/wp\/v2\/types\/page"}],"author":[{"embeddable":true,"href":"https:\/\/wp.ufpel.edu.br\/ceng\/wp-json\/wp\/v2\/users\/67"}],"replies":[{"embeddable":true,"href":"https:\/\/wp.ufpel.edu.br\/ceng\/wp-json\/wp\/v2\/comments?post=6635"}],"version-history":[{"count":5,"href":"https:\/\/wp.ufpel.edu.br\/ceng\/wp-json\/wp\/v2\/pages\/6635\/revisions"}],"predecessor-version":[{"id":8868,"href":"https:\/\/wp.ufpel.edu.br\/ceng\/wp-json\/wp\/v2\/pages\/6635\/revisions\/8868"}],"up":[{"embeddable":true,"href":"https:\/\/wp.ufpel.edu.br\/ceng\/wp-json\/wp\/v2\/pages\/413"}],"wp:attachment":[{"href":"https:\/\/wp.ufpel.edu.br\/ceng\/wp-json\/wp\/v2\/media?parent=6635"}],"curies":[{"name":"wp","href":"https:\/\/api.w.org\/{rel}","templated":true}]}}