{"id":6617,"date":"2019-07-03T08:52:51","date_gmt":"2019-07-03T11:52:51","guid":{"rendered":"https:\/\/wp.ufpel.edu.br\/ceng\/?page_id=6617"},"modified":"2019-10-16T18:01:06","modified_gmt":"2019-10-16T21:01:06","slug":"monitorias","status":"publish","type":"page","link":"https:\/\/wp.ufpel.edu.br\/ceng\/monitorias\/","title":{"rendered":"Monitorias"},"content":{"rendered":"<h3>Hor\u00e1rios e salas dos Monitores &#8211; CEng &#8211; 2019:<\/h3>\n<p><a href=\"https:\/\/docs.google.com\/document\/d\/16YZG3QvFDpAFzyE3lCENAkT8E2gu4NQfb0qU2BZcI38\/edit?usp=sharing\">Monitorias 2019 (Geral)<\/a><\/p>\n<p><a href=\"https:\/\/docs.google.com\/spreadsheets\/d\/1wf9wCe1xN8ZlLLP0PFJA2OVci8TI7zbbf8MDtYCKnbw\/edit?usp=sharing\">Monitorias 2019 (Matem\u00e1tica)<\/a><\/p>\n<p><a href=\"https:\/\/wp.ufpel.edu.br\/ceng\/files\/2019\/10\/Hor\u00e1rio-Monitoria-2019-2-Desenho-e-GD.pdf\">Hor\u00e1rio Monitoria-2019-2 Desenho e GD<\/a><\/p>\n","protected":false},"excerpt":{"rendered":"<p>Hor\u00e1rios e salas dos Monitores &#8211; CEng &#8211; 2019: Monitorias 2019 (Geral) Monitorias 2019 (Matem\u00e1tica) Hor\u00e1rio Monitoria-2019-2 Desenho e GD<\/p>\n","protected":false},"author":67,"featured_media":0,"parent":0,"menu_order":0,"comment_status":"closed","ping_status":"closed","template":"","meta":{"footnotes":""},"class_list":["post-6617","page","type-page","status-publish","hentry"],"publishpress_future_action":{"enabled":false,"date":"2026-04-19 13:23:13","action":"change-status","newStatus":"draft","terms":[],"taxonomy":"","extraData":[]},"publishpress_future_workflow_manual_trigger":{"enabledWorkflows":[]},"_links":{"self":[{"href":"https:\/\/wp.ufpel.edu.br\/ceng\/wp-json\/wp\/v2\/pages\/6617","targetHints":{"allow":["GET"]}}],"collection":[{"href":"https:\/\/wp.ufpel.edu.br\/ceng\/wp-json\/wp\/v2\/pages"}],"about":[{"href":"https:\/\/wp.ufpel.edu.br\/ceng\/wp-json\/wp\/v2\/types\/page"}],"author":[{"embeddable":true,"href":"https:\/\/wp.ufpel.edu.br\/ceng\/wp-json\/wp\/v2\/users\/67"}],"replies":[{"embeddable":true,"href":"https:\/\/wp.ufpel.edu.br\/ceng\/wp-json\/wp\/v2\/comments?post=6617"}],"version-history":[{"count":4,"href":"https:\/\/wp.ufpel.edu.br\/ceng\/wp-json\/wp\/v2\/pages\/6617\/revisions"}],"predecessor-version":[{"id":7456,"href":"https:\/\/wp.ufpel.edu.br\/ceng\/wp-json\/wp\/v2\/pages\/6617\/revisions\/7456"}],"wp:attachment":[{"href":"https:\/\/wp.ufpel.edu.br\/ceng\/wp-json\/wp\/v2\/media?parent=6617"}],"curies":[{"name":"wp","href":"https:\/\/api.w.org\/{rel}","templated":true}]}}