{"id":6532,"date":"2019-06-24T14:26:49","date_gmt":"2019-06-24T17:26:49","guid":{"rendered":"https:\/\/wp.ufpel.edu.br\/ceng\/?page_id=6532"},"modified":"2023-01-27T10:17:38","modified_gmt":"2023-01-27T13:17:38","slug":"manutencao-e-materiais","status":"publish","type":"page","link":"https:\/\/wp.ufpel.edu.br\/ceng\/manutencao-e-materiais\/","title":{"rendered":"Manuten\u00e7\u00e3o e materiais"},"content":{"rendered":"<p><span style=\"font-size: 14pt\"><strong>Nas depend\u00eancias do Centro de Engenharias:<\/strong><\/span><\/p>\n<p>A solicita\u00e7\u00e3o deve ser feita via e-mail, para <a href=\"viniciusmunoz.ceng@gmail.com\">viniciusmunoz.ceng@gmail.com<\/a>, informando os seguintes dados:<\/p>\n<p>\u2013 Servidor Respons\u00e1vel.<br \/>\n\u2013 telefone para contato.<br \/>\n\u2013 pr\u00e9dio\/sala da manuten\u00e7\u00e3o ou conserto.<br \/>\n\u2013 Descri\u00e7\u00e3o\/Justificativa detalhada da manuten\u00e7\u00e3o ou conserto.<\/p>\n<p>A partir destes dados a solicita\u00e7\u00e3o ser\u00e1 feita via Cobalto, pelo Engenheiro da unidade.<\/p>\n<p>O servidor respons\u00e1vel poder\u00e1, com o n\u00famero da ordem de servi\u00e7o (OS) que receber\u00e1 por e-mail, acompanhar pelo Cobalto (Infraestrutura &gt; Cadastro &gt; Manuten\u00e7\u00e3o \u2013 Solicita\u00e7\u00f5es) o andamento da sua solicita\u00e7\u00e3o.<\/p>\n<p>D\u00favidas podem ser verificadas no telefone:<br \/>\nCEng &#8211; Vinicius Mu\u00f1oz: 3284-1706<br \/>\nSUINFRA &#8211; Cl\u00e1udio: 3284-3910<\/p>\n<p><strong><span style=\"font-size: 14pt\">Manuten\u00e7\u00e3o de salas ou audit\u00f3rios gerenciados pela SACE:<\/span><\/strong><\/p>\n<p>Qualquer usu\u00e1rio, inclusive discente, pode enviar e-mail para <b><i><a href=\"mailto:manutencao.sace@gmail.com\" target=\"_blank\" rel=\"noopener noreferrer\">manutencao.sace@gmail.com<\/a><\/i><\/b> explicando o problema e solicitando a manuten\u00e7\u00e3o.<\/p>\n<p><strong>Importante<\/strong>: As salas dos pr\u00e9dios da Cotada\/Conde de Porto Alegre gerenciadas pela SACE s\u00e3o as seguintes:<\/p>\n<p>Cotada &#8211; 303, A312, A313, 403, 700, 702, 800.<\/p>\n<p>Conde de Porto Alegre (Madeireira): 001, 002, 003, 004.<\/p>\n<p><span style=\"font-size: 14pt\"><b>Reclama\u00e7\u00f5es sobre a qualidade de material <\/b><strong>disponibilizado:<\/strong><\/span><\/p>\n<p>Deve-se enviar <i>e-mail\u00a0<\/i>para\u00a0<i><b><a href=\"mailto:cmp@ufpel.edu.br\" target=\"_blank\" rel=\"noopener noreferrer\">cmp@ufpel.edu.br<\/a>\u00a0<\/b><\/i>com o t\u00edtulo Reclama\u00e7\u00e3o de material, informando qual o material, marca e detalhar o problema ou defeito apresentado. H\u00e1 um telefone dispon\u00edvel para esclarecimentos (3284 3926).<\/p>\n","protected":false},"excerpt":{"rendered":"<p>Nas depend\u00eancias do Centro de Engenharias: A solicita\u00e7\u00e3o deve ser feita via e-mail, para viniciusmunoz.ceng@gmail.com, informando os seguintes dados: \u2013 Servidor Respons\u00e1vel. \u2013 telefone para contato. \u2013 pr\u00e9dio\/sala da manuten\u00e7\u00e3o ou conserto. \u2013 Descri\u00e7\u00e3o\/Justificativa detalhada da manuten\u00e7\u00e3o ou conserto. A partir destes dados a solicita\u00e7\u00e3o ser\u00e1 feita via Cobalto, pelo Engenheiro da unidade. O servidor [&hellip;]<\/p>\n","protected":false},"author":67,"featured_media":0,"parent":0,"menu_order":0,"comment_status":"closed","ping_status":"closed","template":"","meta":{"footnotes":""},"class_list":["post-6532","page","type-page","status-publish","hentry"],"publishpress_future_action":{"enabled":false,"date":"2026-04-13 18:48:08","action":"change-status","newStatus":"draft","terms":[],"taxonomy":"","extraData":[]},"publishpress_future_workflow_manual_trigger":{"enabledWorkflows":[]},"_links":{"self":[{"href":"https:\/\/wp.ufpel.edu.br\/ceng\/wp-json\/wp\/v2\/pages\/6532","targetHints":{"allow":["GET"]}}],"collection":[{"href":"https:\/\/wp.ufpel.edu.br\/ceng\/wp-json\/wp\/v2\/pages"}],"about":[{"href":"https:\/\/wp.ufpel.edu.br\/ceng\/wp-json\/wp\/v2\/types\/page"}],"author":[{"embeddable":true,"href":"https:\/\/wp.ufpel.edu.br\/ceng\/wp-json\/wp\/v2\/users\/67"}],"replies":[{"embeddable":true,"href":"https:\/\/wp.ufpel.edu.br\/ceng\/wp-json\/wp\/v2\/comments?post=6532"}],"version-history":[{"count":8,"href":"https:\/\/wp.ufpel.edu.br\/ceng\/wp-json\/wp\/v2\/pages\/6532\/revisions"}],"predecessor-version":[{"id":10875,"href":"https:\/\/wp.ufpel.edu.br\/ceng\/wp-json\/wp\/v2\/pages\/6532\/revisions\/10875"}],"wp:attachment":[{"href":"https:\/\/wp.ufpel.edu.br\/ceng\/wp-json\/wp\/v2\/media?parent=6532"}],"curies":[{"name":"wp","href":"https:\/\/api.w.org\/{rel}","templated":true}]}}