{"id":5334,"date":"2019-04-18T15:03:42","date_gmt":"2019-04-18T18:03:42","guid":{"rendered":"https:\/\/wp.ufpel.edu.br\/ceng\/?page_id=5334"},"modified":"2020-10-09T16:40:58","modified_gmt":"2020-10-09T19:40:58","slug":"orcamento","status":"publish","type":"page","link":"https:\/\/wp.ufpel.edu.br\/ceng\/orcamento\/","title":{"rendered":"Or\u00e7amento"},"content":{"rendered":"<p>Or\u00e7amento Anual 2020 do Centro de Engenharias, definido e aprovado em reuni\u00f5es do Conselho desta Unidade Acad\u00eamica, conforme atas n\u00ba ATA N\u00ba 02\/2020 &#8211; CCE; ATA N\u00ba 04\/2020 &#8211; CCE; ATA N\u00b0 09\/2020 &#8211; CCE; ATA N\u00ba 11\/2020 &#8211; CCE (dispon\u00edveis <a href=\"https:\/\/wp.ufpel.edu.br\/ceng\/conselho\/atas\/\">nesta p\u00e1gina<\/a>).<\/p>\n<p>O processo\u00a023110.000254\/2020-38, que trata sobre o assunto est\u00e1 dispon\u00edvel no SEI.<\/p>\n<p><strong>Prazos para execu\u00e7\u00e3o or\u00e7ament\u00e1ria 2020<\/strong> &#8211; <a href=\"https:\/\/wp.ufpel.edu.br\/ceng\/files\/2020\/10\/MemoCircular-10-SOR-Prazos-para-execucao-orcamentaria-2020.pdf\">MemoCircular 10 SOR Prazos para execu\u00e7\u00e3o or\u00e7ament\u00e1ria 2020<\/a><\/p>\n<p>Os recursos or\u00e7ament\u00e1rios s\u00e3o disponibilizados pela Superintend\u00eancia de\u00a0Or\u00e7amento\u00a0e Gest\u00e3o de Recursos (SOR\/PROPLAN) para as respectivas UGRs, ao longo de cada exerc\u00edcio, a partir de certas demandas e crit\u00e9rios pr\u00e9-definidos. Uma vez que o recurso fica dispon\u00edvel para uma dada UGR, \u00e9 de responsabilidade do dirigente da respectiva unidade a gest\u00e3o e o acompanhamento da execu\u00e7\u00e3o or\u00e7ament\u00e1ria do recurso. Dessa forma, todas as opera\u00e7\u00f5es or\u00e7ament\u00e1rias devem ser autorizadas pelo gestor (dirigente) da respectiva UGR, o qual deve manter registro de suas solicita\u00e7\u00f5es. Aten\u00e7\u00e3o especial deve ser dada pelos gestores em rela\u00e7\u00e3o \u00e0s normas e prazos estabelecidos pela SOR\/PROPLAN para a execu\u00e7\u00e3o or\u00e7ament\u00e1ria, os quais s\u00e3o informados a todas as unidades via sistema SEI.<\/p>\n","protected":false},"excerpt":{"rendered":"<p>Or\u00e7amento Anual 2020 do Centro de Engenharias, definido e aprovado em reuni\u00f5es do Conselho desta Unidade Acad\u00eamica, conforme atas n\u00ba ATA N\u00ba 02\/2020 &#8211; CCE; ATA N\u00ba 04\/2020 &#8211; CCE; ATA N\u00b0 09\/2020 &#8211; CCE; ATA N\u00ba 11\/2020 &#8211; CCE (dispon\u00edveis nesta p\u00e1gina). O processo\u00a023110.000254\/2020-38, que trata sobre o assunto est\u00e1 dispon\u00edvel no SEI. Prazos [&hellip;]<\/p>\n","protected":false},"author":67,"featured_media":0,"parent":0,"menu_order":0,"comment_status":"closed","ping_status":"closed","template":"","meta":{"footnotes":""},"class_list":["post-5334","page","type-page","status-publish","hentry"],"publishpress_future_action":{"enabled":false,"date":"2026-04-13 18:13:07","action":"change-status","newStatus":"draft","terms":[],"taxonomy":"","extraData":[]},"publishpress_future_workflow_manual_trigger":{"enabledWorkflows":[]},"_links":{"self":[{"href":"https:\/\/wp.ufpel.edu.br\/ceng\/wp-json\/wp\/v2\/pages\/5334","targetHints":{"allow":["GET"]}}],"collection":[{"href":"https:\/\/wp.ufpel.edu.br\/ceng\/wp-json\/wp\/v2\/pages"}],"about":[{"href":"https:\/\/wp.ufpel.edu.br\/ceng\/wp-json\/wp\/v2\/types\/page"}],"author":[{"embeddable":true,"href":"https:\/\/wp.ufpel.edu.br\/ceng\/wp-json\/wp\/v2\/users\/67"}],"replies":[{"embeddable":true,"href":"https:\/\/wp.ufpel.edu.br\/ceng\/wp-json\/wp\/v2\/comments?post=5334"}],"version-history":[{"count":6,"href":"https:\/\/wp.ufpel.edu.br\/ceng\/wp-json\/wp\/v2\/pages\/5334\/revisions"}],"predecessor-version":[{"id":9000,"href":"https:\/\/wp.ufpel.edu.br\/ceng\/wp-json\/wp\/v2\/pages\/5334\/revisions\/9000"}],"wp:attachment":[{"href":"https:\/\/wp.ufpel.edu.br\/ceng\/wp-json\/wp\/v2\/media?parent=5334"}],"curies":[{"name":"wp","href":"https:\/\/api.w.org\/{rel}","templated":true}]}}