{"id":5215,"date":"2019-03-27T09:50:50","date_gmt":"2019-03-27T12:50:50","guid":{"rendered":"https:\/\/wp.ufpel.edu.br\/ceng\/?page_id=5215"},"modified":"2026-03-23T19:47:35","modified_gmt":"2026-03-23T22:47:35","slug":"salas-alfandega","status":"publish","type":"page","link":"https:\/\/wp.ufpel.edu.br\/ceng\/salas-alfandega\/","title":{"rendered":"Alf\u00e2ndega"},"content":{"rendered":"<p>Para agendamentos das salas do pr\u00e9dio da Alf\u00e2ndega, deve ser enviado e-mail ao servidor Ricardo Arduin &lt;egpufpel@gmail.com&gt;.<\/p>\n<p>Salas 2026\/1 <a href=\"https:\/\/wp.ufpel.edu.br\/ceng\/files\/2026\/03\/Salas-Alfandega-2026_1.pdf\">Salas Alfandega 2026_1<\/a><\/p>\n<p>Salas 2025\/1 : <a href=\"https:\/\/docs.google.com\/document\/d\/1GmcpBDm5W9lHy6p2E3__NpZx2_sr4ms7\/edit?usp=sharing&amp;ouid=102660781963960716232&amp;rtpof=true&amp;sd=true\">Salas Pr\u00e9dio Alf\u00e2ndega 2025\/1<\/a><\/p>\n<p>Salas 2024\/2 :\u00a0<a href=\"https:\/\/docs.google.com\/document\/d\/1w0J4QCiyxR_SE4JEQrPq65UDzFq7N1xn\/edit?usp=sharing&amp;ouid=103006360037569122530&amp;rtpof=true&amp;sd=true\">Salas Pr\u00e9dio Alf\u00e2ndega 2024\/2<\/a><\/p>\n<p>Salas 2024\/1 :\u00a0<a href=\"https:\/\/docs.google.com\/document\/d\/1OPcdy3ZYDqWNx3WSYFXpaR-QPGS33bbD\/edit#heading=h.gjdgxs\">Salas Pr\u00e9dio Alf\u00e2ndega 2024\/1<\/a><\/p>\n<p><a href=\"https:\/\/docs.google.com\/document\/d\/e\/2PACX-1vSeMEc2GpEiwHY-NpAiTlnIikCB3kTiAXiyVTYPd_t5i1JLg8Z4vsMQYDM0E3Ry5g\/pub\">Salas 2023 \/ 2<\/a><\/p>\n<p>[googleapps domain=&#8221;docs&#8221; dir=&#8221;document\/d\/e\/2PACX-1vSeMEc2GpEiwHY-NpAiTlnIikCB3kTiAXiyVTYPd_t5i1JLg8Z4vsMQYDM0E3Ry5g\/pub&#8221; query=&#8221;embedded=true&#8221; \/]<\/p>\n","protected":false},"excerpt":{"rendered":"<p>Para agendamentos das salas do pr\u00e9dio da Alf\u00e2ndega, deve ser enviado e-mail ao servidor Ricardo Arduin &lt;egpufpel@gmail.com&gt;. Salas 2026\/1 Salas Alfandega 2026_1 Salas 2025\/1 : Salas Pr\u00e9dio Alf\u00e2ndega 2025\/1 Salas 2024\/2 :\u00a0Salas Pr\u00e9dio Alf\u00e2ndega 2024\/2 Salas 2024\/1 :\u00a0Salas Pr\u00e9dio Alf\u00e2ndega 2024\/1 Salas 2023 \/ 2 [googleapps domain=&#8221;docs&#8221; dir=&#8221;document\/d\/e\/2PACX-1vSeMEc2GpEiwHY-NpAiTlnIikCB3kTiAXiyVTYPd_t5i1JLg8Z4vsMQYDM0E3Ry5g\/pub&#8221; query=&#8221;embedded=true&#8221; \/]<\/p>\n","protected":false},"author":67,"featured_media":0,"parent":0,"menu_order":0,"comment_status":"closed","ping_status":"closed","template":"","meta":{"footnotes":""},"class_list":["post-5215","page","type-page","status-publish","hentry"],"publishpress_future_action":{"enabled":false,"date":"2026-04-19 17:13:44","action":"change-status","newStatus":"draft","terms":[],"taxonomy":"","extraData":[]},"publishpress_future_workflow_manual_trigger":{"enabledWorkflows":[]},"_links":{"self":[{"href":"https:\/\/wp.ufpel.edu.br\/ceng\/wp-json\/wp\/v2\/pages\/5215","targetHints":{"allow":["GET"]}}],"collection":[{"href":"https:\/\/wp.ufpel.edu.br\/ceng\/wp-json\/wp\/v2\/pages"}],"about":[{"href":"https:\/\/wp.ufpel.edu.br\/ceng\/wp-json\/wp\/v2\/types\/page"}],"author":[{"embeddable":true,"href":"https:\/\/wp.ufpel.edu.br\/ceng\/wp-json\/wp\/v2\/users\/67"}],"replies":[{"embeddable":true,"href":"https:\/\/wp.ufpel.edu.br\/ceng\/wp-json\/wp\/v2\/comments?post=5215"}],"version-history":[{"count":3,"href":"https:\/\/wp.ufpel.edu.br\/ceng\/wp-json\/wp\/v2\/pages\/5215\/revisions"}],"predecessor-version":[{"id":12611,"href":"https:\/\/wp.ufpel.edu.br\/ceng\/wp-json\/wp\/v2\/pages\/5215\/revisions\/12611"}],"wp:attachment":[{"href":"https:\/\/wp.ufpel.edu.br\/ceng\/wp-json\/wp\/v2\/media?parent=5215"}],"curies":[{"name":"wp","href":"https:\/\/api.w.org\/{rel}","templated":true}]}}