{"id":5177,"date":"2019-03-21T14:13:20","date_gmt":"2019-03-21T17:13:20","guid":{"rendered":"https:\/\/wp.ufpel.edu.br\/ceng\/?page_id=5177"},"modified":"2019-03-21T15:59:37","modified_gmt":"2019-03-21T18:59:37","slug":"plano-de-gerenciamento-de-residuos-perigosos","status":"publish","type":"page","link":"https:\/\/wp.ufpel.edu.br\/ceng\/plano-de-gerenciamento-de-residuos-perigosos\/","title":{"rendered":"Plano de Gerenciamento de Res\u00edduos Perigosos"},"content":{"rendered":"<p>Em cumprimento a demanda institucional do N\u00facleo de Planejamento Ambiental da UFPel, a Comiss\u00e3o respons\u00e1vel pela elabora\u00e7\u00e3o do Plano de Gerenciamento de Res\u00edduos Perigosos (PGRP) do Centro de Engenharias, nomeada pela Dire\u00e7\u00e3o, conforme <a href=\"https:\/\/wp.ufpel.edu.br\/ceng\/files\/2019\/03\/SEI_UFPel-0321340-Portaria-Interna-55_2018.pdf\">Portaria Interna 55\/2018<\/a>, solicita aos respons\u00e1veis pelos laborat\u00f3rios do Centro de Engenharias que preencham o PGRP (Anexo 1 \u2013 <a href=\"https:\/\/wp.ufpel.edu.br\/ceng\/files\/2019\/03\/Modelo-MANUAL-PGPR-2019.doc\">Modelo de Plano de Gerenciamento de Res\u00edduos Perigosos<\/a>).<\/p>\n<p>Encaminhar o PGRP via Processo SEI atrav\u00e9s de Memorando solicitando aprecia\u00e7\u00e3o da Comiss\u00e3o, atribu\u00eddo ao membro (Servidor Gabriel Afonso Martins).<\/p>\n<p>D\u00favidas entrar em contato com o E-mail da Comiss\u00e3o: <a href=\"mailto:comissaoresiduosceng@gmail.com\">comissaoresiduosceng@gmail.com<\/a><\/p>\n<p><strong>Prazo de Entrega do PGRP: 29\/04\/2019.<\/strong><\/p>\n<p>A Comiss\u00e3o informa tamb\u00e9m que deve ser utilizado o seguinte modelo de r\u00f3tulo para o acondicionamento dos res\u00edduos:\u00a0<a href=\"https:\/\/wp.ufpel.edu.br\/ceng\/files\/2019\/03\/R\u00f3tulo-Res\u00edduos-L\u00edquidos-UFPEL.docx\">R\u00f3tulos<\/a><\/p>\n<p>&nbsp;<\/p>\n","protected":false},"excerpt":{"rendered":"<p>Em cumprimento a demanda institucional do N\u00facleo de Planejamento Ambiental da UFPel, a Comiss\u00e3o respons\u00e1vel pela elabora\u00e7\u00e3o do Plano de Gerenciamento de Res\u00edduos Perigosos (PGRP) do Centro de Engenharias, nomeada pela Dire\u00e7\u00e3o, conforme Portaria Interna 55\/2018, solicita aos respons\u00e1veis pelos laborat\u00f3rios do Centro de Engenharias que preencham o PGRP (Anexo 1 \u2013 Modelo de Plano [&hellip;]<\/p>\n","protected":false},"author":67,"featured_media":0,"parent":0,"menu_order":0,"comment_status":"closed","ping_status":"closed","template":"","meta":{"footnotes":""},"class_list":["post-5177","page","type-page","status-publish","hentry"],"publishpress_future_action":{"enabled":false,"date":"2026-04-20 00:51:51","action":"change-status","newStatus":"draft","terms":[],"taxonomy":"","extraData":[]},"publishpress_future_workflow_manual_trigger":{"enabledWorkflows":[]},"_links":{"self":[{"href":"https:\/\/wp.ufpel.edu.br\/ceng\/wp-json\/wp\/v2\/pages\/5177","targetHints":{"allow":["GET"]}}],"collection":[{"href":"https:\/\/wp.ufpel.edu.br\/ceng\/wp-json\/wp\/v2\/pages"}],"about":[{"href":"https:\/\/wp.ufpel.edu.br\/ceng\/wp-json\/wp\/v2\/types\/page"}],"author":[{"embeddable":true,"href":"https:\/\/wp.ufpel.edu.br\/ceng\/wp-json\/wp\/v2\/users\/67"}],"replies":[{"embeddable":true,"href":"https:\/\/wp.ufpel.edu.br\/ceng\/wp-json\/wp\/v2\/comments?post=5177"}],"version-history":[{"count":6,"href":"https:\/\/wp.ufpel.edu.br\/ceng\/wp-json\/wp\/v2\/pages\/5177\/revisions"}],"predecessor-version":[{"id":5189,"href":"https:\/\/wp.ufpel.edu.br\/ceng\/wp-json\/wp\/v2\/pages\/5177\/revisions\/5189"}],"wp:attachment":[{"href":"https:\/\/wp.ufpel.edu.br\/ceng\/wp-json\/wp\/v2\/media?parent=5177"}],"curies":[{"name":"wp","href":"https:\/\/api.w.org\/{rel}","templated":true}]}}