{"id":3581,"date":"2018-05-14T13:33:07","date_gmt":"2018-05-14T16:33:07","guid":{"rendered":"https:\/\/wp.ufpel.edu.br\/ceng\/?page_id=3581"},"modified":"2019-11-01T10:46:56","modified_gmt":"2019-11-01T13:46:56","slug":"afastamentos","status":"publish","type":"page","link":"https:\/\/wp.ufpel.edu.br\/ceng\/afastamentos\/","title":{"rendered":"Afastamentos para P\u00f3s-Gradua\u00e7\u00e3o e Capacita\u00e7\u00e3o"},"content":{"rendered":"<p>Diretrizes para Afastamentos do Centro de Engenharias &#8211; aprovado em reuni\u00e3o do CCE em 14\/12\/2018, conforme Ata\u00a0n\u00ba 20\/2018 0396809, item 9.1<\/p>\n<p><a href=\"https:\/\/wp.ufpel.edu.br\/ceng\/files\/2018\/12\/Diretrizes-Afastamento-CEng.pdf\">Diretrizes Afastamento CEng<\/a><\/p>\n<p>&nbsp;<\/p>\n<p>Plano Plurianual do Centro de Engenharias &#8211; aprovado em reuni\u00e3o do CCE em 14\/12\/2018, conforme Ata n\u00ba 20\/2018 0396809, item 9.2, com inclus\u00f5es aprovadas nas atas n\u00ba 20\/2019 0725258, item 7.1 e n\u00ba 22\/2019 0742291, itens 13 e 14<\/p>\n<p><a href=\"https:\/\/wp.ufpel.edu.br\/ceng\/files\/2019\/11\/Plano-Plurianual-CEng_atualizado.pdf\">Plano Plurianual CEng_atualizado<\/a><\/p>\n","protected":false},"excerpt":{"rendered":"<p>Diretrizes para Afastamentos do Centro de Engenharias &#8211; aprovado em reuni\u00e3o do CCE em 14\/12\/2018, conforme Ata\u00a0n\u00ba 20\/2018 0396809, item 9.1 Diretrizes Afastamento CEng &nbsp; Plano Plurianual do Centro de Engenharias &#8211; aprovado em reuni\u00e3o do CCE em 14\/12\/2018, conforme Ata n\u00ba 20\/2018 0396809, item 9.2, com inclus\u00f5es aprovadas nas atas n\u00ba 20\/2019 0725258, item [&hellip;]<\/p>\n","protected":false},"author":67,"featured_media":0,"parent":0,"menu_order":0,"comment_status":"closed","ping_status":"closed","template":"","meta":{"footnotes":""},"class_list":["post-3581","page","type-page","status-publish","hentry"],"publishpress_future_action":{"enabled":false,"date":"2026-04-13 08:09:13","action":"change-status","newStatus":"draft","terms":[],"taxonomy":"","extraData":[]},"publishpress_future_workflow_manual_trigger":{"enabledWorkflows":[]},"_links":{"self":[{"href":"https:\/\/wp.ufpel.edu.br\/ceng\/wp-json\/wp\/v2\/pages\/3581","targetHints":{"allow":["GET"]}}],"collection":[{"href":"https:\/\/wp.ufpel.edu.br\/ceng\/wp-json\/wp\/v2\/pages"}],"about":[{"href":"https:\/\/wp.ufpel.edu.br\/ceng\/wp-json\/wp\/v2\/types\/page"}],"author":[{"embeddable":true,"href":"https:\/\/wp.ufpel.edu.br\/ceng\/wp-json\/wp\/v2\/users\/67"}],"replies":[{"embeddable":true,"href":"https:\/\/wp.ufpel.edu.br\/ceng\/wp-json\/wp\/v2\/comments?post=3581"}],"version-history":[{"count":9,"href":"https:\/\/wp.ufpel.edu.br\/ceng\/wp-json\/wp\/v2\/pages\/3581\/revisions"}],"predecessor-version":[{"id":7570,"href":"https:\/\/wp.ufpel.edu.br\/ceng\/wp-json\/wp\/v2\/pages\/3581\/revisions\/7570"}],"wp:attachment":[{"href":"https:\/\/wp.ufpel.edu.br\/ceng\/wp-json\/wp\/v2\/media?parent=3581"}],"curies":[{"name":"wp","href":"https:\/\/api.w.org\/{rel}","templated":true}]}}