{"id":3371,"date":"2018-04-19T09:54:13","date_gmt":"2018-04-19T12:54:13","guid":{"rendered":"https:\/\/wp.ufpel.edu.br\/ceng\/?page_id=3371"},"modified":"2018-09-18T11:00:36","modified_gmt":"2018-09-18T14:00:36","slug":"regimento-extensao","status":"publish","type":"page","link":"https:\/\/wp.ufpel.edu.br\/ceng\/camaras\/extensao\/regimento-extensao\/","title":{"rendered":"Regimento"},"content":{"rendered":"<p><a href=\"https:\/\/wp.ufpel.edu.br\/ceng\/files\/2018\/04\/Regimento-Interno-C\u00e2mara-de-Extens\u00e3o-com-altera\u00e7\u00f5es-Conselho-CENG.pdf\">Regimento Interno C\u00e2mara de Extens\u00e3o<\/a>\u00a0&#8211; aprovado pelo COCEPE em 14\/09\/2018.<\/p>\n","protected":false},"excerpt":{"rendered":"<p>Regimento Interno C\u00e2mara de Extens\u00e3o\u00a0&#8211; aprovado pelo COCEPE em 14\/09\/2018.<\/p>\n","protected":false},"author":67,"featured_media":0,"parent":413,"menu_order":0,"comment_status":"closed","ping_status":"closed","template":"","meta":{"footnotes":""},"class_list":["post-3371","page","type-page","status-publish","hentry"],"publishpress_future_action":{"enabled":false,"date":"2026-04-14 09:11:54","action":"change-status","newStatus":"draft","terms":[],"taxonomy":"","extraData":[]},"publishpress_future_workflow_manual_trigger":{"enabledWorkflows":[]},"_links":{"self":[{"href":"https:\/\/wp.ufpel.edu.br\/ceng\/wp-json\/wp\/v2\/pages\/3371","targetHints":{"allow":["GET"]}}],"collection":[{"href":"https:\/\/wp.ufpel.edu.br\/ceng\/wp-json\/wp\/v2\/pages"}],"about":[{"href":"https:\/\/wp.ufpel.edu.br\/ceng\/wp-json\/wp\/v2\/types\/page"}],"author":[{"embeddable":true,"href":"https:\/\/wp.ufpel.edu.br\/ceng\/wp-json\/wp\/v2\/users\/67"}],"replies":[{"embeddable":true,"href":"https:\/\/wp.ufpel.edu.br\/ceng\/wp-json\/wp\/v2\/comments?post=3371"}],"version-history":[{"count":2,"href":"https:\/\/wp.ufpel.edu.br\/ceng\/wp-json\/wp\/v2\/pages\/3371\/revisions"}],"predecessor-version":[{"id":4376,"href":"https:\/\/wp.ufpel.edu.br\/ceng\/wp-json\/wp\/v2\/pages\/3371\/revisions\/4376"}],"up":[{"embeddable":true,"href":"https:\/\/wp.ufpel.edu.br\/ceng\/wp-json\/wp\/v2\/pages\/413"}],"wp:attachment":[{"href":"https:\/\/wp.ufpel.edu.br\/ceng\/wp-json\/wp\/v2\/media?parent=3371"}],"curies":[{"name":"wp","href":"https:\/\/api.w.org\/{rel}","templated":true}]}}