{"id":3195,"date":"2018-04-01T09:52:30","date_gmt":"2018-04-01T12:52:30","guid":{"rendered":"https:\/\/wp.ufpel.edu.br\/ceng\/?page_id=3195"},"modified":"2020-03-09T16:01:44","modified_gmt":"2020-03-09T19:01:44","slug":"horarios-2","status":"publish","type":"page","link":"https:\/\/wp.ufpel.edu.br\/ceng\/horarios-2\/","title":{"rendered":"Hor\u00e1rios"},"content":{"rendered":"<p>Os hor\u00e1rios dos cursos de gradua\u00e7\u00e3o do CEng encontram-se no link abaixo:<a href=\"https:\/\/wp.ufpel.edu.br\/ceng\/files\/2018\/04\/images.png\"><img class=\"wp-image-3198 alignleft\" src=\"https:\/\/wp.ufpel.edu.br\/ceng\/files\/2018\/04\/images.png\" alt=\"\" width=\"115\" height=\"112\" \/><\/a><\/p>\n<p><a href=\"https:\/\/drive.google.com\/drive\/folders\/1sqzm-yzPrOvKfzJJrIUel-wknv3e-QhY?usp=sharing\">Hor\u00e1rios 2020\/1<\/a><\/p>\n","protected":false},"excerpt":{"rendered":"<p>Os hor\u00e1rios dos cursos de gradua\u00e7\u00e3o do CEng encontram-se no link abaixo: Hor\u00e1rios 2020\/1<\/p>\n","protected":false},"author":67,"featured_media":0,"parent":0,"menu_order":0,"comment_status":"closed","ping_status":"closed","template":"","meta":{"footnotes":""},"class_list":["post-3195","page","type-page","status-publish","hentry"],"publishpress_future_action":{"enabled":false,"date":"2026-04-15 07:37:26","action":"change-status","newStatus":"draft","terms":[],"taxonomy":"","extraData":[]},"publishpress_future_workflow_manual_trigger":{"enabledWorkflows":[]},"_links":{"self":[{"href":"https:\/\/wp.ufpel.edu.br\/ceng\/wp-json\/wp\/v2\/pages\/3195","targetHints":{"allow":["GET"]}}],"collection":[{"href":"https:\/\/wp.ufpel.edu.br\/ceng\/wp-json\/wp\/v2\/pages"}],"about":[{"href":"https:\/\/wp.ufpel.edu.br\/ceng\/wp-json\/wp\/v2\/types\/page"}],"author":[{"embeddable":true,"href":"https:\/\/wp.ufpel.edu.br\/ceng\/wp-json\/wp\/v2\/users\/67"}],"replies":[{"embeddable":true,"href":"https:\/\/wp.ufpel.edu.br\/ceng\/wp-json\/wp\/v2\/comments?post=3195"}],"version-history":[{"count":11,"href":"https:\/\/wp.ufpel.edu.br\/ceng\/wp-json\/wp\/v2\/pages\/3195\/revisions"}],"predecessor-version":[{"id":8041,"href":"https:\/\/wp.ufpel.edu.br\/ceng\/wp-json\/wp\/v2\/pages\/3195\/revisions\/8041"}],"wp:attachment":[{"href":"https:\/\/wp.ufpel.edu.br\/ceng\/wp-json\/wp\/v2\/media?parent=3195"}],"curies":[{"name":"wp","href":"https:\/\/api.w.org\/{rel}","templated":true}]}}