{"id":2203,"date":"2017-10-16T11:12:53","date_gmt":"2017-10-16T13:12:53","guid":{"rendered":"https:\/\/wp.ufpel.edu.br\/ceng\/?page_id=2203"},"modified":"2017-10-16T11:12:53","modified_gmt":"2017-10-16T13:12:53","slug":"projetos-de-extensao","status":"publish","type":"page","link":"https:\/\/wp.ufpel.edu.br\/ceng\/projetos-de-extensao\/","title":{"rendered":"Projetos de Extens\u00e3o"},"content":{"rendered":"<p>2017<\/p>\n<p><a href=\"https:\/\/docs.google.com\/spreadsheets\/d\/1pREPcQrxyos0a7zy1qLbf1XG5k1OJH3U3h8KXuCpZVI\/edit?usp=sharing\">Projetos de Extens\u00e3o do Centro de Engenharias cadastrados junto \u00e0 C\u00e2mara de Extens\u00e3o<\/a><\/p>\n","protected":false},"excerpt":{"rendered":"<p>2017 Projetos de Extens\u00e3o do Centro de Engenharias cadastrados junto \u00e0 C\u00e2mara de Extens\u00e3o<\/p>\n","protected":false},"author":67,"featured_media":0,"parent":0,"menu_order":0,"comment_status":"closed","ping_status":"closed","template":"","meta":{"footnotes":""},"class_list":["post-2203","page","type-page","status-publish","hentry"],"publishpress_future_action":{"enabled":false,"date":"2026-05-04 16:55:57","action":"change-status","newStatus":"draft","terms":[],"taxonomy":"","extraData":[]},"publishpress_future_workflow_manual_trigger":{"enabledWorkflows":[]},"_links":{"self":[{"href":"https:\/\/wp.ufpel.edu.br\/ceng\/wp-json\/wp\/v2\/pages\/2203","targetHints":{"allow":["GET"]}}],"collection":[{"href":"https:\/\/wp.ufpel.edu.br\/ceng\/wp-json\/wp\/v2\/pages"}],"about":[{"href":"https:\/\/wp.ufpel.edu.br\/ceng\/wp-json\/wp\/v2\/types\/page"}],"author":[{"embeddable":true,"href":"https:\/\/wp.ufpel.edu.br\/ceng\/wp-json\/wp\/v2\/users\/67"}],"replies":[{"embeddable":true,"href":"https:\/\/wp.ufpel.edu.br\/ceng\/wp-json\/wp\/v2\/comments?post=2203"}],"version-history":[{"count":1,"href":"https:\/\/wp.ufpel.edu.br\/ceng\/wp-json\/wp\/v2\/pages\/2203\/revisions"}],"predecessor-version":[{"id":2205,"href":"https:\/\/wp.ufpel.edu.br\/ceng\/wp-json\/wp\/v2\/pages\/2203\/revisions\/2205"}],"wp:attachment":[{"href":"https:\/\/wp.ufpel.edu.br\/ceng\/wp-json\/wp\/v2\/media?parent=2203"}],"curies":[{"name":"wp","href":"https:\/\/api.w.org\/{rel}","templated":true}]}}