{"id":20,"date":"2013-09-20T09:58:27","date_gmt":"2013-09-20T12:58:27","guid":{"rendered":"https:\/\/wp.ufpel.edu.br\/ceng\/?page_id=20"},"modified":"2026-02-24T16:47:39","modified_gmt":"2026-02-24T19:47:39","slug":"graduacao","status":"publish","type":"page","link":"https:\/\/wp.ufpel.edu.br\/ceng\/graduacao\/","title":{"rendered":"Gradua\u00e7\u00e3o"},"content":{"rendered":"<p><!-- br {mso-data-placement:same-cell;} --><\/p>\n<p>A Secretaria Acad\u00eamico-Pedag\u00f3gica possui atendimento das 8h \u00e0s 20h, conforme Portaria de flexibiliza\u00e7\u00e3o 1726\/2022<\/p>\n<table dir=\"ltr\" cellspacing=\"0\" cellpadding=\"0\">\n<tbody>\n<tr>\n<td style=\"width: 293px\"><strong>Engenharia Agr\u00edcola<\/strong><\/td>\n<td style=\"width: 530px\" rowspan=\"1\"><a href=\"https:\/\/wp.ufpel.edu.br\/cea\/\" target=\"_blank\" rel=\"noopener noreferrer\">https:\/\/wp.ufpel.edu.br\/cea\/<br \/>\n<\/a>E-mail:\u00a0<u>ccea.ufpel@gmail.com<\/u><br \/>\nCoordenador : \u00c1damo Ara\u00fajo<br \/>\nCoordenador Adjunto: Humberto Viana<br \/>\nSecret\u00e1ria: Claudia Farias<br \/>\nTelefone: 3284-1694<br \/>\nLocaliza\u00e7\u00e3o: R. Benjamin Constant, 989, 3o andar, sala A309\/310, 96010-020.<\/td>\n<\/tr>\n<tr>\n<td style=\"width: 293px\"><strong>Engenharia Ambiental e Sanit\u00e1ria<\/strong><\/td>\n<td style=\"width: 530px\" rowspan=\"1\"><a href=\"https:\/\/wp.ufpel.edu.br\/esa\/\" target=\"_blank\" rel=\"noopener noreferrer\">https:\/\/wp.ufpel.edu.br\/esa\/<\/a><br \/>\nE-mail:\u00a0ccesa.ufpel@gmail.com<br \/>\nCoordenadora: Tirzah Siqueira<br \/>\nCoordenadora Adjunta: Claudia Lemons<br \/>\nSecret\u00e1ria: Fernanda Machado<br \/>\nTelefone: 3284-1692<br \/>\nLocaliza\u00e7\u00e3o: R. Benjamin Constant, 989, 3o andar, sala A309\/310, 96010-020.<\/td>\n<\/tr>\n<tr>\n<td style=\"width: 293px\"><strong>Engenharia Civil<\/strong><\/td>\n<td style=\"width: 530px\" rowspan=\"1\"><a href=\"https:\/\/wp.ufpel.edu.br\/engciv\/\" target=\"_blank\" rel=\"noopener noreferrer\">https:\/\/wp.ufpel.edu.br\/engciv\/<\/a><br \/>\nE-mail: ccec.ufpel@gmail.com<br \/>\nCoordenador: Hebert Rosseto<br \/>\nCoordenador Adjunto: Rafael de \u00c1vila Delucis<br \/>\nSecret\u00e1ria: J\u00falia Mello dos Santos<br \/>\nTelefone: 3284-1695<br \/>\nLocaliza\u00e7\u00e3o: R. Benjamin Constant, 989, 3o andar, sala A309\/310, 96010-020.<\/td>\n<\/tr>\n<tr>\n<td style=\"width: 293px\"><strong>Engenharia de Controle e Automa\u00e7\u00e3o<\/strong><\/td>\n<td style=\"width: 530px\" rowspan=\"1\"><a href=\"https:\/\/wp.ufpel.edu.br\/ceca\/\" target=\"_blank\" rel=\"noopener noreferrer\">https:\/\/wp.ufpel.edu.br\/ceca\/<\/a><br \/>\nE-mail:\u00a0ceca.ufpel@gmail.com<br \/>\nCoordenador: Elmer Alexis Gamboa Penaloza<br \/>\nCoordenador Adjunto: Sigmar de Lima<br \/>\nSecret\u00e1ria: Su\u00e9len Figueiredo<br \/>\nTelefone: 3284-1690<br \/>\nLocaliza\u00e7\u00e3o: R. Benjamin Constant, 989, 3o andar, sala A309\/310, 96010-020.<\/td>\n<\/tr>\n<tr>\n<td style=\"width: 293px\"><strong>Engenharia de Produ\u00e7\u00e3o<\/strong><\/td>\n<td style=\"width: 530px\" rowspan=\"1\"><a href=\"https:\/\/wp.ufpel.edu.br\/producao\/\">https:\/\/wp.ufpel.edu.br\/producao\/<\/a><br \/>\nE-mail:\u00a0engepro.ufpel@gmail.com<br \/>\nCoordena\u00e7\u00e3o : Gilson Porci\u00fancula e Patr\u00edcia Duarte<br \/>\nSecret\u00e1ria: Patricia Coitinho<br \/>\nTelefone: 3284-1694<br \/>\nLocaliza\u00e7\u00e3o: R. Benjamin Constant, 989, 3o andar, sala A309\/310, 96010-020.<\/td>\n<\/tr>\n<tr>\n<td style=\"width: 293px\"><strong>Engenharia Eletr\u00f4nica<\/strong><\/td>\n<td style=\"width: 530px\" rowspan=\"1\"><a href=\"https:\/\/wp.ufpel.edu.br\/cee\/\" target=\"_blank\" rel=\"noopener noreferrer\">https:\/\/wp.ufpel.edu.br\/cee\/<\/a><br \/>\nE-mail: engenhariaeletronicaufpel@gmail.com<br \/>\nCoordenador: Cl\u00e1udio Manoel da Cunha Duarte<br \/>\nCoordenador Adjunto: Christiano Martino Otero \u00c1vila<br \/>\nSecret\u00e1ria: Jana\u00edna Vianna<br \/>\nTelefone: 3284-1690<br \/>\nLocaliza\u00e7\u00e3o: R. Benjamin Constant, 989, 3o andar, sala A309\/310, 96010-020.<\/td>\n<\/tr>\n<tr>\n<td style=\"width: 293px\"><strong>Engenharia Industrial Madeireira<\/strong><\/td>\n<td style=\"width: 530px\" rowspan=\"1\"><a href=\"https:\/\/wp.ufpel.edu.br\/ceimad\/\" target=\"_blank\" rel=\"noopener noreferrer\">https:\/\/wp.ufpel.edu.br\/ceimad\/<\/a><br \/>\nE-mail:\u00a0cceim.ufpel@gmail.com<br \/>\nCoordenador: Merielen Lopes<br \/>\nCoordenador Adjunto: Rafael Beltrame<br \/>\nSecret\u00e1ria: Lu\u00eds C\u00e9sar Saldanha da Silva<br \/>\nTelefone: (53) 3284-1677 \/ 3284-1691<br \/>\nLocaliza\u00e7\u00e3o: Rua Conde de Porto Alegre 793, 96010-290.<\/td>\n<\/tr>\n<tr>\n<td style=\"width: 293px\"><strong>Engenharia de Petr\u00f3leo<\/strong><\/td>\n<td style=\"width: 530px\" rowspan=\"1\"><a href=\"https:\/\/wp.ufpel.edu.br\/engenhariadepetroleo\/\" target=\"_blank\" rel=\"noopener noreferrer\">https:\/\/wp.ufpel.edu.br\/engenhariadepetroleo\/<\/a><br \/>\nE-mail: <a href=\"mailto:secretaria.petroleo@ufpel.edu.br\" target=\"_blank\" rel=\"noopener noreferrer\">secretaria.petroleo@ufpel.edu.br<\/a><br \/>\nCoordenador: Forlan Almeida<br \/>\nCoordenadora Adjunta: Camile Urban<br \/>\nSecret\u00e1ria: Tatiane Tavares Fujii<br \/>\nTelefone: 3284-1692<br \/>\nLocaliza\u00e7\u00e3o: R. Benjamin Constant, 989, 3o andar, sala A309\/310, 96010-020.<\/td>\n<\/tr>\n<tr>\n<td style=\"width: 293px\"><strong>Engenharia Geol\u00f3gica<\/strong><\/td>\n<td style=\"width: 530px\" rowspan=\"1\"><a href=\"https:\/\/wp.ufpel.edu.br\/engenhariageologica\">https:\/\/wp.ufpel.edu.br\/engenhariageologica<\/a><br \/>\nE-mail: engenhariageologica@ufpel.edu.br<br \/>\nCoordenador: Camile Urban<br \/>\nCoordenador adjunto: Daniel Bayer<br \/>\nSecret\u00e1rio: Maria Lucia Gauterio<br \/>\nTelefone: 3284-1678<br \/>\nLocaliza\u00e7\u00e3o: Pra\u00e7a domingos Rodrigues- Pr\u00e9dio da Alfandega<\/td>\n<\/tr>\n<tr>\n<td style=\"width: 293px\"><strong>Geoprocessamento<\/strong><\/td>\n<td style=\"width: 530px\" rowspan=\"1\"><a href=\"https:\/\/wp.ufpel.edu.br\/geoprocessamento\/\" target=\"_blank\" rel=\"noopener noreferrer\">https:\/\/wp.ufpel.edu.br\/geoprocessamento\/<\/a><br \/>\nE-mail: ufpelgeoprocessamento@gmail.com<br \/>\nCoordenador Pr\u00f3-Tempore: Alexandre Felipe Bruch<br \/>\nSecret\u00e1ria: J\u00falia Mello dos Santos<br \/>\nTelefone: 3284-1695<br \/>\nLocaliza\u00e7\u00e3o: R. Benjamin Constant, 989, 3o andar, sala A309\/310, 96010-020.<\/td>\n<\/tr>\n<\/tbody>\n<\/table>\n<p>&nbsp;<\/p>\n","protected":false},"excerpt":{"rendered":"<p>A Secretaria Acad\u00eamico-Pedag\u00f3gica possui atendimento das 8h \u00e0s 20h, conforme Portaria de flexibiliza\u00e7\u00e3o 1726\/2022 Engenharia Agr\u00edcola https:\/\/wp.ufpel.edu.br\/cea\/ E-mail:\u00a0ccea.ufpel@gmail.com Coordenador : \u00c1damo Ara\u00fajo Coordenador Adjunto: Humberto Viana Secret\u00e1ria: Claudia Farias Telefone: 3284-1694 Localiza\u00e7\u00e3o: R. Benjamin Constant, 989, 3o andar, sala A309\/310, 96010-020. Engenharia Ambiental e Sanit\u00e1ria https:\/\/wp.ufpel.edu.br\/esa\/ E-mail:\u00a0ccesa.ufpel@gmail.com Coordenadora: Tirzah Siqueira Coordenadora Adjunta: Claudia Lemons Secret\u00e1ria: [&hellip;]<\/p>\n","protected":false},"author":67,"featured_media":0,"parent":0,"menu_order":0,"comment_status":"closed","ping_status":"closed","template":"","meta":{"footnotes":""},"class_list":["post-20","page","type-page","status-publish","hentry"],"publishpress_future_action":{"enabled":false,"date":"2026-04-19 07:07:25","action":"change-status","newStatus":"draft","terms":[],"taxonomy":"","extraData":[]},"publishpress_future_workflow_manual_trigger":{"enabledWorkflows":[]},"_links":{"self":[{"href":"https:\/\/wp.ufpel.edu.br\/ceng\/wp-json\/wp\/v2\/pages\/20","targetHints":{"allow":["GET"]}}],"collection":[{"href":"https:\/\/wp.ufpel.edu.br\/ceng\/wp-json\/wp\/v2\/pages"}],"about":[{"href":"https:\/\/wp.ufpel.edu.br\/ceng\/wp-json\/wp\/v2\/types\/page"}],"author":[{"embeddable":true,"href":"https:\/\/wp.ufpel.edu.br\/ceng\/wp-json\/wp\/v2\/users\/67"}],"replies":[{"embeddable":true,"href":"https:\/\/wp.ufpel.edu.br\/ceng\/wp-json\/wp\/v2\/comments?post=20"}],"version-history":[{"count":4,"href":"https:\/\/wp.ufpel.edu.br\/ceng\/wp-json\/wp\/v2\/pages\/20\/revisions"}],"predecessor-version":[{"id":12570,"href":"https:\/\/wp.ufpel.edu.br\/ceng\/wp-json\/wp\/v2\/pages\/20\/revisions\/12570"}],"wp:attachment":[{"href":"https:\/\/wp.ufpel.edu.br\/ceng\/wp-json\/wp\/v2\/media?parent=20"}],"curies":[{"name":"wp","href":"https:\/\/api.w.org\/{rel}","templated":true}]}}