{"id":2,"date":"2010-06-24T09:21:50","date_gmt":"2010-06-24T12:21:50","guid":{"rendered":""},"modified":"2025-04-17T16:32:47","modified_gmt":"2025-04-17T19:32:47","slug":"secdirecao","status":"publish","type":"page","link":"https:\/\/wp.ufpel.edu.br\/ceng\/secdirecao\/","title":{"rendered":"Dire\u00e7\u00e3o e Secretaria Administrativa"},"content":{"rendered":"<p><span style=\"font-family: 'book antiqua', palatino, serif;font-size: 18pt\"><strong><b>DIRE\u00c7\u00c3O CENTRO DE ENGENHARIAS\u00a0<\/b><b><br \/>\n<\/b><b><\/b><\/strong><\/span><\/p>\n<p><span style=\"font-family: 'book antiqua', palatino, serif;font-size: 12pt\"><strong>Rua Benjamin Constant, 989, 3\u00b0 Andar Sala 305a \u2013 CEP: 96010-020\u00a0\u2013 Pelotas \u2013 RS \u2013 Brasil<\/strong><\/span><\/p>\n<p><strong><b><br \/>\n<\/b><span style=\"font-family: 'book antiqua', palatino, serif;font-size: 14pt\"><b>Bruno M\u00fcller Vieira (Diretor)\u00a0\u00a0<\/b><\/span><\/strong><br \/>\n<span style=\"font-family: 'book antiqua', palatino, serif;font-size: 12pt\"> E-mail: direcao.ceng.ufpel@gmail.com<\/span><br \/>\n<span style=\"font-size: 12pt\"> <span style=\"font-family: 'book antiqua', palatino, serif\"> Telefone: +55 (53) 3284 1701\u00a0\u00a0<\/span><span style=\"font-family: 'book antiqua', palatino, serif\">Sala: 305.3a<\/span><\/span><br \/>\n<span style=\"font-family: 'book antiqua', palatino, serif;font-size: 12pt\">Hor\u00e1rios: 8h \u00e0s 18h (agendamento via e-mail)<\/span><br \/>\n<span style=\"font-family: 'book antiqua', palatino, serif;font-size: 12pt\">Presidente do Conselho<\/span><\/p>\n<p><strong><span style=\"font-family: 'book antiqua', palatino, serif;font-size: 14pt\"><b>Aline Tabarelli (Diretora Adjunta)\u00a0\u00a0<\/b><\/span><\/strong><br \/>\n<span style=\"font-family: 'book antiqua', palatino, serif;font-size: 12pt\"> E-mail: direcao.ceng.ufpel@gmail.com<\/span><br \/>\n<span style=\"font-size: 12pt\"> <span style=\"font-family: 'book antiqua', palatino, serif\"> Telefone: +55 (53) 3284 1701\u00a0\u00a0<\/span><span style=\"font-family: 'book antiqua', palatino, serif\">Sala: 305.3a<\/span><\/span><br \/>\n<span style=\"font-family: 'book antiqua', palatino, serif;font-size: 12pt\">Hor\u00e1rios: 8h \u00e0s 18h (agendamento via e-mail)<\/span><br \/>\n<span style=\"font-family: 'book antiqua', palatino, serif;font-size: 12pt\">Coordenadora da C\u00e2mara de Ensino<\/span><\/p>\n<p><span style=\"font-family: 'book antiqua', palatino, serif;font-size: 18pt\"><strong><b>SECRETARIA ADMINISTRATIVA\u00a0<\/b><\/strong><\/span><\/p>\n<p><span style=\"font-family: 'book antiqua', palatino, serif;font-size: 14pt\"><strong>Leonardo Pinto Manetti (Chefe do N\u00facleo Administrativo)\u00a0\u00a0<\/strong><\/span><br \/>\n<span style=\"font-family: 'book antiqua', palatino, serif;font-size: 12pt\"> E-mail: \u00a0<a href=\"mailto:nadm.ceng@ufpel.edu.br\" target=\"_blank\" rel=\"noopener\">nadm.ceng@gmail.com<\/a><\/span><br \/>\n<span style=\"font-family: 'book antiqua', palatino, serif;font-size: 12pt\"> Telefone:\u00a0 +55 (53) 3284-1706\u00a0 \u00a0 Sala 305.5a<\/span><br \/>\n<span style=\"font-family: 'book antiqua', palatino, serif;font-size: 12pt\">Acompanhamento de terceirizados (portaria, limpeza e vigil\u00e2ncia)<\/span><br \/>\n<span style=\"font-family: 'book antiqua', palatino, serif;font-size: 12pt\">Controle de bens (termos de responsabilidade,\u00a0 manuten\u00e7\u00e3o de invent\u00e1rio de bens, ateste, notas fiscais)<\/span><br \/>\n<span style=\"font-family: 'book antiqua', palatino, serif;font-size: 12pt\"> Respons\u00e1vel pelo acompanhamento dos TAEs<\/span><\/p>\n<p><span style=\"font-family: 'book antiqua', palatino, serif;font-size: 14pt\"><strong>Chritian da Rosa Maluc (T\u00e9cnico administrativo)<\/strong><\/span><br \/>\n<span style=\"font-family: 'book antiqua', palatino, serif;font-size: 12pt\">E-mail :\u00a0 <a class=\"\" href=\"mailto:christian.maluc@ufpel.edu.br\" data-usuario=\"christian.maluc\">christian.maluc@ufpel.edu.br<\/a><\/span><br \/>\n<span style=\"font-family: 'book antiqua', palatino, serif;font-size: 12pt\"><span style=\"font-family: 'book antiqua', palatino, serif;font-size: 12pt\">Sala: 306.6<br \/>\n<span style=\"font-family: 'book antiqua', palatino, serif;font-size: 12pt\">Aquisi\u00e7\u00f5es\/Servi\u00e7os &#8211; preg\u00f5es &#8211; almoxarifado<\/span><br \/>\n<span style=\"font-family: 'book antiqua', palatino, serif;font-size: 12pt\">Solicita\u00e7\u00e3o de transporte para visita t\u00e9cnica e aulas pr\u00e1ticas<\/span><br \/>\n<span style=\"font-family: 'book antiqua', palatino, serif;font-size: 12pt\">Respons\u00e1vel pela abertura de Ordens de Servi\u00e7os de manuten\u00e7\u00e3o do pr\u00e9dio<\/span><\/span><\/span><\/p>\n<p>&nbsp;<\/p>\n<p><a href=\"https:\/\/wp.ufpel.edu.br\/ceng\/files\/2010\/06\/23755920_1477559429031123_1634003326_n.jpg\"><img class=\" wp-image-2441 alignleft\" src=\"https:\/\/wp.ufpel.edu.br\/ceng\/files\/2010\/06\/23755920_1477559429031123_1634003326_n.jpg\" alt=\"\" width=\"121\" height=\"135\" \/><\/a><\/p>\n<p><span style=\"font-size: 14pt;font-family: 'book antiqua', palatino, serif\"><strong>Laureci Lane Silva (Secret\u00e1ria da Dire\u00e7\u00e3o)<\/strong><\/span><br \/>\n<span style=\"font-size: 12pt;font-family: 'book antiqua', palatino, serif\"> E-mail:\u00a0<u>laureci.silva94@gmail.com<\/u><\/span><br \/>\n<span style=\"font-size: 12pt;font-family: 'book antiqua', palatino, serif\"> Telefone: +55 (53) 3284-1700\u00a0 \u00a0\u00a0Sala: 305.2a<\/span><br \/>\n<span style=\"font-size: 12pt;font-family: 'book antiqua', palatino, serif\">Di\u00e1rias e passagens \u2013 SCDP\u00a0<\/span><br \/>\n<span style=\"font-size: 12pt;font-family: 'book antiqua', palatino, serif\"> Formaturas \u2013 cola\u00e7\u00f5es internas e externas, protocolos e diplomas<\/span><br \/>\n<span style=\"font-size: 12pt;font-family: 'book antiqua', palatino, serif\"> Boletim de frequ\u00eancia de servidores<\/span><br \/>\n<span style=\"font-size: 12pt;font-family: 'book antiqua', palatino, serif\"> Recebimento de materiais (Ateste\/Notas fiscais)<\/span><\/p>\n<p>&nbsp;<\/p>\n<p><strong><span style=\"font-family: 'book antiqua', palatino, serif;font-size: 14pt\"><b>Leonardo Manetti (Setor de TI do Ceng)\u00a0<\/b><\/span><\/strong><br \/>\n<span style=\"font-size: 12pt;font-family: 'book antiqua', palatino, serif\">Telefone: +55 (53) 3284-1703<\/span><\/p>\n<p><span style=\"font-family: 'book antiqua', palatino, serif;font-size: 12pt\">E-mail: ti.ceng@ufpel.edu.br<\/span><br \/>\n<span style=\"font-size: 12pt\"><span style=\"font-family: 'book antiqua', palatino, serif\">Sala: 305.1a<\/span><\/span><\/p>\n<p>&nbsp;<\/p>\n<p>&nbsp;<\/p>\n","protected":false},"excerpt":{"rendered":"<p>DIRE\u00c7\u00c3O CENTRO DE ENGENHARIAS\u00a0 Rua Benjamin Constant, 989, 3\u00b0 Andar Sala 305a \u2013 CEP: 96010-020\u00a0\u2013 Pelotas \u2013 RS \u2013 Brasil Bruno M\u00fcller Vieira (Diretor)\u00a0\u00a0 E-mail: direcao.ceng.ufpel@gmail.com Telefone: +55 (53) 3284 1701\u00a0\u00a0Sala: 305.3a Hor\u00e1rios: 8h \u00e0s 18h (agendamento via e-mail) Presidente do Conselho Aline Tabarelli (Diretora Adjunta)\u00a0\u00a0 E-mail: direcao.ceng.ufpel@gmail.com Telefone: +55 (53) 3284 1701\u00a0\u00a0Sala: 305.3a Hor\u00e1rios: [&hellip;]<\/p>\n","protected":false},"author":67,"featured_media":0,"parent":0,"menu_order":0,"comment_status":"closed","ping_status":"closed","template":"","meta":{"footnotes":""},"class_list":["post-2","page","type-page","status-publish","hentry"],"publishpress_future_action":{"enabled":false,"date":"2026-04-22 20:32:25","action":"change-status","newStatus":"draft","terms":[],"taxonomy":"","extraData":[]},"publishpress_future_workflow_manual_trigger":{"enabledWorkflows":[]},"_links":{"self":[{"href":"https:\/\/wp.ufpel.edu.br\/ceng\/wp-json\/wp\/v2\/pages\/2","targetHints":{"allow":["GET"]}}],"collection":[{"href":"https:\/\/wp.ufpel.edu.br\/ceng\/wp-json\/wp\/v2\/pages"}],"about":[{"href":"https:\/\/wp.ufpel.edu.br\/ceng\/wp-json\/wp\/v2\/types\/page"}],"author":[{"embeddable":true,"href":"https:\/\/wp.ufpel.edu.br\/ceng\/wp-json\/wp\/v2\/users\/67"}],"replies":[{"embeddable":true,"href":"https:\/\/wp.ufpel.edu.br\/ceng\/wp-json\/wp\/v2\/comments?post=2"}],"version-history":[{"count":81,"href":"https:\/\/wp.ufpel.edu.br\/ceng\/wp-json\/wp\/v2\/pages\/2\/revisions"}],"predecessor-version":[{"id":12104,"href":"https:\/\/wp.ufpel.edu.br\/ceng\/wp-json\/wp\/v2\/pages\/2\/revisions\/12104"}],"wp:attachment":[{"href":"https:\/\/wp.ufpel.edu.br\/ceng\/wp-json\/wp\/v2\/media?parent=2"}],"curies":[{"name":"wp","href":"https:\/\/api.w.org\/{rel}","templated":true}]}}