{"id":1871,"date":"2017-08-01T08:45:25","date_gmt":"2017-08-01T11:45:25","guid":{"rendered":"https:\/\/wp.ufpel.edu.br\/ceng\/?page_id=1871"},"modified":"2022-03-11T09:46:18","modified_gmt":"2022-03-11T12:46:18","slug":"atas-extensao","status":"publish","type":"page","link":"https:\/\/wp.ufpel.edu.br\/ceng\/camaras\/extensao\/atas-extensao\/","title":{"rendered":"Atas"},"content":{"rendered":"<p><strong>Atas da C\u00e2mara de Extens\u00e3o<\/strong><\/p>\n<p><strong>2017:<\/strong><\/p>\n<p><a href=\"https:\/\/drive.google.com\/file\/d\/0B9b7AE9F7KpsNWxaS2FFRlU3RXc\/view?usp=sharing\">Ata n\u00ba01\/2017<\/a><\/p>\n<p><a href=\"https:\/\/drive.google.com\/file\/d\/0B9b7AE9F7KpsMXBneFYtdmhnNUE\/view?usp=sharing\">Ata n\u00ba02\/2017<\/a><\/p>\n<p><a href=\"https:\/\/drive.google.com\/file\/d\/1e0lG78GFqVEjqJVKC8sgITvbixhiIUfi\/view?usp=sharing\">Ata n\u00ba03\/2017<\/a><\/p>\n<p><a href=\"https:\/\/drive.google.com\/file\/d\/1cHLIKHkWdD4-acIif2d6BEcl8fj97_OA\/view?usp=sharing\">Ata n\u00ba04\/2017<\/a><\/p>\n<p><a href=\"https:\/\/drive.google.com\/file\/d\/1fktjD2pp0B6hMLeGyPUb0RMp6pKu734X\/view?usp=sharing\">Ata n\u00ba05\/2017<\/a><\/p>\n<p><a href=\"https:\/\/drive.google.com\/file\/d\/1YWsaGLe4-psW3XM8YtbXay0NA8eZKwYF\/view?usp=sharing\">Ata n\u00ba12\/2017<\/a>*<\/p>\n<p><span style=\"font-size: 10pt\">*a mudan\u00e7a na numera\u00e7\u00e3o se refere \u00e0 entrada em vigor do sistema SEI.<\/span><\/p>\n<p><strong>2018:<\/strong><\/p>\n<p><a href=\"https:\/\/wp.ufpel.edu.br\/ceng\/files\/2018\/04\/Ata-01_2018.pdf\">Ata n\u00ba 01\/2018<\/a><\/p>\n<p><a href=\"https:\/\/wp.ufpel.edu.br\/ceng\/files\/2018\/07\/SEI_UFPel-0101630-Ata-de-Reuni\u00e3o.pdf\">Ata n\u00ba 02\/2018<\/a><\/p>\n<p><a href=\"https:\/\/wp.ufpel.edu.br\/ceng\/files\/2018\/11\/Ata-03_2018.pdf\">Ata n\u00ba 03\/2018<\/a><\/p>\n<p><a href=\"https:\/\/wp.ufpel.edu.br\/ceng\/files\/2018\/11\/Ata-04_2018.pdf\">Ata n\u00ba 04\/2018<\/a><\/p>\n<p><a href=\"https:\/\/wp.ufpel.edu.br\/ceng\/files\/2019\/04\/Ata-05_2018.pdf\">Ata n\u00ba 05\/2018<\/a><\/p>\n<p><strong>2019:<\/strong><\/p>\n<p><a href=\"https:\/\/wp.ufpel.edu.br\/ceng\/files\/2019\/05\/Ata-01_2019-CExt.pdf\">Ata n\u00ba 01\/2019<\/a><\/p>\n<p><a href=\"https:\/\/wp.ufpel.edu.br\/ceng\/files\/2019\/05\/Ata-02_2019-CExt.pdf\">Ata n\u00ba 02\/2019<\/a><\/p>\n<p><a href=\"https:\/\/wp.ufpel.edu.br\/ceng\/files\/2019\/07\/Ata-03_2019-CExt.pdf\">Ata n\u00ba 03\/2019<\/a><\/p>\n<p><a href=\"https:\/\/wp.ufpel.edu.br\/ceng\/files\/2019\/07\/Ata-04_2019-CExt.pdf\">Ata n\u00ba 04\/2019<\/a><\/p>\n<p><a href=\"https:\/\/wp.ufpel.edu.br\/ceng\/files\/2019\/08\/Ata-05_2019-CExt.pdf\">Ata n\u00ba 05\/2019<\/a><\/p>\n<p><a href=\"https:\/\/wp.ufpel.edu.br\/ceng\/files\/2019\/09\/Ata-06_2019-CExt.pdf\">Ata n\u00ba 06\/2019<\/a><\/p>\n<p><a href=\"https:\/\/wp.ufpel.edu.br\/ceng\/files\/2019\/10\/Ata-07_2019-CExt.pdf\">Ata n\u00ba 07\/2019<\/a><\/p>\n<p><a href=\"https:\/\/wp.ufpel.edu.br\/ceng\/files\/2019\/11\/Ata-08_2019-CExt.pdf\">Ata n\u00ba 08\/2019<\/a><\/p>\n<p><a href=\"https:\/\/wp.ufpel.edu.br\/ceng\/files\/2019\/12\/Ata-09_2019-CExt.pdf\">Ata n\u00ba 09\/2019<\/a><\/p>\n<p><a href=\"https:\/\/wp.ufpel.edu.br\/ceng\/files\/2020\/05\/10_2019-CExt.pdf\">Ata n\u00ba 10\/2019<\/a><\/p>\n<p><strong>2020<\/strong><\/p>\n<p><a href=\"https:\/\/wp.ufpel.edu.br\/ceng\/files\/2020\/05\/Ata-01_2020-CExt.pdf\">Ata n\u00ba 01\/2020<\/a><\/p>\n<p><a href=\"https:\/\/wp.ufpel.edu.br\/ceng\/files\/2020\/06\/Ata-02_2020.pdf\">Ata n\u00ba 02\/2020<\/a><\/p>\n<p><a href=\"https:\/\/wp.ufpel.edu.br\/ceng\/files\/2020\/07\/ata-cext.pdf\">Ata n\u00ba 03\/2020<\/a><\/p>\n<p><a href=\"https:\/\/wp.ufpel.edu.br\/ceng\/files\/2020\/08\/SEI_UFPel-0989398-Ata-de-Reuni\u00e3o-04_2020.pdf\">Ata n\u00ba 04\/2020<\/a><\/p>\n<p><a href=\"https:\/\/wp.ufpel.edu.br\/ceng\/files\/2020\/09\/SEI_UFPel-1015412-Ata-de-Reuniao-05_2020-CExt.pdf\">Ata n\u00ba 05\/2020<\/a><\/p>\n<p><a href=\"https:\/\/wp.ufpel.edu.br\/ceng\/files\/2020\/10\/SEI_UFPel-1038628-Ata-de-Reuniao-06_2020-CExt.pdf\">Ata n\u00ba 06\/2020<\/a><\/p>\n<p><a href=\"https:\/\/wp.ufpel.edu.br\/ceng\/files\/2020\/11\/Ata-07_2020-CExt.pdf\">Ata n\u00ba 07\/2020<\/a><\/p>\n<p><a href=\"https:\/\/wp.ufpel.edu.br\/ceng\/files\/2020\/12\/Ata-08_2020-CExt.pdf\">Ata n\u00ba 08\/2020<\/a><\/p>\n<p><a href=\"https:\/\/wp.ufpel.edu.br\/ceng\/files\/2021\/03\/Ata-09_2020-CExt.pdf\">Ata n\u00ba 09\/2020<\/a><\/p>\n<p><strong>2021<\/strong><\/p>\n<p><a href=\"https:\/\/wp.ufpel.edu.br\/ceng\/files\/2021\/04\/Ata-01_2021-CExt.pdf\">Ata n\u00ba 01\/2021<\/a><\/p>\n<p><a href=\"https:\/\/wp.ufpel.edu.br\/ceng\/files\/2021\/05\/Ata-02_2021-CExt.pdf\">Ata n\u00ba 02\/2021<\/a><\/p>\n<p><a href=\"https:\/\/wp.ufpel.edu.br\/ceng\/files\/2021\/06\/Ata-03_2021-CExt.pdf\">Ata n\u00ba 03\/2021<\/a><\/p>\n<p><a href=\"https:\/\/wp.ufpel.edu.br\/ceng\/files\/2021\/07\/Ata-04_2021-CExt.pdf\">Ata n\u00ba 04\/2021<\/a><\/p>\n<p><a href=\"https:\/\/wp.ufpel.edu.br\/ceng\/files\/2021\/08\/Ata-05_2021-CExt.pdf\">Ata n\u00ba 05\/2021<\/a><\/p>\n<p><a href=\"https:\/\/wp.ufpel.edu.br\/ceng\/files\/2021\/10\/Ata-06_2021-CExt.pdf\">Ata n\u00ba 06\/2021<\/a><\/p>\n<p><a href=\"https:\/\/wp.ufpel.edu.br\/ceng\/files\/2021\/10\/Ata-07_2021-CExt.pdf\">Ata n\u00ba 07\/2021<\/a><\/p>\n<p><a href=\"https:\/\/wp.ufpel.edu.br\/ceng\/files\/2021\/11\/CExt-08.pdf\">Ata n\u00ba 08\/2021<\/a><\/p>\n<p><a href=\"https:\/\/wp.ufpel.edu.br\/ceng\/files\/2021\/12\/Ata-09_2021-CExt.pdf\">Ata n\u00ba 09\/2021<\/a><\/p>\n<p><a href=\"https:\/\/wp.ufpel.edu.br\/ceng\/files\/2022\/03\/SEI_UFPel-1505430-Ata-de-Reuniao-10-CExt.pdf\">Ata n\u00ba 10\/2021<\/a><\/p>\n","protected":false},"excerpt":{"rendered":"<p>Atas da C\u00e2mara de Extens\u00e3o 2017: Ata n\u00ba01\/2017 Ata n\u00ba02\/2017 Ata n\u00ba03\/2017 Ata n\u00ba04\/2017 Ata n\u00ba05\/2017 Ata n\u00ba12\/2017* *a mudan\u00e7a na numera\u00e7\u00e3o se refere \u00e0 entrada em vigor do sistema SEI. 2018: Ata n\u00ba 01\/2018 Ata n\u00ba 02\/2018 Ata n\u00ba 03\/2018 Ata n\u00ba 04\/2018 Ata n\u00ba 05\/2018 2019: Ata n\u00ba 01\/2019 Ata n\u00ba 02\/2019 Ata [&hellip;]<\/p>\n","protected":false},"author":67,"featured_media":0,"parent":413,"menu_order":0,"comment_status":"closed","ping_status":"closed","template":"","meta":{"footnotes":""},"class_list":["post-1871","page","type-page","status-publish","hentry"],"publishpress_future_action":{"enabled":false,"date":"2026-04-21 06:19:05","action":"change-status","newStatus":"draft","terms":[],"taxonomy":"","extraData":[]},"publishpress_future_workflow_manual_trigger":{"enabledWorkflows":[]},"_links":{"self":[{"href":"https:\/\/wp.ufpel.edu.br\/ceng\/wp-json\/wp\/v2\/pages\/1871","targetHints":{"allow":["GET"]}}],"collection":[{"href":"https:\/\/wp.ufpel.edu.br\/ceng\/wp-json\/wp\/v2\/pages"}],"about":[{"href":"https:\/\/wp.ufpel.edu.br\/ceng\/wp-json\/wp\/v2\/types\/page"}],"author":[{"embeddable":true,"href":"https:\/\/wp.ufpel.edu.br\/ceng\/wp-json\/wp\/v2\/users\/67"}],"replies":[{"embeddable":true,"href":"https:\/\/wp.ufpel.edu.br\/ceng\/wp-json\/wp\/v2\/comments?post=1871"}],"version-history":[{"count":37,"href":"https:\/\/wp.ufpel.edu.br\/ceng\/wp-json\/wp\/v2\/pages\/1871\/revisions"}],"predecessor-version":[{"id":2785,"href":"https:\/\/wp.ufpel.edu.br\/ceng\/wp-json\/wp\/v2\/pages\/1871\/revisions\/2785"}],"up":[{"embeddable":true,"href":"https:\/\/wp.ufpel.edu.br\/ceng\/wp-json\/wp\/v2\/pages\/413"}],"wp:attachment":[{"href":"https:\/\/wp.ufpel.edu.br\/ceng\/wp-json\/wp\/v2\/media?parent=1871"}],"curies":[{"name":"wp","href":"https:\/\/api.w.org\/{rel}","templated":true}]}}