{"id":18,"date":"2013-09-20T09:53:31","date_gmt":"2013-09-20T12:53:31","guid":{"rendered":"https:\/\/wp.ufpel.edu.br\/ceng\/?page_id=18"},"modified":"2019-07-04T15:35:56","modified_gmt":"2019-07-04T18:35:56","slug":"ceng","status":"publish","type":"page","link":"https:\/\/wp.ufpel.edu.br\/ceng\/ceng\/","title":{"rendered":"CEng"},"content":{"rendered":"<p><span style=\"font-size: 18pt\"><a href=\"https:\/\/wp.ufpel.edu.br\/ceng\"><strong>P\u00c1GINA INICIAL DO SITE<\/strong><\/a><\/span><\/p>\n<h4>Sobre o CENG:<\/h4>\n<p>Ao aderir ao Programa de Apoio a Planos de Reestrutura\u00e7\u00e3o e Expans\u00e3o das Universidades Federais (REUNI) do MEC, a <strong>Universidade Federal de Pelotas<\/strong> previu, entre outras a\u00e7\u00f5es, a reestrutura\u00e7\u00e3o, consolida\u00e7\u00e3o e expans\u00e3o de seus cursos e compet\u00eancias em engenharias.<\/p>\n<p>O <strong>Centro de Engenharias<\/strong>, criado atrav\u00e9s da Portaria n\u00ba. 251, de 06 de mar\u00e7o de 2009, abriga atualmente 9 cursos de gradua\u00e7\u00e3o em engenharia e 1 curso tecn\u00f3logo, tendo como objetivo por meio do ensino, pesquisa e extens\u00e3o, proporcionar forma\u00e7\u00e3o e qualifica\u00e7\u00e3o profissional e produzir conhecimento nas suas \u00e1reas de compet\u00eancia.<\/p>\n<p>&nbsp;<\/p>\n","protected":false},"excerpt":{"rendered":"<p>P\u00c1GINA INICIAL DO SITE Sobre o CENG: Ao aderir ao Programa de Apoio a Planos de Reestrutura\u00e7\u00e3o e Expans\u00e3o das Universidades Federais (REUNI) do MEC, a Universidade Federal de Pelotas previu, entre outras a\u00e7\u00f5es, a reestrutura\u00e7\u00e3o, consolida\u00e7\u00e3o e expans\u00e3o de seus cursos e compet\u00eancias em engenharias. O Centro de Engenharias, criado atrav\u00e9s da Portaria n\u00ba. [&hellip;]<\/p>\n","protected":false},"author":67,"featured_media":0,"parent":0,"menu_order":0,"comment_status":"closed","ping_status":"closed","template":"","meta":{"footnotes":""},"class_list":["post-18","page","type-page","status-publish","hentry"],"publishpress_future_action":{"enabled":false,"date":"2026-04-20 00:47:21","action":"change-status","newStatus":"draft","terms":[],"taxonomy":"","extraData":[]},"publishpress_future_workflow_manual_trigger":{"enabledWorkflows":[]},"_links":{"self":[{"href":"https:\/\/wp.ufpel.edu.br\/ceng\/wp-json\/wp\/v2\/pages\/18","targetHints":{"allow":["GET"]}}],"collection":[{"href":"https:\/\/wp.ufpel.edu.br\/ceng\/wp-json\/wp\/v2\/pages"}],"about":[{"href":"https:\/\/wp.ufpel.edu.br\/ceng\/wp-json\/wp\/v2\/types\/page"}],"author":[{"embeddable":true,"href":"https:\/\/wp.ufpel.edu.br\/ceng\/wp-json\/wp\/v2\/users\/67"}],"replies":[{"embeddable":true,"href":"https:\/\/wp.ufpel.edu.br\/ceng\/wp-json\/wp\/v2\/comments?post=18"}],"version-history":[{"count":8,"href":"https:\/\/wp.ufpel.edu.br\/ceng\/wp-json\/wp\/v2\/pages\/18\/revisions"}],"predecessor-version":[{"id":6632,"href":"https:\/\/wp.ufpel.edu.br\/ceng\/wp-json\/wp\/v2\/pages\/18\/revisions\/6632"}],"wp:attachment":[{"href":"https:\/\/wp.ufpel.edu.br\/ceng\/wp-json\/wp\/v2\/media?parent=18"}],"curies":[{"name":"wp","href":"https:\/\/api.w.org\/{rel}","templated":true}]}}