{"id":1404,"date":"2016-09-30T13:12:24","date_gmt":"2016-09-30T16:12:24","guid":{"rendered":"https:\/\/wp.ufpel.edu.br\/ceng\/?page_id=1404"},"modified":"2023-07-06T11:16:32","modified_gmt":"2023-07-06T14:16:32","slug":"salas-306-ceng","status":"publish","type":"page","link":"https:\/\/wp.ufpel.edu.br\/ceng\/salas-306-ceng\/","title":{"rendered":"Sala de Reuni\u00f5es"},"content":{"rendered":"<p>Para solicitar agendamento da Sala de Reuni\u00f5es do CEng (Sala 306A, pr\u00e9dio da COTADA), acesse o link:&#8221; <strong><a href=\"https:\/\/wp.ufpel.edu.br\/ceng\/atendimento-ceng\/\" target=\"_blank\" rel=\"noopener\">Solicitar agendamento<\/a> &#8220;<\/strong><\/p>\n<p><strong>\u00a0Calend\u00e1rio de Agendamentos:<\/strong><\/p>\n\n<!-- iframe plugin v.6.0 wordpress.org\/plugins\/iframe\/ -->\n<iframe 0 1=\"\/&gt;\" src=\"https:\/\/calendar.google.com\/calendar\/embed?src=ceng.ufpel%40gmail.com&#038;ctz=America\/Sao_Paulo\" width=\"760\" height=\"500\" frameborder=\"0\" marginheight=\"0\" marginwidth=\"0\" scrolling=\"auto\" class=\"iframe-class\"><\/iframe>\n\n","protected":false},"excerpt":{"rendered":"<p>Para solicitar agendamento da Sala de Reuni\u00f5es do CEng (Sala 306A, pr\u00e9dio da COTADA), acesse o link:&#8221; Solicitar agendamento &#8220; \u00a0Calend\u00e1rio de Agendamentos:<\/p>\n","protected":false},"author":67,"featured_media":0,"parent":0,"menu_order":0,"comment_status":"closed","ping_status":"closed","template":"","meta":{"footnotes":""},"class_list":["post-1404","page","type-page","status-publish","hentry"],"publishpress_future_action":{"enabled":false,"date":"2026-05-04 02:48:49","action":"change-status","newStatus":"draft","terms":[],"taxonomy":"","extraData":[]},"publishpress_future_workflow_manual_trigger":{"enabledWorkflows":[]},"_links":{"self":[{"href":"https:\/\/wp.ufpel.edu.br\/ceng\/wp-json\/wp\/v2\/pages\/1404","targetHints":{"allow":["GET"]}}],"collection":[{"href":"https:\/\/wp.ufpel.edu.br\/ceng\/wp-json\/wp\/v2\/pages"}],"about":[{"href":"https:\/\/wp.ufpel.edu.br\/ceng\/wp-json\/wp\/v2\/types\/page"}],"author":[{"embeddable":true,"href":"https:\/\/wp.ufpel.edu.br\/ceng\/wp-json\/wp\/v2\/users\/67"}],"replies":[{"embeddable":true,"href":"https:\/\/wp.ufpel.edu.br\/ceng\/wp-json\/wp\/v2\/comments?post=1404"}],"version-history":[{"count":13,"href":"https:\/\/wp.ufpel.edu.br\/ceng\/wp-json\/wp\/v2\/pages\/1404\/revisions"}],"predecessor-version":[{"id":11272,"href":"https:\/\/wp.ufpel.edu.br\/ceng\/wp-json\/wp\/v2\/pages\/1404\/revisions\/11272"}],"wp:attachment":[{"href":"https:\/\/wp.ufpel.edu.br\/ceng\/wp-json\/wp\/v2\/media?parent=1404"}],"curies":[{"name":"wp","href":"https:\/\/api.w.org\/{rel}","templated":true}]}}