{"id":1351,"date":"2016-09-27T16:26:28","date_gmt":"2016-09-27T19:26:28","guid":{"rendered":"https:\/\/wp.ufpel.edu.br\/ceng\/?page_id=1351"},"modified":"2019-05-14T15:54:58","modified_gmt":"2019-05-14T18:54:58","slug":"comissao-de-estagio-probatorio-docente","status":"publish","type":"page","link":"https:\/\/wp.ufpel.edu.br\/ceng\/comissao-de-estagio-probatorio-docente\/","title":{"rendered":"Comiss\u00e3o de Est\u00e1gio Probat\u00f3rio Docente"},"content":{"rendered":"<p>Aos docentes avaliados:<\/p>\n<p>Conforme Resolu\u00e7\u00e3o 013\/2014, o Est\u00e1gio Probat\u00f3rio Docente ter\u00e1 dura\u00e7\u00e3o de 36 meses e ser\u00e1 acompanhado por um tutor, definido pela Dire\u00e7\u00e3o da Unidade, quando do ingresso do docente avaliado. Ser\u00e1 criado um processo no SEI, pela Secretaria Administrativa, no qual dever\u00e3o ser anexados todos os documentos pelo docente em est\u00e1gio probat\u00f3rio e pelo tutor. O n\u00famero do processo ser\u00e1 informado ao docente avaliado e ao tutor.<\/p>\n<p>Os Est\u00e1gios Probat\u00f3rios s\u00e3o avaliados pelas Comiss\u00f5es Avaliadoras de Est\u00e1gio Probat\u00f3rio (CAEPs).\u00a0As avalia\u00e7\u00f5es s\u00e3o realizadas em dois momentos: aos 18 e aos 30 meses de ingresso.<\/p>\n<p>S\u00e3o necess\u00e1rios tamb\u00e9m planos de trabalho (anuais ou semestrais, devendo o primeiro deles ser enviado ap\u00f3s 30 dias de ingresso do docente).<\/p>\n<p>Tamb\u00e9m \u00e9 requisito que o docente avaliado realize os cursos de forma\u00e7\u00e3o pedag\u00f3gica ofertados pela PRE (M\u00f3dulos I e II).<\/p>\n<p><strong>Documenta\u00e7\u00e3o necess\u00e1ria para avalia\u00e7\u00e3o:<\/strong><\/p>\n<ol>\n<li>At\u00e9 30 dias ap\u00f3s o ingresso: plano de trabalho inicial, elaborado com o tutor (pode ser semestral\/anual\/para 18 meses)<\/li>\n<li>Semestralmente\/anualmente: enviar planos de trabalho\n<ul>\n<li>havendo necessidade de <strong>altera\u00e7\u00e3o<\/strong> nos planos de trabalho, dever\u00e1 ser enviado um documento \u00e0 Comiss\u00e3o.<\/li>\n<\/ul>\n<\/li>\n<li><u>Aos 18 meses:<\/u>\n<ol>\n<li>Relat\u00f3rio de Atividades<\/li>\n<li>Relat\u00f3rio de Autoavalia\u00e7\u00e3o (docente avaliado &#8211; nota de 0 a 100%, com base no cumprimento dos planos de trabalho)<\/li>\n<li>Relat\u00f3rio de Acompanhamento do tutor (com nota de 0 a 100%, com base no cumprimento dos planos de trabalho)<\/li>\n<li>Avalia\u00e7\u00f5es colaterais (realizadas por professores do mesmo colegiado, o docente que est\u00e1 avaliando deve-se identificar na avalia\u00e7\u00e3o colateral e preencher os campos com notas de 0 a 10.)<\/li>\n<li>RAADs do per\u00edodo<\/li>\n<li>Avalia\u00e7\u00e3o discente (constante nos RAADs)<\/li>\n<li>Relat\u00f3rio de Acompanhamento da chefia imediata (Dire\u00e7\u00e3o)<\/li>\n<\/ol>\n<\/li>\n<li><u>Aos 30 meses:<\/u>\n<ol>\n<li>Relat\u00f3rio de Atividades<\/li>\n<li>Relat\u00f3rio de Autoavalia\u00e7\u00e3o (docente avaliado &#8211; nota de 0 a 100%, com base no cumprimento dos planos de trabalho)<\/li>\n<li>Relat\u00f3rio de Acompanhamento do tutor (com nota de 0 a 100%, com base no cumprimento dos planos de trabalho)<\/li>\n<li>Avalia\u00e7\u00f5es colaterais (realizadas por professores do mesmo colegiado, o docente que est\u00e1 avaliando deve-se identificar na avalia\u00e7\u00e3o colateral e preencher os campos com notas de 0 a 10.)<\/li>\n<li>RAADs do per\u00edodo<\/li>\n<li>Avalia\u00e7\u00e3o discente (constante nos RAADs)<\/li>\n<li>Relat\u00f3rio de Acompanhamento da chefia imediata (Dire\u00e7\u00e3o)<\/li>\n<li>Certificado de participa\u00e7\u00e3o nos cursos de forma\u00e7\u00e3o pedag\u00f3gica &#8211; PRE (M\u00f3dulos I e II)<\/li>\n<\/ol>\n<\/li>\n<\/ol>\n<p><strong>Como enviar a documenta\u00e7\u00e3o no SEI?<\/strong><\/p>\n<ul>\n<li>Digitar o n\u00ba do processo na caixa de pesquisa (n\u00e3o \u00e9 necess\u00e1rio que o processo esteja atribu\u00eddo para que se insira documentos)<\/li>\n<li>Criar um documento do tipo Despacho<\/li>\n<li>Na tela &#8220;Gerar documento&#8221;, selecionar a op\u00e7\u00e3o\u00a0<strong>Texto padr\u00e3o<\/strong> e selecionar o modelo aplic\u00e1vel:\n<ul>\n<li>Est\u00e1gio Prob-Relat\u00f3rio Atividades e Autoavalia\u00e7\u00e3o<\/li>\n<li>Est\u00e1gio Probat\u00f3rio &#8211; Plano de trabalho<\/li>\n<li>Est\u00e1gio Probat\u00f3rio &#8211; Relat\u00f3rio de Acomp. do Tutor<\/li>\n<\/ul>\n<\/li>\n<li>Os documentos: RAAD, Avalia\u00e7\u00f5es Colaterais e Certificados de participa\u00e7\u00e3o em cursos de forma\u00e7\u00e3o pedag\u00f3gica devem ser inseridos no processo em formato .pdf (Novo documento -&gt; Externo)<\/li>\n<\/ul>\n<p>Documentos importantes:<\/p>\n<ol>\n<li style=\"list-style-type: none\">\n<ol>\n<li style=\"list-style-type: none\">\n<ol>\n<li><a href=\"https:\/\/drive.google.com\/file\/d\/1VYh7A3Ke3hSaAvHoBQEJOMiF4RnRpel5\/view?usp=sharing\">Portaria 24\/2018<\/a>\u00a0e <a href=\"https:\/\/drive.google.com\/file\/d\/1qhWy78k9AKKR4jS-X54bNMztkSiHmpdT\/view?usp=sharing\">Portaria 25\/2018<\/a> &#8211; Estabelecem as Comiss\u00f5es Avaliadoras de Est\u00e1gio Probat\u00f3rio Docente do Centro de Engenharias<\/li>\n<li><a href=\"https:\/\/drive.google.com\/file\/d\/0B9b7AE9F7KpsQVgwQjRHVE1KLWs\/view?usp=sharing\">Resolu\u00e7\u00e3o n\u00ba13\/2014 &#8211; CONSUN<\/a> &#8211; Normas de Avalia\u00e7\u00e3o de Est\u00e1gio Probat\u00f3rio Docente da UFPel.<\/li>\n<li><a href=\"https:\/\/docs.google.com\/spreadsheets\/d\/1Im1_RY2E2KbfEK3RuMn2Vtr6d7k9U8VY4xp5xaJrQBg\/edit?usp=sharing\">Listagem de Tutores<\/a> &#8211; Centro de Engenharias (atualizada em 13\/05\/2019).<\/li>\n<li><a href=\"https:\/\/drive.google.com\/file\/d\/1lsg2SFKWatJe4qsCe33XPCvjp-bHz0Lt\/view?usp=sharing\">Modelo de avalia\u00e7\u00e3o colateral<\/a> (Anexo I &#8211; Resolu\u00e7\u00e3o 11\/2014 do COCEPE)<\/li>\n<\/ol>\n<\/li>\n<\/ol>\n<\/li>\n<\/ol>\n","protected":false},"excerpt":{"rendered":"<p>Aos docentes avaliados: Conforme Resolu\u00e7\u00e3o 013\/2014, o Est\u00e1gio Probat\u00f3rio Docente ter\u00e1 dura\u00e7\u00e3o de 36 meses e ser\u00e1 acompanhado por um tutor, definido pela Dire\u00e7\u00e3o da Unidade, quando do ingresso do docente avaliado. Ser\u00e1 criado um processo no SEI, pela Secretaria Administrativa, no qual dever\u00e3o ser anexados todos os documentos pelo docente em est\u00e1gio probat\u00f3rio e [&hellip;]<\/p>\n","protected":false},"author":67,"featured_media":0,"parent":0,"menu_order":0,"comment_status":"closed","ping_status":"closed","template":"","meta":{"footnotes":""},"class_list":["post-1351","page","type-page","status-publish","hentry"],"publishpress_future_action":{"enabled":false,"date":"2026-04-19 22:41:43","action":"change-status","newStatus":"draft","terms":[],"taxonomy":"","extraData":[]},"publishpress_future_workflow_manual_trigger":{"enabledWorkflows":[]},"_links":{"self":[{"href":"https:\/\/wp.ufpel.edu.br\/ceng\/wp-json\/wp\/v2\/pages\/1351","targetHints":{"allow":["GET"]}}],"collection":[{"href":"https:\/\/wp.ufpel.edu.br\/ceng\/wp-json\/wp\/v2\/pages"}],"about":[{"href":"https:\/\/wp.ufpel.edu.br\/ceng\/wp-json\/wp\/v2\/types\/page"}],"author":[{"embeddable":true,"href":"https:\/\/wp.ufpel.edu.br\/ceng\/wp-json\/wp\/v2\/users\/67"}],"replies":[{"embeddable":true,"href":"https:\/\/wp.ufpel.edu.br\/ceng\/wp-json\/wp\/v2\/comments?post=1351"}],"version-history":[{"count":24,"href":"https:\/\/wp.ufpel.edu.br\/ceng\/wp-json\/wp\/v2\/pages\/1351\/revisions"}],"predecessor-version":[{"id":5754,"href":"https:\/\/wp.ufpel.edu.br\/ceng\/wp-json\/wp\/v2\/pages\/1351\/revisions\/5754"}],"wp:attachment":[{"href":"https:\/\/wp.ufpel.edu.br\/ceng\/wp-json\/wp\/v2\/media?parent=1351"}],"curies":[{"name":"wp","href":"https:\/\/api.w.org\/{rel}","templated":true}]}}