{"id":1258,"date":"2016-09-05T13:12:45","date_gmt":"2016-09-05T16:12:45","guid":{"rendered":"https:\/\/wp.ufpel.edu.br\/ceng\/?page_id=1258"},"modified":"2021-03-16T11:46:48","modified_gmt":"2021-03-16T14:46:48","slug":"procedimentos-pesquisa","status":"publish","type":"page","link":"https:\/\/wp.ufpel.edu.br\/ceng\/camaras\/pesquisa\/procedimentos-pesquisa\/","title":{"rendered":"Procedimentos"},"content":{"rendered":"<p><strong>PARA PROJETOS COM \u00caNFASE EM PESQUISA:<\/strong><\/p>\n<ul>\n<li>Novos projetos devem ser enviados com anteced\u00eancia de 45 dias da data de in\u00edcio, tendo em vista as tramita\u00e7\u00f5es necess\u00e1rias.<\/li>\n<li>No projeto cadastrado no Cobalto devem obrigatoriamente constar vincula\u00e7\u00e3o a um grupo de pesquisa e membros discentes do Centro de Engenharias, conforme requisitos da PRPPGI.<\/li>\n<li>Os novos projetos devem ter dura\u00e7\u00e3o m\u00ednima de dois anos.<\/li>\n<\/ul>\n<h3>Novos procedimentos para submiss\u00e3o de projetos unificados\u00a0com \u00eanfase em Ensino, Pesquisa e Extens\u00e3o<\/h3>\n<p><span style=\"font-size: 10pt\">Conforme os termos do Memorando-Circular n\u00ba 2\/2020\/CENG (SEI n\u00ba 0917655)<\/span><\/p>\n<p><strong>Considerando\u00a0<\/strong>a migra\u00e7\u00e3o dos projetos de ensino e pesquisa para o M\u00f3dulo de Projetos Unificados no sistema Cobalto.<\/p>\n<p><strong>Considerando<\/strong>\u00a0que n\u00e3o h\u00e1 mais a\u00a0exig\u00eancia de tramita\u00e7\u00e3o via sistema SEI por parte das Pr\u00f3-Reitorias envolvidas e que toda tramita\u00e7\u00e3o \u00e9 centralizada no\u00a0sistema Cobalto, vis\u00edvel a todos envolvidos.<\/p>\n<p><strong>Considerando<\/strong>\u00a0a necessidade de\u00a0desburocratizar e simplificar\u00a0os tr\u00e2mites otimizando a evolu\u00e7\u00e3o do M\u00f3dulo com a centraliza\u00e7\u00e3o no desenvolvimento de projetos na Unidade.<\/p>\n<p>Informamos aos servidores que n\u00e3o h\u00e1 mais necessidade de envio via sistema SEI\u00a0dos projetos unificados\u00a0com \u00eanfase em Ensino, Pesquisa e Extens\u00e3o \u00e0s C\u00e2maras do Centro de Engenharias.<\/p>\n<p>O servidor, ao enviar o projeto via sistema Cobalto, encaminha-o automaticamente \u00e0 Comiss\u00e3o Interdisciplinar de Projetos (CIP), vinculada ao COCEPE. Ap\u00f3s a an\u00e1lise e emiss\u00e3o de parecer da CIP, em alguns casos, o processo \u00e9 encaminhado ao servidor para adequa\u00e7\u00f5es e posterior tramita\u00e7\u00e3o novamente. Ap\u00f3s a aprova\u00e7\u00e3o da CIP, o processo \u00e9 tramitado ao CEng para aprecia\u00e7\u00e3o pela(s) respectiva(s) C\u00e2mara(s) envolvida(s) de acordo com as a\u00e7\u00f5es propostas. Cabe destacar que toda tramita\u00e7\u00e3o ficar\u00e1 a cargo das Coordena\u00e7\u00f5es de C\u00e2maras. Ap\u00f3s a an\u00e1lise por parte das C\u00e2maras, o processo pode retornar ao servidor para adequa\u00e7\u00f5es ou, de imediato, ser aprovado. Neste \u00faltimo caso, o processo \u00e9 encaminhado \u00e0 Comiss\u00e3o de Gradua\u00e7\u00e3o e, posteriormente, ao COCEPE. \u00c9 importante atentar-se a aba tramita\u00e7\u00e3o (Cobalto) e aos pareceres l\u00e1 exarados.<\/p>\n<h3><strong>Procedimento para cancelamento de projeto<\/strong><\/h3>\n<p>A solicita\u00e7\u00e3o de cancelamento de projeto \u00e9 feita via SEI atrav\u00e9s do preenchimento do formul\u00e1rio \u201cPRPPGI Cancelamento de Projeto de Pesquisa\u201d. Em projetos j\u00e1 aprovados, a solicita\u00e7\u00e3o deve ser assinada tamb\u00e9m pela dire\u00e7\u00e3o da unidade. A solicita\u00e7\u00e3o deve ser encaminhada para o N\u00facleo de Apoio a Projetos (NAP). Projetos que foram contabilizados no RAAD ser\u00e3o encaminhados para emiss\u00e3o de parecer da CPPD. Projetos que possuem financeiro via UGR ou funda\u00e7\u00e3o ser\u00e3o encaminhados para emiss\u00e3o de parecer do setor de contratos e conv\u00eanios antes do cancelamento.<\/p>\n<p>&nbsp;<\/p>\n","protected":false},"excerpt":{"rendered":"<p>PARA PROJETOS COM \u00caNFASE EM PESQUISA: Novos projetos devem ser enviados com anteced\u00eancia de 45 dias da data de in\u00edcio, tendo em vista as tramita\u00e7\u00f5es necess\u00e1rias. No projeto cadastrado no Cobalto devem obrigatoriamente constar vincula\u00e7\u00e3o a um grupo de pesquisa e membros discentes do Centro de Engenharias, conforme requisitos da PRPPGI. Os novos projetos devem [&hellip;]<\/p>\n","protected":false},"author":67,"featured_media":0,"parent":415,"menu_order":0,"comment_status":"closed","ping_status":"closed","template":"","meta":{"footnotes":""},"class_list":["post-1258","page","type-page","status-publish","hentry"],"publishpress_future_action":{"enabled":false,"date":"2026-04-23 18:28:06","action":"change-status","newStatus":"draft","terms":[],"taxonomy":"","extraData":[]},"publishpress_future_workflow_manual_trigger":{"enabledWorkflows":[]},"_links":{"self":[{"href":"https:\/\/wp.ufpel.edu.br\/ceng\/wp-json\/wp\/v2\/pages\/1258","targetHints":{"allow":["GET"]}}],"collection":[{"href":"https:\/\/wp.ufpel.edu.br\/ceng\/wp-json\/wp\/v2\/pages"}],"about":[{"href":"https:\/\/wp.ufpel.edu.br\/ceng\/wp-json\/wp\/v2\/types\/page"}],"author":[{"embeddable":true,"href":"https:\/\/wp.ufpel.edu.br\/ceng\/wp-json\/wp\/v2\/users\/67"}],"replies":[{"embeddable":true,"href":"https:\/\/wp.ufpel.edu.br\/ceng\/wp-json\/wp\/v2\/comments?post=1258"}],"version-history":[{"count":25,"href":"https:\/\/wp.ufpel.edu.br\/ceng\/wp-json\/wp\/v2\/pages\/1258\/revisions"}],"predecessor-version":[{"id":9405,"href":"https:\/\/wp.ufpel.edu.br\/ceng\/wp-json\/wp\/v2\/pages\/1258\/revisions\/9405"}],"up":[{"embeddable":true,"href":"https:\/\/wp.ufpel.edu.br\/ceng\/wp-json\/wp\/v2\/pages\/415"}],"wp:attachment":[{"href":"https:\/\/wp.ufpel.edu.br\/ceng\/wp-json\/wp\/v2\/media?parent=1258"}],"curies":[{"name":"wp","href":"https:\/\/api.w.org\/{rel}","templated":true}]}}