{"id":10880,"date":"2023-01-27T10:30:21","date_gmt":"2023-01-27T13:30:21","guid":{"rendered":"https:\/\/wp.ufpel.edu.br\/ceng\/?page_id=10880"},"modified":"2023-07-24T14:03:08","modified_gmt":"2023-07-24T17:03:08","slug":"atendimento-ceng","status":"publish","type":"page","link":"https:\/\/wp.ufpel.edu.br\/ceng\/atendimento-ceng\/","title":{"rendered":"SOLICITAR ATENDIMENTO TI CENG \/ AGENDAMENTO (sala 306A) \/  AUTORIZA\u00c7\u00c3O PARA RETIRADA DE CHAVES"},"content":{"rendered":"<p><strong>T.I do CEng :<\/strong>\u00a0Leonardo Manetti<\/p>\n<p><strong>Sala :<\/strong>\u00a0305.6<\/p>\n<p><strong><em>e-mail :\u00a0<\/em><\/strong><a href=\"mailto:ti.ceng@ufpel.edu.br\">ti.ceng@ufpel.edu.br<\/a><\/p>\n<p><strong>Preencha o formul\u00e1rio para solicita\u00e7\u00e3o de atendimento.<\/strong><\/p>\n<p><em>OBS.: AUTORIZA\u00c7\u00c3O PARA RETIRADA DE CHAVES DEVE SER REALIZADA PELO PROFESSOR.<\/em><\/p>\n\n<div class=\"wpcf7 no-js\" id=\"wpcf7-f10802-o1\" lang=\"pt-BR\" dir=\"ltr\" data-wpcf7-id=\"10802\">\n<div class=\"screen-reader-response\"><p role=\"status\" aria-live=\"polite\" aria-atomic=\"true\"><\/p> <ul><\/ul><\/div>\n<form action=\"\/ceng\/wp-json\/wp\/v2\/pages\/10880#wpcf7-f10802-o1\" method=\"post\" class=\"wpcf7-form init\" aria-label=\"Formul\u00e1rios de contato\" enctype=\"multipart\/form-data\" novalidate=\"novalidate\" data-status=\"init\">\n<fieldset class=\"hidden-fields-container\"><input type=\"hidden\" name=\"_wpcf7\" value=\"10802\" \/><input type=\"hidden\" name=\"_wpcf7_version\" value=\"6.1.4\" \/><input type=\"hidden\" name=\"_wpcf7_locale\" value=\"pt_BR\" \/><input type=\"hidden\" name=\"_wpcf7_unit_tag\" value=\"wpcf7-f10802-o1\" \/><input type=\"hidden\" name=\"_wpcf7_container_post\" value=\"0\" \/><input type=\"hidden\" name=\"_wpcf7_posted_data_hash\" value=\"\" \/><input type=\"hidden\" name=\"_wpcf7cf_hidden_group_fields\" value=\"[]\" \/><input type=\"hidden\" name=\"_wpcf7cf_hidden_groups\" value=\"[]\" \/><input type=\"hidden\" name=\"_wpcf7cf_visible_groups\" value=\"[]\" \/><input type=\"hidden\" name=\"_wpcf7cf_repeaters\" value=\"[]\" \/><input type=\"hidden\" name=\"_wpcf7cf_steps\" value=\"{}\" \/><input type=\"hidden\" name=\"_wpcf7cf_options\" value=\"{&quot;form_id&quot;:10802,&quot;conditions&quot;:[],&quot;settings&quot;:{&quot;animation&quot;:&quot;yes&quot;,&quot;animation_intime&quot;:200,&quot;animation_outtime&quot;:200,&quot;conditions_ui&quot;:&quot;normal&quot;,&quot;notice_dismissed&quot;:false}}\" \/>\n<\/fieldset>\n<p><label> Seu nome*:<br \/>\n<span class=\"wpcf7-form-control-wrap\" data-name=\"Nome\"><input size=\"40\" maxlength=\"400\" class=\"wpcf7-form-control wpcf7-text wpcf7-validates-as-required\" aria-required=\"true\" aria-invalid=\"false\" value=\"\" type=\"text\" name=\"Nome\" \/><\/span><br \/>\n<\/label><br \/>\n<label> Seu e-mail*:<br \/>\n<span class=\"wpcf7-form-control-wrap\" data-name=\"Email\"><input size=\"40\" maxlength=\"400\" class=\"wpcf7-form-control wpcf7-email wpcf7-validates-as-required wpcf7-text wpcf7-validates-as-email\" aria-required=\"true\" aria-invalid=\"false\" value=\"\" type=\"email\" name=\"Email\" \/><\/span><br \/>\n<\/label><br \/>\n<label> Sou * : <span class=\"wpcf7-form-control-wrap\" data-name=\"Servidor\"><select class=\"wpcf7-form-control wpcf7-select wpcf7-validates-as-required\" aria-required=\"true\" aria-invalid=\"false\" name=\"Servidor\"><option value=\"Docente\">Docente<\/option><option value=\"TAE\">TAE<\/option><option value=\"Discente\">Discente<\/option><\/select><\/span><br \/>\n<\/label>\n<\/p>\n<p><label> Assunto*:<br \/>\n<span class=\"wpcf7-form-control-wrap\" data-name=\"Assunto\"><select class=\"wpcf7-form-control wpcf7-select wpcf7-validates-as-required\" aria-required=\"true\" aria-invalid=\"false\" name=\"Assunto\"><option value=\"ATENDIMENTO TI CENG\">ATENDIMENTO TI CENG<\/option><option value=\"AUTORIZA\u00c7\u00c3O PARA RETIRADA DE CHAVES\">AUTORIZA\u00c7\u00c3O PARA RETIRADA DE CHAVES<\/option><option value=\"AUTORIZA\u00c7\u00c3O PARA USO DE SALA NO S\u00c1BADO\">AUTORIZA\u00c7\u00c3O PARA USO DE SALA NO S\u00c1BADO<\/option><\/select><\/span><br \/>\n<\/label>\n<\/p>\n<p><label> Sala:<br \/>\n<span class=\"wpcf7-form-control-wrap\" data-name=\"Sala\"><input size=\"40\" maxlength=\"400\" class=\"wpcf7-form-control wpcf7-text\" aria-invalid=\"false\" value=\"\" type=\"text\" name=\"Sala\" \/><\/span><br \/>\n<\/label>\n<\/p>\n<p><label> Descri\u00e7\u00e3o do problema: *<br \/>\n<span class=\"wpcf7-form-control-wrap\" data-name=\"your-message\"><textarea cols=\"40\" rows=\"10\" maxlength=\"2000\" class=\"wpcf7-form-control wpcf7-textarea wpcf7-validates-as-required\" aria-required=\"true\" aria-invalid=\"false\" name=\"your-message\"><\/textarea><\/span><br \/>\n<\/label>\n<\/p>\n<p><label> Foto (opcional)<br \/>\n<span class=\"wpcf7-form-control-wrap\" data-name=\"Foto\"><input size=\"40\" class=\"wpcf7-form-control wpcf7-file\" accept=\".jpg,.png,.doc,.docx,.pdf\" aria-invalid=\"false\" type=\"file\" name=\"Foto\" \/><\/span><br \/>\n<\/label>\n<\/p>\n<p><input class=\"wpcf7-form-control wpcf7-submit has-spinner\" type=\"submit\" value=\"Enviar\" \/>\n<\/p><p style=\"display: none !important;\" class=\"akismet-fields-container\" data-prefix=\"_wpcf7_ak_\"><label>&#916;<textarea name=\"_wpcf7_ak_hp_textarea\" cols=\"45\" rows=\"8\" maxlength=\"100\"><\/textarea><\/label><input type=\"hidden\" id=\"ak_js_1\" name=\"_wpcf7_ak_js\" value=\"40\"\/><script>document.getElementById( \"ak_js_1\" ).setAttribute( \"value\", ( new Date() ).getTime() );<\/script><\/p><div class=\"wpcf7-response-output\" aria-hidden=\"true\"><\/div>\n<\/form>\n<\/div>\n\n<p>&nbsp;<\/p>\n","protected":false},"excerpt":{"rendered":"<p>T.I do CEng :\u00a0Leonardo Manetti Sala :\u00a0305.6 e-mail :\u00a0ti.ceng@ufpel.edu.br Preencha o formul\u00e1rio para solicita\u00e7\u00e3o de atendimento. OBS.: AUTORIZA\u00c7\u00c3O PARA RETIRADA DE CHAVES DEVE SER REALIZADA PELO PROFESSOR. &nbsp;<\/p>\n","protected":false},"author":67,"featured_media":0,"parent":0,"menu_order":0,"comment_status":"closed","ping_status":"closed","template":"","meta":{"footnotes":""},"class_list":["post-10880","page","type-page","status-publish","hentry"],"publishpress_future_action":{"enabled":false,"date":"2026-04-19 17:19:55","action":"change-status","newStatus":"draft","terms":[],"taxonomy":"","extraData":[]},"publishpress_future_workflow_manual_trigger":{"enabledWorkflows":[]},"_links":{"self":[{"href":"https:\/\/wp.ufpel.edu.br\/ceng\/wp-json\/wp\/v2\/pages\/10880","targetHints":{"allow":["GET"]}}],"collection":[{"href":"https:\/\/wp.ufpel.edu.br\/ceng\/wp-json\/wp\/v2\/pages"}],"about":[{"href":"https:\/\/wp.ufpel.edu.br\/ceng\/wp-json\/wp\/v2\/types\/page"}],"author":[{"embeddable":true,"href":"https:\/\/wp.ufpel.edu.br\/ceng\/wp-json\/wp\/v2\/users\/67"}],"replies":[{"embeddable":true,"href":"https:\/\/wp.ufpel.edu.br\/ceng\/wp-json\/wp\/v2\/comments?post=10880"}],"version-history":[{"count":9,"href":"https:\/\/wp.ufpel.edu.br\/ceng\/wp-json\/wp\/v2\/pages\/10880\/revisions"}],"predecessor-version":[{"id":10888,"href":"https:\/\/wp.ufpel.edu.br\/ceng\/wp-json\/wp\/v2\/pages\/10880\/revisions\/10888"}],"wp:attachment":[{"href":"https:\/\/wp.ufpel.edu.br\/ceng\/wp-json\/wp\/v2\/media?parent=10880"}],"curies":[{"name":"wp","href":"https:\/\/api.w.org\/{rel}","templated":true}]}}