{"id":8,"date":"2020-05-25T10:51:57","date_gmt":"2020-05-25T13:51:57","guid":{"rendered":"https:\/\/wp.ufpel.edu.br\/cemad\/?page_id=8"},"modified":"2020-05-25T14:54:43","modified_gmt":"2020-05-25T17:54:43","slug":"professores-associados","status":"publish","type":"page","link":"https:\/\/wp.ufpel.edu.br\/cemad\/professores-associados\/","title":{"rendered":"1. Professores Associados"},"content":{"rendered":"<p><img class=\"alignnone size-medium wp-image-32\" src=\"https:\/\/wp.ufpel.edu.br\/cemad\/files\/2020\/05\/Alejandro-358x400.jpg\" alt=\"\" width=\"200\" height=\"200\" \/><br \/>\nAlejandro Germ\u00e1n Frank (UFRGS\/ Engenharia de Produ\u00e7\u00e3o)<br \/>\n<a href=\"http:\/\/lattes.cnpq.br\/8495226692192773\">Curr\u00edculo lattes &#8211; CNPq<\/a><\/p>\n<p><img class=\"alignnone size-medium wp-image-39\" src=\"https:\/\/wp.ufpel.edu.br\/cemad\/files\/2020\/05\/Andre-370x400.jpg\" alt=\"\" width=\"200\" height=\"200\" \/><br \/>\nAndr\u00e9 Luis Squarize Chagas (USP\/ Economia)<br \/>\n<a href=\"http:\/\/lattes.cnpq.br\/9393232413376568\">Curr\u00edculo lattes &#8211; CNPq<\/a><\/p>\n<p><img class=\"alignnone size-full wp-image-33\" src=\"https:\/\/wp.ufpel.edu.br\/cemad\/files\/2020\/05\/Daniel.jpg\" alt=\"\" width=\"200\" height=\"200\" \/><br \/>\nDaniel de Abreu Pereira Uhr (UFPel \/ Economia)<br \/>\n<a href=\"http:\/\/lattes.cnpq.br\/4304478309284161\">Curr\u00edculo lattes &#8211; CNPq<\/a><\/p>\n<p><img class=\"alignnone size-medium wp-image-40\" src=\"https:\/\/wp.ufpel.edu.br\/cemad\/files\/2020\/05\/Julia-300x400.jpg\" alt=\"\" width=\"200\" height=\"200\" \/><br \/>\nJ\u00falia Gallego Ziero Uhr (UFPel \/ Economia)<br \/>\n<a href=\"http:\/\/lattes.cnpq.br\/0074021669666838\">Curr\u00edculo lattes &#8211; CNPq<\/a><\/p>\n<p>Mariana Fialho Ferreira (UFES\/ Economia)<br \/>\n<a href=\"http:\/\/lattes.cnpq.br\/6904941332556485\">Curr\u00edculo lattes &#8211; CNPq<\/a><\/p>\n","protected":false},"excerpt":{"rendered":"<p>Alejandro Germ\u00e1n Frank (UFRGS\/ Engenharia de Produ\u00e7\u00e3o) Curr\u00edculo lattes &#8211; CNPq Andr\u00e9 Luis Squarize Chagas (USP\/ Economia) Curr\u00edculo lattes &#8211; CNPq Daniel de Abreu Pereira Uhr (UFPel \/ Economia) Curr\u00edculo lattes &#8211; CNPq J\u00falia Gallego Ziero Uhr (UFPel \/ Economia) Curr\u00edculo lattes &#8211; CNPq Mariana Fialho Ferreira (UFES\/ Economia) Curr\u00edculo lattes &#8211; CNPq<\/p>\n","protected":false},"author":639,"featured_media":0,"parent":0,"menu_order":0,"comment_status":"closed","ping_status":"closed","template":"","meta":{"footnotes":""},"class_list":["post-8","page","type-page","status-publish","hentry"],"_links":{"self":[{"href":"https:\/\/wp.ufpel.edu.br\/cemad\/wp-json\/wp\/v2\/pages\/8","targetHints":{"allow":["GET"]}}],"collection":[{"href":"https:\/\/wp.ufpel.edu.br\/cemad\/wp-json\/wp\/v2\/pages"}],"about":[{"href":"https:\/\/wp.ufpel.edu.br\/cemad\/wp-json\/wp\/v2\/types\/page"}],"author":[{"embeddable":true,"href":"https:\/\/wp.ufpel.edu.br\/cemad\/wp-json\/wp\/v2\/users\/639"}],"replies":[{"embeddable":true,"href":"https:\/\/wp.ufpel.edu.br\/cemad\/wp-json\/wp\/v2\/comments?post=8"}],"version-history":[{"count":12,"href":"https:\/\/wp.ufpel.edu.br\/cemad\/wp-json\/wp\/v2\/pages\/8\/revisions"}],"predecessor-version":[{"id":45,"href":"https:\/\/wp.ufpel.edu.br\/cemad\/wp-json\/wp\/v2\/pages\/8\/revisions\/45"}],"wp:attachment":[{"href":"https:\/\/wp.ufpel.edu.br\/cemad\/wp-json\/wp\/v2\/media?parent=8"}],"curies":[{"name":"wp","href":"https:\/\/api.w.org\/{rel}","templated":true}]}}