{"id":49,"date":"2020-05-25T14:47:39","date_gmt":"2020-05-25T17:47:39","guid":{"rendered":"https:\/\/wp.ufpel.edu.br\/cemad\/?page_id=49"},"modified":"2020-05-25T14:52:18","modified_gmt":"2020-05-25T17:52:18","slug":"4-sobre","status":"publish","type":"page","link":"https:\/\/wp.ufpel.edu.br\/cemad\/4-sobre\/","title":{"rendered":"4. Sobre"},"content":{"rendered":"<p><img class=\"size-medium wp-image-41 aligncenter\" src=\"https:\/\/wp.ufpel.edu.br\/cemad\/files\/2020\/05\/Logo1-400x400.png\" alt=\"\" width=\"150\" height=\"150\" data-mce-fragment=\"1\" srcset=\"https:\/\/wp.ufpel.edu.br\/cemad\/files\/2020\/05\/Logo1-400x400.png 400w, https:\/\/wp.ufpel.edu.br\/cemad\/files\/2020\/05\/Logo1-200x200.png 200w, https:\/\/wp.ufpel.edu.br\/cemad\/files\/2020\/05\/Logo1.png 500w\" sizes=\"(max-width: 150px) 100vw, 150px\" \/><\/p>\n<p>O Centro de Microeconometria e An\u00e1lise de Dados (CeMAD) \u00e9 um n\u00facleo de pesquisa do Departamento de Ci\u00eancias Econ\u00f4micas (Decon) da Universidade Federal de Pelotas (UFPel). O grupo de pesquisa \u00e9 composto por professores e pesquisadores que atuam em diversas universidades e programas de p\u00f3s-gradua\u00e7\u00e3o, como no Programa de P\u00f3s-Gradua\u00e7\u00e3o em Organiza\u00e7\u00f5es e Mercados (PPGOM\/UFPel), N\u00facleo de Engenharia Organizacional (NEO) da Universidade Federal do Rio Grande do Sul (UFRS), Programa de P\u00f3s-Gradua\u00e7\u00e3o em Economia (PPGE\/UFES) da Universidade Federal do Esp\u00edrito Santo (UFES), e do N\u00facleo de Economia Regional e Urbana (NEREUS) da Faculdade de Economia e Administra\u00e7\u00e3o da Universidade de S\u00e3o Paulo (USP).<\/p>\n<p>O CeMAD-UFPel combina ferramentas de Microeconometria e An\u00e1lise de Dados com teorias e abordagens das ci\u00eancias econ\u00f4micas objetificando identificar os efeitos das diversas problem\u00e1ticas econ\u00f4micas a fim de desenvolver solu\u00e7\u00f5es pr\u00e1ticas. Este grupo trabalha sobre o bloco tem\u00e1tico da Economia Aplicada.<\/p>\n<p>Certifica\u00e7\u00e3o do grupo de pesquisa no CNPq: http:\/\/dgp.cnpq.br\/dgp\/espelhogrupo\/562904<\/p>\n","protected":false},"excerpt":{"rendered":"<p>O Centro de Microeconometria e An\u00e1lise de Dados (CeMAD) \u00e9 um n\u00facleo de pesquisa do Departamento de Ci\u00eancias Econ\u00f4micas (Decon) da Universidade Federal de Pelotas (UFPel). O grupo de pesquisa \u00e9 composto por professores e pesquisadores que atuam em diversas universidades e programas de p\u00f3s-gradua\u00e7\u00e3o, como no Programa de P\u00f3s-Gradua\u00e7\u00e3o em Organiza\u00e7\u00f5es e Mercados (PPGOM\/UFPel), [&hellip;]<\/p>\n","protected":false},"author":639,"featured_media":0,"parent":0,"menu_order":0,"comment_status":"closed","ping_status":"closed","template":"","meta":{"footnotes":""},"class_list":["post-49","page","type-page","status-publish","hentry"],"_links":{"self":[{"href":"https:\/\/wp.ufpel.edu.br\/cemad\/wp-json\/wp\/v2\/pages\/49","targetHints":{"allow":["GET"]}}],"collection":[{"href":"https:\/\/wp.ufpel.edu.br\/cemad\/wp-json\/wp\/v2\/pages"}],"about":[{"href":"https:\/\/wp.ufpel.edu.br\/cemad\/wp-json\/wp\/v2\/types\/page"}],"author":[{"embeddable":true,"href":"https:\/\/wp.ufpel.edu.br\/cemad\/wp-json\/wp\/v2\/users\/639"}],"replies":[{"embeddable":true,"href":"https:\/\/wp.ufpel.edu.br\/cemad\/wp-json\/wp\/v2\/comments?post=49"}],"version-history":[{"count":5,"href":"https:\/\/wp.ufpel.edu.br\/cemad\/wp-json\/wp\/v2\/pages\/49\/revisions"}],"predecessor-version":[{"id":58,"href":"https:\/\/wp.ufpel.edu.br\/cemad\/wp-json\/wp\/v2\/pages\/49\/revisions\/58"}],"wp:attachment":[{"href":"https:\/\/wp.ufpel.edu.br\/cemad\/wp-json\/wp\/v2\/media?parent=49"}],"curies":[{"name":"wp","href":"https:\/\/api.w.org\/{rel}","templated":true}]}}