{"id":16,"date":"2020-05-25T10:55:51","date_gmt":"2020-05-25T13:55:51","guid":{"rendered":"https:\/\/wp.ufpel.edu.br\/cemad\/?page_id=16"},"modified":"2020-05-25T14:03:46","modified_gmt":"2020-05-25T17:03:46","slug":"linhas-de-pesquisa","status":"publish","type":"page","link":"https:\/\/wp.ufpel.edu.br\/cemad\/linhas-de-pesquisa\/","title":{"rendered":"3. Linhas de Pesquisa"},"content":{"rendered":"<p>Direito Econ\u00f4mico e An\u00e1lise Econ\u00f4mica do Direito<\/p>\n<p>An\u00e1lise Econ\u00f4mica do Mercado de Trabalho<\/p>\n<p>Economia de Empresas e Organiza\u00e7\u00e3o Industrial<\/p>\n<p>Economia do Meio Ambiente, Economia Espacial e Urbana<\/p>\n","protected":false},"excerpt":{"rendered":"<p>Direito Econ\u00f4mico e An\u00e1lise Econ\u00f4mica do Direito An\u00e1lise Econ\u00f4mica do Mercado de Trabalho Economia de Empresas e Organiza\u00e7\u00e3o Industrial Economia do Meio Ambiente, Economia Espacial e Urbana<\/p>\n","protected":false},"author":639,"featured_media":0,"parent":0,"menu_order":0,"comment_status":"closed","ping_status":"closed","template":"","meta":{"footnotes":""},"class_list":["post-16","page","type-page","status-publish","hentry"],"_links":{"self":[{"href":"https:\/\/wp.ufpel.edu.br\/cemad\/wp-json\/wp\/v2\/pages\/16","targetHints":{"allow":["GET"]}}],"collection":[{"href":"https:\/\/wp.ufpel.edu.br\/cemad\/wp-json\/wp\/v2\/pages"}],"about":[{"href":"https:\/\/wp.ufpel.edu.br\/cemad\/wp-json\/wp\/v2\/types\/page"}],"author":[{"embeddable":true,"href":"https:\/\/wp.ufpel.edu.br\/cemad\/wp-json\/wp\/v2\/users\/639"}],"replies":[{"embeddable":true,"href":"https:\/\/wp.ufpel.edu.br\/cemad\/wp-json\/wp\/v2\/comments?post=16"}],"version-history":[{"count":2,"href":"https:\/\/wp.ufpel.edu.br\/cemad\/wp-json\/wp\/v2\/pages\/16\/revisions"}],"predecessor-version":[{"id":30,"href":"https:\/\/wp.ufpel.edu.br\/cemad\/wp-json\/wp\/v2\/pages\/16\/revisions\/30"}],"wp:attachment":[{"href":"https:\/\/wp.ufpel.edu.br\/cemad\/wp-json\/wp\/v2\/media?parent=16"}],"curies":[{"name":"wp","href":"https:\/\/api.w.org\/{rel}","templated":true}]}}