{"id":13,"date":"2020-05-25T10:55:05","date_gmt":"2020-05-25T13:55:05","guid":{"rendered":"https:\/\/wp.ufpel.edu.br\/cemad\/?page_id=13"},"modified":"2020-05-25T14:03:11","modified_gmt":"2020-05-25T17:03:11","slug":"estudantes-associados","status":"publish","type":"page","link":"https:\/\/wp.ufpel.edu.br\/cemad\/estudantes-associados\/","title":{"rendered":"2. Estudantes Associados"},"content":{"rendered":"<p>Bruno Benevit (Mestrado\/PPGOM)<br \/>\nC\u00edntia Amaral Pinto Cezar (Doutorado\/ PPGOM)<br \/>\nEduarda Miller de Figueiredo (Mestrado\/PPGOM)<br \/>\nKelly Fabiane de Farias Sim\u00f5es (Mestrado\/PPGOM)<br \/>\nMaria Laura Vict\u00f3ria Marques (Mestrado\/ PPGOM)<br \/>\nNathi\u00e9le Hellwig Liermann (Gradua\u00e7\u00e3o Decon\/UFPel)<\/p>\n","protected":false},"excerpt":{"rendered":"<p>Bruno Benevit (Mestrado\/PPGOM) C\u00edntia Amaral Pinto Cezar (Doutorado\/ PPGOM) Eduarda Miller de Figueiredo (Mestrado\/PPGOM) Kelly Fabiane de Farias Sim\u00f5es (Mestrado\/PPGOM) Maria Laura Vict\u00f3ria Marques (Mestrado\/ PPGOM) Nathi\u00e9le Hellwig Liermann (Gradua\u00e7\u00e3o Decon\/UFPel)<\/p>\n","protected":false},"author":639,"featured_media":0,"parent":0,"menu_order":0,"comment_status":"closed","ping_status":"closed","template":"","meta":{"footnotes":""},"class_list":["post-13","page","type-page","status-publish","hentry"],"_links":{"self":[{"href":"https:\/\/wp.ufpel.edu.br\/cemad\/wp-json\/wp\/v2\/pages\/13","targetHints":{"allow":["GET"]}}],"collection":[{"href":"https:\/\/wp.ufpel.edu.br\/cemad\/wp-json\/wp\/v2\/pages"}],"about":[{"href":"https:\/\/wp.ufpel.edu.br\/cemad\/wp-json\/wp\/v2\/types\/page"}],"author":[{"embeddable":true,"href":"https:\/\/wp.ufpel.edu.br\/cemad\/wp-json\/wp\/v2\/users\/639"}],"replies":[{"embeddable":true,"href":"https:\/\/wp.ufpel.edu.br\/cemad\/wp-json\/wp\/v2\/comments?post=13"}],"version-history":[{"count":3,"href":"https:\/\/wp.ufpel.edu.br\/cemad\/wp-json\/wp\/v2\/pages\/13\/revisions"}],"predecessor-version":[{"id":29,"href":"https:\/\/wp.ufpel.edu.br\/cemad\/wp-json\/wp\/v2\/pages\/13\/revisions\/29"}],"wp:attachment":[{"href":"https:\/\/wp.ufpel.edu.br\/cemad\/wp-json\/wp\/v2\/media?parent=13"}],"curies":[{"name":"wp","href":"https:\/\/api.w.org\/{rel}","templated":true}]}}