{"id":375,"date":"2011-10-28T14:19:01","date_gmt":"2011-10-28T16:19:01","guid":{"rendered":"https:\/\/wp.ufpel.edu.br\/ceimad\/"},"modified":"2021-03-31T20:18:07","modified_gmt":"2021-03-31T23:18:07","slug":"docentes-2","status":"publish","type":"page","link":"https:\/\/wp.ufpel.edu.br\/ceimad\/?page_id=375","title":{"rendered":"Docentes"},"content":{"rendered":"<p>O corpo docente do n\u00facleo de forma\u00e7\u00e3o espec\u00edfica conta com sete professores do quadro efetivo.<\/p>\n<p><a href=\"https:\/\/institucional.ufpel.edu.br\/servidores\/id\/139856\" target=\"_blank\" rel=\"noopener noreferrer\"><span style=\"color: #000000\"><span style=\"color: #0000ff\">Prof. Gabriel Valim Cardoso<\/span><\/span><\/a><\/p>\n<p><span style=\"color: #0000ff\"><a style=\"color: #0000ff\" href=\"https:\/\/institucional.ufpel.edu.br\/servidores\/id\/4108\" target=\"_blank\" rel=\"noopener noreferrer\">Prof. Leonardo da Silva Oliveira<\/a><\/span><\/p>\n<p><span style=\"color: #000000\"><a style=\"color: #000000\" href=\"https:\/\/institucional.ufpel.edu.br\/servidores\/id\/20840\" target=\"_blank\" rel=\"noopener noreferrer\"><span style=\"color: #0000ff\">Prof\u00aa. \u00c9rika da Silva Ferreira<\/span><\/a><\/span><\/p>\n<p><span style=\"color: #0000ff\"><a style=\"color: #0000ff\" href=\"https:\/\/institucional.ufpel.edu.br\/servidores\/id\/34396\" target=\"_blank\" rel=\"noopener noreferrer\">Prof\u00aa. Merielen de Carvalho Lopes<\/a><\/span><\/p>\n<p><span style=\"color: #0000ff\"><a style=\"color: #0000ff\" href=\"https:\/\/institucional.ufpel.edu.br\/servidores\/id\/27406\" target=\"_blank\" rel=\"noopener noreferrer\">Prof. Darci Alberto Gatto<\/a><\/span><\/p>\n<p><span style=\"color: #000000\"><a style=\"color: #000000\" href=\"https:\/\/institucional.ufpel.edu.br\/servidores\/id\/26241\" target=\"_blank\" rel=\"noopener noreferrer\"><span style=\"color: #0000ff\">Prof. Marcos Theodoro M\u00fcller<\/span><\/a><\/span><\/p>\n<p><span style=\"color: #0000ff\"><a style=\"color: #0000ff\" href=\"https:\/\/institucional.ufpel.edu.br\/servidores\/id\/64004\" target=\"_blank\" rel=\"noopener noreferrer\">Prof. Rafael Beltrame<\/a><\/span><\/p>\n","protected":false},"excerpt":{"rendered":"<p>O corpo docente do n\u00facleo de forma\u00e7\u00e3o espec\u00edfica conta com sete professores do quadro efetivo. Prof. Gabriel Valim Cardoso Prof. Leonardo da Silva Oliveira Prof\u00aa. \u00c9rika da Silva Ferreira Prof\u00aa. Merielen de Carvalho Lopes Prof. Darci Alberto Gatto Prof. Marcos Theodoro M\u00fcller Prof. Rafael Beltrame<\/p>\n","protected":false},"author":51,"featured_media":0,"parent":0,"menu_order":0,"comment_status":"closed","ping_status":"closed","template":"","meta":{"_crdt_document":"","footnotes":""},"class_list":["post-375","page","type-page","status-publish","hentry"],"publishpress_future_action":{"enabled":false,"date":"2026-05-23 02:04:21","action":"change-status","newStatus":"draft","terms":[],"taxonomy":"","extraData":[]},"publishpress_future_workflow_manual_trigger":{"enabledWorkflows":[]},"_links":{"self":[{"href":"https:\/\/wp.ufpel.edu.br\/ceimad\/index.php?rest_route=\/wp\/v2\/pages\/375","targetHints":{"allow":["GET"]}}],"collection":[{"href":"https:\/\/wp.ufpel.edu.br\/ceimad\/index.php?rest_route=\/wp\/v2\/pages"}],"about":[{"href":"https:\/\/wp.ufpel.edu.br\/ceimad\/index.php?rest_route=\/wp\/v2\/types\/page"}],"author":[{"embeddable":true,"href":"https:\/\/wp.ufpel.edu.br\/ceimad\/index.php?rest_route=\/wp\/v2\/users\/51"}],"replies":[{"embeddable":true,"href":"https:\/\/wp.ufpel.edu.br\/ceimad\/index.php?rest_route=%2Fwp%2Fv2%2Fcomments&post=375"}],"version-history":[{"count":12,"href":"https:\/\/wp.ufpel.edu.br\/ceimad\/index.php?rest_route=\/wp\/v2\/pages\/375\/revisions"}],"predecessor-version":[{"id":5156,"href":"https:\/\/wp.ufpel.edu.br\/ceimad\/index.php?rest_route=\/wp\/v2\/pages\/375\/revisions\/5156"}],"wp:attachment":[{"href":"https:\/\/wp.ufpel.edu.br\/ceimad\/index.php?rest_route=%2Fwp%2Fv2%2Fmedia&parent=375"}],"curies":[{"name":"wp","href":"https:\/\/api.w.org\/{rel}","templated":true}]}}