{"id":3,"date":"2010-03-31T09:32:56","date_gmt":"2010-03-31T12:32:56","guid":{"rendered":"https:\/\/wp.ufpel.edu.br\/ceimad\/?page_id=3"},"modified":"2021-03-30T22:39:31","modified_gmt":"2021-03-31T01:39:31","slug":"contato","status":"publish","type":"page","link":"https:\/\/wp.ufpel.edu.br\/ceimad\/?page_id=3","title":{"rendered":"Contato"},"content":{"rendered":"<p><strong>Contatos &#8211; Colegiado<\/strong><\/p>\n<p>E-mail: cceim.ufpel@gmail.com<br \/>\nTelefone: (53) 3284-1694.<\/p>\n<p>Rua Conde de Porto Alegre, 793 [<a href=\"https:\/\/plus.google.com\/102427180664196883752\/about?gl=br&amp;hl=pt-BR\">mapa<\/a>]<br \/>\n96010-290 &#8211; Centro<br \/>\nPelotas-RS<\/p>\n<p>&nbsp;<\/p>\n<p><strong>Hor\u00e1rio de atendimento:<\/strong><\/p>\n<p><span style=\"font-size: 16px\">Das 08h \u00e0s 12h e das 13h \u00e0s 17h<\/span><\/p>\n<p>_____________________________________________________________<\/p>\n<p><strong>Entre em contato com a Coordena\u00e7\u00e3o do Curso de Engenharia Industrial Madeireira<\/strong><\/p>\n\n<div class=\"wpcf7 no-js\" id=\"wpcf7-f3116-o1\" lang=\"\" dir=\"ltr\" data-wpcf7-id=\"3116\">\n<div class=\"screen-reader-response\"><p role=\"status\" aria-live=\"polite\" aria-atomic=\"true\"><\/p> <ul><\/ul><\/div>\n<form action=\"\/ceimad\/index.php?rest_route=%2Fwp%2Fv2%2Fpages%2F3#wpcf7-f3116-o1\" method=\"post\" class=\"wpcf7-form init\" aria-label=\"Formul\u00e1rios de contato\" novalidate=\"novalidate\" data-status=\"init\">\n<fieldset class=\"hidden-fields-container\"><input type=\"hidden\" name=\"_wpcf7\" value=\"3116\" \/><input type=\"hidden\" name=\"_wpcf7_version\" value=\"6.1.6\" \/><input type=\"hidden\" name=\"_wpcf7_locale\" value=\"\" \/><input type=\"hidden\" name=\"_wpcf7_unit_tag\" value=\"wpcf7-f3116-o1\" \/><input type=\"hidden\" name=\"_wpcf7_container_post\" value=\"0\" \/><input type=\"hidden\" name=\"_wpcf7_posted_data_hash\" value=\"\" \/>\n<\/fieldset>\n<p>Seu nome (obrigat\u00f3rio)\n<\/p>\n<p><span class=\"wpcf7-form-control-wrap\" data-name=\"your-name\"><input size=\"40\" maxlength=\"400\" class=\"wpcf7-form-control wpcf7-text wpcf7-validates-as-required\" aria-required=\"true\" aria-invalid=\"false\" value=\"\" type=\"text\" name=\"your-name\" \/><\/span>\n<\/p>\n<p>Seu e-mail (obrigat\u00f3rio)\n<\/p>\n<p><span class=\"wpcf7-form-control-wrap\" data-name=\"your-email\"><input size=\"40\" maxlength=\"400\" class=\"wpcf7-form-control wpcf7-email wpcf7-validates-as-required wpcf7-text wpcf7-validates-as-email\" aria-required=\"true\" aria-invalid=\"false\" value=\"\" type=\"email\" name=\"your-email\" \/><\/span>\n<\/p>\n<p>Assunto\n<\/p>\n<p><span class=\"wpcf7-form-control-wrap\" data-name=\"your-subject\"><input size=\"40\" maxlength=\"400\" class=\"wpcf7-form-control wpcf7-text\" aria-invalid=\"false\" value=\"\" type=\"text\" name=\"your-subject\" \/><\/span>\n<\/p>\n<p>Sua mensagem\n<\/p>\n<p><span class=\"wpcf7-form-control-wrap\" data-name=\"your-message\"><textarea cols=\"40\" rows=\"10\" maxlength=\"2000\" class=\"wpcf7-form-control wpcf7-textarea\" aria-invalid=\"false\" name=\"your-message\"><\/textarea><\/span>\n<\/p>\n<p><input class=\"wpcf7-form-control wpcf7-submit has-spinner\" type=\"submit\" value=\"Enviar\" \/>\n<\/p><p style=\"display: none !important;\" class=\"akismet-fields-container\" data-prefix=\"_wpcf7_ak_\"><label>&#916;<textarea name=\"_wpcf7_ak_hp_textarea\" cols=\"45\" rows=\"8\" maxlength=\"100\"><\/textarea><\/label><input type=\"hidden\" id=\"ak_js_1\" name=\"_wpcf7_ak_js\" value=\"157\"\/><script type=\"text\/javascript\">\n\/* <![CDATA[ *\/\ndocument.getElementById( \"ak_js_1\" ).setAttribute( \"value\", ( new Date() ).getTime() );\n\/* ]]> *\/\n<\/script>\n<\/p><div class=\"wpcf7-response-output\" aria-hidden=\"true\"><\/div>\n<\/form>\n<\/div>\n\n","protected":false},"excerpt":{"rendered":"<p>Contatos &#8211; Colegiado E-mail: cceim.ufpel@gmail.com Telefone: (53) 3284-1694. Rua Conde de Porto Alegre, 793 [mapa] 96010-290 &#8211; Centro Pelotas-RS &nbsp; Hor\u00e1rio de atendimento: Das 08h \u00e0s 12h e das 13h \u00e0s 17h _____________________________________________________________ Entre em contato com a Coordena\u00e7\u00e3o do Curso de Engenharia Industrial Madeireira<\/p>\n","protected":false},"author":51,"featured_media":0,"parent":0,"menu_order":9,"comment_status":"closed","ping_status":"closed","template":"","meta":{"_crdt_document":"","footnotes":""},"class_list":["post-3","page","type-page","status-publish","hentry"],"publishpress_future_action":{"enabled":false,"date":"2026-05-23 00:58:51","action":"change-status","newStatus":"draft","terms":[],"taxonomy":"","extraData":[]},"publishpress_future_workflow_manual_trigger":{"enabledWorkflows":[]},"_links":{"self":[{"href":"https:\/\/wp.ufpel.edu.br\/ceimad\/index.php?rest_route=\/wp\/v2\/pages\/3","targetHints":{"allow":["GET"]}}],"collection":[{"href":"https:\/\/wp.ufpel.edu.br\/ceimad\/index.php?rest_route=\/wp\/v2\/pages"}],"about":[{"href":"https:\/\/wp.ufpel.edu.br\/ceimad\/index.php?rest_route=\/wp\/v2\/types\/page"}],"author":[{"embeddable":true,"href":"https:\/\/wp.ufpel.edu.br\/ceimad\/index.php?rest_route=\/wp\/v2\/users\/51"}],"replies":[{"embeddable":true,"href":"https:\/\/wp.ufpel.edu.br\/ceimad\/index.php?rest_route=%2Fwp%2Fv2%2Fcomments&post=3"}],"version-history":[{"count":24,"href":"https:\/\/wp.ufpel.edu.br\/ceimad\/index.php?rest_route=\/wp\/v2\/pages\/3\/revisions"}],"predecessor-version":[{"id":5135,"href":"https:\/\/wp.ufpel.edu.br\/ceimad\/index.php?rest_route=\/wp\/v2\/pages\/3\/revisions\/5135"}],"wp:attachment":[{"href":"https:\/\/wp.ufpel.edu.br\/ceimad\/index.php?rest_route=%2Fwp%2Fv2%2Fmedia&parent=3"}],"curies":[{"name":"wp","href":"https:\/\/api.w.org\/{rel}","templated":true}]}}