{"id":2889,"date":"2013-08-06T15:51:22","date_gmt":"2013-08-06T18:51:22","guid":{"rendered":"https:\/\/wp.ufpel.edu.br\/ceimad\/?page_id=2889"},"modified":"2013-08-06T16:22:17","modified_gmt":"2013-08-06T19:22:17","slug":"regimento-interno","status":"publish","type":"page","link":"https:\/\/wp.ufpel.edu.br\/ceimad\/?page_id=2889","title":{"rendered":"Regimento Interno"},"content":{"rendered":"<p><strong>CAP\u00cdTULO I<\/strong><\/p>\n<p><strong>DA FINALIDADE<\/strong><b><br \/>\n<\/b><br \/>\n<strong>Art. 1\u00ba &#8211;<\/strong>\u00a0O Curso de P\u00f3s-Gradua\u00e7\u00e3o \u201cLato Sensu\u201d em Produ\u00e7\u00e3o Industrial Madeireira, em n\u00edvel de Especializa\u00e7\u00e3o, do Centro de Engenharias (CENG) da Universidade Federal de Pelotas tem por finalidades:<br \/>\nI &#8211; Complementar e aprofundar conhecimentos na \u00e1rea da produ\u00e7\u00e3o industrial madeireira;<br \/>\nII &#8211; Formar recursos humanos que atendam \u00e0s exig\u00eancias de qualifica\u00e7\u00e3o e expans\u00e3o do mercado de trabalho.<\/p>\n<p><strong>Art. 2\u00ba \u2013<\/strong>\u00a0O curso busca proporcionar forma\u00e7\u00e3o cient\u00edfico-profissional na \u00e1rea industrial madeireira a portadores de t\u00edtulo de n\u00edvel superior, aprimorando seus conhecimentos b\u00e1sicos, te\u00f3ricos e pr\u00e1ticos, necess\u00e1rios \u00e0 execu\u00e7\u00e3o de atividades t\u00e9cnicas e cient\u00edficas, promovendo forma\u00e7\u00e3o continuada a profissionais envolvidos no setor industrial madeireiro.<\/p>\n<p><strong>CAP\u00cdTULO II<\/strong><\/p>\n<p><strong>DA COORDENA\u00c7\u00c3O E DO CORPO DOCENTE DO CURSO<\/strong><\/p>\n<p><strong>Art. 3\u00b0 &#8211;<\/strong>\u00a0A coordena\u00e7\u00e3o do Curso de P\u00f3s-Gradua\u00e7\u00e3o \u201cLato Sensu\u201d em Produ\u00e7\u00e3o Industrial Madeireira, em n\u00edvel de Especializa\u00e7\u00e3o, ser\u00e1 exercida por uma Comiss\u00e3o Coordenadora, assim constitu\u00edda:<br \/>\nI \u2013 Coordenador, indicado pela Comiss\u00e3o Coordenadora e nomeado pelo Reitor;<br \/>\nII \u2013 Coordenador Adjunto, indicado pelo Coordenador do Curso, entre os membros da Comiss\u00e3o Coordenadora;<br \/>\nIII \u2013 Pelo menos tr\u00eas professores, eleitos por seus pares;<br \/>\nIV \u2013 Representa\u00e7\u00e3o discente na forma da lei.<br \/>\nPar\u00e1grafo \u00fanico &#8211; Para o cumprimento do disposto no item III deste artigo, s\u00e3o pares os docentes vinculados a este Curso.<br \/>\n<strong>Art. 4\u00b0 &#8211;<\/strong>\u00a0O mandato do Coordenador e dos demais Membros da Comiss\u00e3o Coordenadora ser\u00e1 de dois (dois) anos.<br \/>\nPar\u00e1grafo \u00fanico &#8211; Caso um Membro da Comiss\u00e3o Coordenadora pe\u00e7a demiss\u00e3o ou se afaste por per\u00edodo superior a 90 (noventa) dias, ser\u00e1 eleito outro Membro, com novo mandato.<br \/>\n<strong>Art. 5\u00ba &#8211;<\/strong>\u00a0\u00c0 Comiss\u00e3o Coordenadora compete:<br \/>\nI \u2013 Coordenar, supervisionar e tomar as provid\u00eancias necess\u00e1rias para o funcionamento do Curso, conforme estabelece as suas normas e este Regimento;<br \/>\nII \u2013 Exercer a coordena\u00e7\u00e3o interdisciplinar, visando a conciliar os interesses de ordem did\u00e1tica da(s) Unidade(s) Acad\u00eamica(s) no Curso;<br \/>\nIII \u2013 Realizar adequa\u00e7\u00f5es no Projeto Pedag\u00f3gico do Curso;<br \/>\nIV \u2013 Verificar o cumprimento do conte\u00fado program\u00e1tico e da carga hor\u00e1ria das disciplinas do Curso;<br \/>\nV \u2013 Estabelecer mecanismos adequados de orienta\u00e7\u00e3o acad\u00eamica aos estudantes do Curso;<br \/>\nVI \u2013 Implementar os mecanismos de acompanhamento e avalia\u00e7\u00e3o do Curso;<br \/>\nVII \u2013 Implementar o processo seletivo para candidatos ao Curso;<br \/>\nVIII \u2013 Estabelecer o n\u00famero de vagas oferecidas no processo de sele\u00e7\u00e3o de ingresso ao Curso, considerando a disponibilidade de professores orientadores;<br \/>\nIX \u2013 Receber, apreciar, deliberar ou encaminhar, se necess\u00e1rio, sugest\u00f5es, reclama\u00e7\u00f5es, representa\u00e7\u00f5es ou recursos, de acad\u00eamicos ou professores, sobre qualquer assunto pertinente ao Curso;<br \/>\nX \u2013 Indicar, quando for o caso, a constitui\u00e7\u00e3o das bancas para avalia\u00e7\u00e3o das Monografias do Curso;<br \/>\nXI \u2013 Determinar o desligamento de estudantes do Curso, por motivos acad\u00eamicos ou disciplinares, conforme Regimento da UFPel;<br \/>\nXII \u2013 Elaborar normas e regramentos de apoio para o funcionamento do Curso;<br \/>\nXIII \u2013 Realizar adequa\u00e7\u00f5es e altera\u00e7\u00f5es no Regimento Interno do Curso;<br \/>\nXIV \u2013 Apresentar anualmente relat\u00f3rio \u00e0 C\u00e2mara de P\u00f3s-Gradua\u00e7\u00e3o \u201cLato Sensu\u201d.<br \/>\n<strong>Art. 6\u00ba-<\/strong>\u00a0S\u00e3o atribui\u00e7\u00f5es do Coordenador do Curso:<br \/>\nI \u2013 Convocar e presidir as reuni\u00f5es da Comiss\u00e3o, com direito ao voto de qualidade;<br \/>\nII \u2013 Quando convocado, representar a Comiss\u00e3o em reuni\u00f5es da Pr\u00f3-Reitoria de Pesquisa e P\u00f3s-Gradua\u00e7\u00e3o e da(s) Unidades(s) Acad\u00eamica(s) envolvida(s);<br \/>\nIII \u2013 Executar as delibera\u00e7\u00f5es da Comiss\u00e3o e o que estabelecem as normas de funcionamento do Curso;<br \/>\nIV \u2013 Assinar, quando necess\u00e1rio, processos ou documentos submetidos ao julgamento da Comiss\u00e3o Coordenadora;<br \/>\nV \u2013 Encaminhar os processos e delibera\u00e7\u00f5es da Comiss\u00e3o Coordenadora aos \u00f3rg\u00e3os competentes;<br \/>\nVI \u2013 Indicar, dentre os membros da Comiss\u00e3o Coordenadora do Curso, o Coordenador Adjunto;<br \/>\nVII \u2013 Comunicar ao \u00f3rg\u00e3o competente qualquer irregularidade no funcionamento do Curso e solicitar as corre\u00e7\u00f5es necess\u00e1rias;<br \/>\nVIII \u2013 Designar relator ou comiss\u00e3o para estudo de mat\u00e9ria submetida \u00e0 Comiss\u00e3o;<br \/>\nIX \u2013 Articular a(s) Unidade Acad\u00eamica(s) e outros \u00f3rg\u00e3os envolvidos com o Curso;<br \/>\nX \u2013 Promover entendimentos, com a finalidade de obter recursos humanos e materiais para suporte ao desenvolvimento do Curso;<br \/>\nXI \u2013 Administrar os recursos financeiros do Curso;<br \/>\nXII \u2013 Decidir sobre mat\u00e9ria de urg\u00eancia &#8220;ad referendum&#8221; da Comiss\u00e3o Coordenadora do Curso;<br \/>\nXI &#8211; Exercer outras atribui\u00e7\u00f5es inerentes ao cargo.<br \/>\n<strong>Art. 7\u00ba \u2013<\/strong>\u00a0O Coordenador Adjunto substituir\u00e1 o Coordenador em suas aus\u00eancias e impedimentos.<br \/>\n<strong>Art. 8\u00ba &#8211;<\/strong>\u00a0A qualifica\u00e7\u00e3o m\u00ednima exigida para o corpo docente do Curso \u00e9 o t\u00edtulo de mestre, obtido em Programa de P\u00f3s-Gradua\u00e7\u00e3o Stricto Sensu reconhecido pelo MEC.<br \/>\nPar\u00e1grafo \u00fanico &#8211; Excepcionalmente, com base em justificativa da Comiss\u00e3o Coordenadora do Curso e homologa\u00e7\u00e3o pela C\u00e2mara de P\u00f3s-Gradua\u00e7\u00e3o \u201cLato Sensu\u201d, o t\u00edtulo de mestre poder\u00e1 ser dispensado, todavia, n\u00e3o podendo ultrapassar a 1\/3 (um ter\u00e7o) do total dos docentes do Curso.<br \/>\n<strong>Art. 9\u00ba &#8211;<\/strong>\u00a0O corpo docente dos Cursos ser\u00e1 constitu\u00eddo, prioritariamente, por docentes da UFPel, mas, profissionais de outras Institui\u00e7\u00f5es de ensino e\/ou pesquisa poder\u00e3o integrar o mesmo, desde que n\u00e3o ultrapasse a 1\/3 (um ter\u00e7o) do total de docentes e da responsabilidade da carga hor\u00e1ria total do Curso.<br \/>\nPar\u00e1grafo \u00fanico &#8211; Excepcionalmente, com base em justificativa da Comiss\u00e3o Coordenadora do Curso e homologa\u00e7\u00e3o pela C\u00e2mara de P\u00f3s-Gradua\u00e7\u00e3o \u201cLato Sensu\u201d, a participa\u00e7\u00e3o externa \u00e0 UFPel poder\u00e1 exceder a 1\/3 (um ter\u00e7o) do total de docentes e da responsabilidade da carga hor\u00e1ria total do Curso.<br \/>\n<strong>Art. 10\u00ba &#8211;<\/strong>\u00a0Ser\u00e1 assegurada ao docente a autonomia did\u00e1tica, nos termos da legisla\u00e7\u00e3o vigente do regimento da UFPel e deste regimento.<br \/>\n<strong>Art. 11\u00ba &#8211;<\/strong>\u00a0S\u00e3o as seguintes as atribui\u00e7\u00f5es do corpo docente:<br \/>\nI \u2013 Preparar, em tempo h\u00e1bil, todo material did\u00e1tico necess\u00e1rio para ministrar sua disciplina;<br \/>\nII \u2013 Ministrar as aulas te\u00f3ricas e\/ou pr\u00e1ticas programadas para o Curso;<br \/>\nIII \u2013 Destinar semanalmente tempo suficiente para o atendimento, esclarecimento de d\u00favidas e resposta a quest\u00f5es dos estudantes;<br \/>\nIV \u2013 Acompanhar e avaliar o desempenho dos alunos na respectiva disciplina;<br \/>\nV \u2013 Desempenhar as demais atividades que sejam inerentes ao Curso, dentro dos dispositivos regimentais;<br \/>\nVI \u2013 Participar da orienta\u00e7\u00e3o e da avalia\u00e7\u00e3o de Monografias do Curso.<br \/>\n<strong>Art. 12\u00ba \u2013<\/strong>\u00a0Haver\u00e1, para cada aluno do Curso um orientador ou, a crit\u00e9rio da Comiss\u00e3o Coordenadora, um comit\u00ea de orienta\u00e7\u00e3o.<br \/>\nI \u2013 A Comiss\u00e3o Coordenadora do Curso designar\u00e1 o orientador dentro do seu pr\u00f3prio corpo docente, ou em casos especiais, de fora deste quadro.<br \/>\nII \u2013 A qualquer tempo poder\u00e1 ser autorizada pela Comiss\u00e3o Coordenadora do Curso a transfer\u00eancia do aluno para outro orientador.<br \/>\n<strong>Art. 13\u00ba &#8211;<\/strong>\u00a0Ao orientador compete:<br \/>\nI \u2013 Definir, juntamente com o orientando, o tema da Monografia do Curso;<br \/>\nII \u2013 Orientar e acompanhar o seu orientando no preparo e na elabora\u00e7\u00e3o da Monografia;<br \/>\nIII \u2013 Encaminhar a Monografia \u00e0 Comiss\u00e3o Coordenadora do Curso para as provid\u00eancias necess\u00e1rias \u00e0 avalia\u00e7\u00e3o final;<br \/>\nIV \u2013 Exercer as demais fun\u00e7\u00f5es inerentes \u00e0s atividades de orienta\u00e7\u00e3o.<\/p>\n<p><strong>CAP\u00cdTULO III<\/strong><\/p>\n<p><strong>DO FUNCIONAMENTO<\/strong><\/p>\n<p><strong>Art 14\u00ba &#8211;<\/strong>\u00a0A Comiss\u00e3o Coordenadora do Curso de P\u00f3s-Gradua\u00e7\u00e3o \u201cLato Sensu\u201d em Produ\u00e7\u00e3o Industrial Madeireira reunir-se-\u00e1 por convoca\u00e7\u00e3o do Coordenador, obedecendo o Calend\u00e1rio Acad\u00eamico, ou quando necess\u00e1rio se fizer o trato de assuntos relevantes e\/ou de urg\u00eancia, ou ainda por convoca\u00e7\u00e3o de 2\/3 (dois ter\u00e7os) da totalidade de seus Membros, mediante peti\u00e7\u00e3o fundamentada e devidamente assinada, dirigida \u00e0 Coordena\u00e7\u00e3o.<br \/>\nPar\u00e1grafo \u00fanico \u2013 Salvo casos de urg\u00eancia, as convoca\u00e7\u00f5es para reuni\u00e3o do Colegiado ser\u00e3o enviadas com anteced\u00eancia m\u00ednima de 72 (setenta e duas) horas, indicando a mat\u00e9ria da ordem do dia, a data, o local e a hora da realiza\u00e7\u00e3o, acompanhadas de c\u00f3pia da ata da sess\u00e3o anterior.<br \/>\n<strong>Art 15\u00ba &#8211;<\/strong>\u00a0As reuni\u00f5es ser\u00e3o realizadas com a maioria absoluta dos Membros da Comiss\u00e3o Coordenadora, que deliberar\u00e1 por maioria simples de votos dos presentes.<br \/>\nI \u2013 A presen\u00e7a \u00e0s sess\u00f5es ser\u00e1 aferida pela assinatura no registro.<br \/>\nII \u2013 N\u00e3o havendo n\u00famero, ser\u00e1 convocada nova reuni\u00e3o com intervalo m\u00ednimo de 24 (vinte quatro) horas, salvo em caso de urg\u00eancia, quando poder\u00e1 ser realizada com intervalo menor.<br \/>\nIII \u2013 Havendo quorum, o Coordenador abrir\u00e1 a sess\u00e3o, procedendo-se, de imediato, a discuss\u00e3o e a aprova\u00e7\u00e3o da ata da sess\u00e3o anterior e, ap\u00f3s, passar-se-\u00e1 \u00e0 ordem do dia, que ser\u00e1 tratada respeitando a disposi\u00e7\u00e3o sequencial dos assuntos constantes do of\u00edcio de convoca\u00e7\u00e3o, salvo delibera\u00e7\u00e3o da maioria dos Membros presentes.<br \/>\nIV \u2013 Respeitada a sequ\u00eancia dos assuntos constantes da ordem do dia, o Coordenador abrir\u00e1 a discuss\u00e3o concedendo a palavra ao Membro que a solicitar.<br \/>\nV \u2013 Em plen\u00e1rio, qualquer Membro poder\u00e1 requerer vistas do processo por 5(cinco) dias improrrog\u00e1veis, caso em que ser\u00e1 automaticamente convocada reuni\u00e3o para aquela data, com hora e local indicado, onde a mat\u00e9ria ser\u00e1 discutida. A ju\u00edzo de 2\/3(dois ter\u00e7os) dos presentes \u00e0 sess\u00e3o, o pedido de vista poder\u00e1 ser recusado.<br \/>\nVI \u2013 Encerrada a discuss\u00e3o, proceder-se-\u00e1 \u00e0 vota\u00e7\u00e3o da mat\u00e9ria, cujo resultado constar\u00e1 da ata.<br \/>\nVII \u2013 Das decis\u00f5es da Comiss\u00e3o Coordenadora cabe somente um pedido de reconsidera\u00e7\u00e3o solicitado pela parte interessada.<br \/>\nVIII \u2013 Mat\u00e9ria n\u00e3o constante da ordem do dia somente poder\u00e1 ser tratada em regime de urg\u00eancia, com a aprova\u00e7\u00e3o de 2\/3 (dois ter\u00e7os) dos membros da Comiss\u00e3o Coordenadora.<br \/>\n<strong>Art 16\u00ba &#8211;<\/strong>\u00a0Nas faltas e impedimentos do Coordenador, a Comiss\u00e3o funcionar\u00e1 sob a coordena\u00e7\u00e3o do Coordenador Adjunto. Na falta do Coordenador Adjunto a coordena\u00e7\u00e3o<br \/>\nser\u00e1 do membro mais antigo no magist\u00e9rio sucessivamente e, no caso de id\u00eantica antiguidade, pelo mais idoso.<br \/>\n<strong>Art 17\u00ba &#8211;<\/strong>\u00a0O comparecimento dos Membros da Comiss\u00e3o Coordenadora \u00e0s reuni\u00f5es \u00e9 obrigat\u00f3rio e preferencial a qualquer atividade.<br \/>\nI \u2013 Ser\u00e1 solicitada a substitui\u00e7\u00e3o do Membro que deixar de comparecer a 3(tr\u00eas) reuni\u00f5es consecutivas ou 5(cinco) alternadas, em cada ano civil, salvo motivo justificado feito verbalmente ou por escrito.<br \/>\nII \u2013 Ser\u00e3o justificadas as faltas \u00e0s aulas ou trabalhos escolares dos Membros representantes do corpo discente que se desenrolarem nos per\u00edodos das reuni\u00f5es e ter\u00e3o direito \u00e0 realiza\u00e7\u00e3o de provas e avalia\u00e7\u00f5es que se efetuarem nos mesmos per\u00edodos.<\/p>\n<p><strong>CAP\u00cdTULO IV<\/strong><\/p>\n<p><strong>DA ADMISS\u00c3O<\/strong><\/p>\n<p><strong>Art. 18\u00ba &#8211;<\/strong>\u00a0A inscri\u00e7\u00e3o para o processo de sele\u00e7\u00e3o do Curso ser\u00e1 em data sugerida pelo Calend\u00e1rio Acad\u00eamico aprovado pelo Conselho Coordenador do Ensino, Pesquisa e Extens\u00e3o (COCEPE).<br \/>\n<strong>Art. 19\u00ba &#8211;<\/strong>\u00a0A inscri\u00e7\u00e3o do candidato ao Curso somente ser\u00e1 aceita mediante cumprimento de exig\u00eancias definidas pela C\u00e2mara de P\u00f3s-Gradua\u00e7\u00e3o \u201cLato Sensu\u201d, de acordo com as Normas Regimentais da UFPel e deste Curso.<br \/>\nPar\u00e1grafo \u00fanico &#8211; Para a inscri\u00e7\u00e3o, ser\u00e1 exigido o t\u00edtulo de gradua\u00e7\u00e3o ou documento comprobat\u00f3rio de sua obten\u00e7\u00e3o at\u00e9 a data do in\u00edcio do Curso.<br \/>\n<strong>Art. 20\u00b0 &#8211;<\/strong>\u00a0Para inscrever-se no processo de sele\u00e7\u00e3o do Curso, o candidato dever\u00e1 apresentar todos os documentos conforme solicitado em Edital.<br \/>\n<strong>Art. 21\u00b0 &#8211;<\/strong>\u00a0Os pedidos de inscri\u00e7\u00e3o dever\u00e3o ser encaminhados \u00e0 Coordena\u00e7\u00e3o do curso.<br \/>\n<strong>Art. 22\u00ba &#8211;<\/strong>\u00a0Os candidatos ser\u00e3o selecionados de acordo com o limite de vagas e crit\u00e9rios de sele\u00e7\u00e3o, estabelecidos pela Comiss\u00e3o Coordenadora do Curso.<br \/>\n<strong>Art. 23\u00b0 &#8211;<\/strong>\u00a0A sele\u00e7\u00e3o do candidato, al\u00e9m da an\u00e1lise dos documentos que comp\u00f5em o processo de inscri\u00e7\u00e3o, contar\u00e1 com crit\u00e9rios estabelecidos pela Comiss\u00e3o Coordenadora.<br \/>\nI &#8211; A \u00e1rea de forma\u00e7\u00e3o superior, ou a de experi\u00eancia profissional do candidato, dever\u00e1 ser, preferencialmente, compat\u00edvel com a \u00e1rea de treinamento solicitada para a especializa\u00e7\u00e3o.<br \/>\nII &#8211; Caso haja candidatos de outras \u00e1reas de forma\u00e7\u00e3o, a Comiss\u00e3o Coordenadora do curso ter\u00e1 autonomia para decidir sobre o aceite desses interessados.<br \/>\nIII &#8211; A sele\u00e7\u00e3o do candidato est\u00e1 condicionada ao fato de ele n\u00e3o ter sido desligado, por motivos disciplinares, de nenhum programa ou curso de P\u00f3s-Gradua\u00e7\u00e3o da Universidade Federal de Pelotas.<br \/>\nIV &#8211; A sele\u00e7\u00e3o ter\u00e1 validade somente para a matr\u00edcula no curso e per\u00edodo para o qual o candidato foi aprovado.<\/p>\n<p><strong>CAP\u00cdTULO V<\/strong><\/p>\n<p><strong>DA MATR\u00cdCULA<\/strong><\/p>\n<p><strong>Art. 24\u00ba &#8211;<\/strong>\u00a0A matr\u00edcula dos alunos selecionados ser\u00e1 realizada na Coordena\u00e7\u00e3o do Curso e enviada \u00e0 Pr\u00f3-Reitoria de Pesquisa e P\u00f3s-Gradua\u00e7\u00e3o, no prazo sugerido pelo Calend\u00e1rio Acad\u00eamico da P\u00f3s-Gradua\u00e7\u00e3o \u201cLato Sensu\u201d.<br \/>\nI &#8211; No ato da matr\u00edcula, o candidato ou seu representante legal dever\u00e1 apresentar toda documenta\u00e7\u00e3o exigida pelo Curso e pela Pr\u00f3-Reitoria de Pesquisa e P\u00f3s-Gradua\u00e7\u00e3o.<\/p>\n<p><strong>CAP\u00cdTULO VI<\/strong><\/p>\n<p><strong>DA DURA\u00c7\u00c3O DO CURSO<\/strong><br \/>\n<strong>Art. 25\u00ba-<\/strong>\u00a0O Curso ter\u00e1 dura\u00e7\u00e3o de 18 (dezoito) meses, contados a partir da data da matr\u00edcula, podendo ser prorrogado por mais 6(seis) meses.<br \/>\nI \u2013 O Curso ter\u00e1 carga hor\u00e1ria m\u00ednima de 370 horas\/aula.<br \/>\n<strong>Art. 26\u00ba-<\/strong>\u00a0O Curso ser\u00e1 oferecido de acordo com Calend\u00e1rio Acad\u00eamico da C\u00e2mara de P\u00f3s-Gradua\u00e7\u00e3o \u201cLato Sensu\u201d.<\/p>\n<p><strong>CAPITULO VII<\/strong><\/p>\n<p><strong>DA ESTRUTURA CURRICULAR E DO REGIME DO CURSO<\/strong><br \/>\n<strong>Art. 27\u00ba &#8211;<\/strong>\u00a0As estruturas curriculares obedecer\u00e3o o prescrito no Projeto Pedag\u00f3gico do Curso.<br \/>\n<strong>Art. 28\u00ba &#8211;<\/strong>\u00a0Disciplinas de P\u00f3s-Gradua\u00e7\u00e3o cursadas em outras institui\u00e7\u00f5es ou na pr\u00f3pria UFPel poder\u00e3o ser aceitas, mediante an\u00e1lise e aprova\u00e7\u00e3o da Comiss\u00e3o Coordenadora do Curso.<br \/>\nI \u2013 As disciplinas mencionadas no Caput deste artigo somente ser\u00e3o aceitas se tiverem sido cursadas h\u00e1 at\u00e9 4 anos.<br \/>\nII \u2013 Poder\u00e3o ser aproveitadas as disciplinas cuja carga hor\u00e1ria seja equivalente ou superior \u00e0 disciplina a ser dispensada.<\/p>\n<p><strong>CAPITULO VIII<\/strong><\/p>\n<p><strong>DO RENDIMENTO ESCOLAR<\/strong><br \/>\n<strong>Art. 29\u00ba &#8211;<\/strong>\u00a0A verifica\u00e7\u00e3o do rendimento escolar ser\u00e1 feita por disciplina.<br \/>\nI \u2013 O aproveitamento nas disciplinas ser\u00e1 avaliado a crit\u00e9rio do professor e de acordo com as caracter\u00edsticas de cada disciplina, respeitando o estabelecido no Projeto Pedag\u00f3gico do Curso.<br \/>\nII \u2013 O aproveitamento do p\u00f3s-graduando em cada disciplina ser\u00e1 expresso pelos seguintes conceitos, correspondendo \u00e0s respectivas classes:<br \/>\nA: 9,0 a 10,0<br \/>\nB: 7,5 a 8,9<br \/>\nC: 6,0 a 7,4<br \/>\nD: abaixo de 5,9<br \/>\nI: Incompleto &#8211; atribu\u00eddo ao aluno que, por motivo de for\u00e7a maior, for impedido de completar as atividades da disciplina no per\u00edodo regular;<br \/>\nT: Trancamento &#8211; atribu\u00eddo ao aluno que, com autoriza\u00e7\u00e3o da Comiss\u00e3o Coordenadora, tiver trancado a matr\u00edcula;<br \/>\nP: Aproveitamento de cr\u00e9ditos &#8211; atribu\u00eddo ao aluno que tenha cursado a disciplina em outra Institui\u00e7\u00e3o cujo aproveitamento tenha sido aprovado pela Comiss\u00e3o Coordenadora.<br \/>\nIII \u2013 Ser\u00e1 considerado aprovado na disciplina o aluno que obtiver conceito A, B, ou C.<br \/>\nIII \u2013 \u00c9 obrigat\u00f3ria a frequ\u00eancia m\u00ednima de 75% nas disciplinas cursadas.<br \/>\nIV \u2013 O p\u00f3s-graduando reprovado ficar\u00e1 obrigado a repetir a disciplina, desde que haja nova oferta desta disciplina.<br \/>\n<strong>Art. 30\u00ba \u2013<\/strong>\u00a0Al\u00e9m das disciplinas, para concluir o Curso, ser\u00e1 exigida uma Monografia com defesa presencial, em \u00e1rea de dom\u00ednio do Curso.<br \/>\nI \u2013 O preparo da monografia ou trabalho de conclus\u00e3o de curso ser\u00e1 feito segundo normas espec\u00edficas.<br \/>\nII \u2013 Na avalia\u00e7\u00e3o da Monografia de curso ser\u00e1 utilizado o mesmo crit\u00e9rio da avalia\u00e7\u00e3o das disciplinas.<br \/>\n<strong>Art. 31\u00ba &#8211;<\/strong>\u00a0Estar\u00e1 automaticamente desligado do Curso o aluno que se enquadrar em uma ou mais das seguintes situa\u00e7\u00f5es:<br \/>\nI \u2013 For reprovado mais de uma vez em uma disciplina;<br \/>\nII \u2013 N\u00e3o completar todos os requisitos do Curso no prazo estabelecido;<br \/>\nIII \u2013 Deixar de atender \u00e0s solicita\u00e7\u00f5es pertinentes ao Curso, efetuadas pelos professores ou pela Comiss\u00e3o Coordenadora.<br \/>\nIV \u2013 Apresentar alguma atitude grave que o desabone perante o corpo docente do e\/ou Comiss\u00e3o Coordenadora do Curso.<br \/>\nPar\u00e1grafo \u00fanico &#8211; O candidato reprovado uma \u00fanica vez em monografia ou trabalho de conclus\u00e3o de curso ter\u00e1 oportunidade a uma nova defesa em data a ser fixada pela Comiss\u00e3o Coordenadora do Curso.<\/p>\n<p><strong>CAP\u00cdTULO IX<\/strong><\/p>\n<p><strong>DOS CERTIFICADOS<\/strong><br \/>\n<strong>Art. 32\u00b0 &#8211;<\/strong>\u00a0Para obter o certificado de Especialista em Produ\u00e7\u00e3o Industrial Madeireira o p\u00f3s-gradua\u00e7\u00e3o dever\u00e1:<br \/>\nI \u2013 Ter sido aprovado em todas as disciplinas obrigat\u00f3rias e em disciplinas optativa, necess\u00e1rias para totalizar carga hor\u00e1ria m\u00ednima de 370 horas\/aulas;<br \/>\nb) Ter sua Monografia aprovada no Curso.<br \/>\n<strong>Art. 33\u00ba &#8211;<\/strong>\u00a0Aos p\u00f3s-graduandos que cumprirem os requisitos do Curso ser\u00e3o conferidos Certificados de Especialista em Produ\u00e7\u00e3o Industrial Madeireira, acompanhados do respectivo hist\u00f3rico escolar emitido de acordo com a legisla\u00e7\u00e3o vigente.<\/p>\n<p><strong>CAP\u00cdTULO X<\/strong><\/p>\n<p><strong>DAS DISPOSI\u00c7\u00d5ES FINAIS E TRANSIT\u00d3RIAS<\/strong><\/p>\n<p><strong>Art. 34\u00b0 &#8211;<\/strong>\u00a0O Curso de P\u00f3s-Gradua\u00e7\u00e3o \u201cLato Sensu\u201d em Produ\u00e7\u00e3o Industrial Madeireira do Centro de Engenharias (CENG) da Universidade Federal de Pelotas ser\u00e1 regido pelo disposto neste Regimento, sem preju\u00edzo das disposi\u00e7\u00f5es espec\u00edficas do Estatuto, do Regimento Geral da Institui\u00e7\u00e3o e de outras Normas, Atos e Resolu\u00e7\u00f5es baixados pelos \u00d3rg\u00e3os Colegiados Competentes, em particular o Regimento Geral dos Cursos de P\u00f3s-Gradua\u00e7\u00e3o \u201cLato Sensu\u201d da UFPel.<br \/>\n<strong>Art. 35\u00b0 &#8211;<\/strong>\u00a0Este Regimento entrar\u00e1 em vigor ap\u00f3s sua aprova\u00e7\u00e3o pelos \u00d3rg\u00e3os Colegiados Competentes.<br \/>\n<strong>Art. 36\u00b0 &#8211;<\/strong>\u00a0Os casos omissos neste Regimento ser\u00e3o resolvidos pela Comiss\u00e3o Coordenadora do Curso.<\/p>\n","protected":false},"excerpt":{"rendered":"<p>CAP\u00cdTULO I DA FINALIDADE Art. 1\u00ba &#8211;\u00a0O Curso de P\u00f3s-Gradua\u00e7\u00e3o \u201cLato Sensu\u201d em Produ\u00e7\u00e3o Industrial Madeireira, em n\u00edvel de Especializa\u00e7\u00e3o, do Centro de Engenharias (CENG) da Universidade Federal de Pelotas tem por finalidades: I &#8211; Complementar e aprofundar conhecimentos na \u00e1rea da produ\u00e7\u00e3o industrial madeireira; II &#8211; Formar recursos humanos que atendam \u00e0s exig\u00eancias de [&hellip;]<\/p>\n","protected":false},"author":51,"featured_media":0,"parent":2877,"menu_order":0,"comment_status":"closed","ping_status":"open","template":"","meta":{"footnotes":""},"class_list":["post-2889","page","type-page","status-publish","hentry"],"publishpress_future_action":{"enabled":false,"date":"2026-04-23 12:04:22","action":"change-status","newStatus":"draft","terms":[],"taxonomy":"","extraData":[]},"publishpress_future_workflow_manual_trigger":{"enabledWorkflows":[]},"_links":{"self":[{"href":"https:\/\/wp.ufpel.edu.br\/ceimad\/index.php?rest_route=\/wp\/v2\/pages\/2889","targetHints":{"allow":["GET"]}}],"collection":[{"href":"https:\/\/wp.ufpel.edu.br\/ceimad\/index.php?rest_route=\/wp\/v2\/pages"}],"about":[{"href":"https:\/\/wp.ufpel.edu.br\/ceimad\/index.php?rest_route=\/wp\/v2\/types\/page"}],"author":[{"embeddable":true,"href":"https:\/\/wp.ufpel.edu.br\/ceimad\/index.php?rest_route=\/wp\/v2\/users\/51"}],"replies":[{"embeddable":true,"href":"https:\/\/wp.ufpel.edu.br\/ceimad\/index.php?rest_route=%2Fwp%2Fv2%2Fcomments&post=2889"}],"version-history":[{"count":3,"href":"https:\/\/wp.ufpel.edu.br\/ceimad\/index.php?rest_route=\/wp\/v2\/pages\/2889\/revisions"}],"predecessor-version":[{"id":2905,"href":"https:\/\/wp.ufpel.edu.br\/ceimad\/index.php?rest_route=\/wp\/v2\/pages\/2889\/revisions\/2905"}],"up":[{"embeddable":true,"href":"https:\/\/wp.ufpel.edu.br\/ceimad\/index.php?rest_route=\/wp\/v2\/pages\/2877"}],"wp:attachment":[{"href":"https:\/\/wp.ufpel.edu.br\/ceimad\/index.php?rest_route=%2Fwp%2Fv2%2Fmedia&parent=2889"}],"curies":[{"name":"wp","href":"https:\/\/api.w.org\/{rel}","templated":true}]}}