{"id":2882,"date":"2013-08-06T15:49:11","date_gmt":"2013-08-06T18:49:11","guid":{"rendered":"https:\/\/wp.ufpel.edu.br\/ceimad\/?page_id=2882"},"modified":"2013-08-06T17:00:16","modified_gmt":"2013-08-06T20:00:16","slug":"docentes","status":"publish","type":"page","link":"https:\/\/wp.ufpel.edu.br\/ceimad\/?page_id=2882","title":{"rendered":"Docentes"},"content":{"rendered":"<div align=\"center\">\n<table style=\"width: 603px\" border=\"1\" cellspacing=\"0\" cellpadding=\"0\">\n<tbody>\n<tr>\n<td valign=\"top\" width=\"103\">\n<p align=\"center\"><span style=\"font-family: 'book antiqua', palatino;font-size: small\"><b>Docente<\/b><\/span><\/p>\n<\/td>\n<td valign=\"top\" width=\"74\">\n<p align=\"center\"><span style=\"font-family: 'book antiqua', palatino;font-size: small\"><b>Titula\u00e7\u00e3o<\/b><\/span><\/p>\n<\/td>\n<td valign=\"top\" width=\"96\">\n<p align=\"center\"><span style=\"font-family: 'book antiqua', palatino;font-size: small\"><b>Institui\u00e7\u00e3o e Ano de Obten\u00e7\u00e3o do T\u00edtulo <\/b><\/span><\/p>\n<\/td>\n<td valign=\"top\" width=\"76\">\n<p align=\"center\"><span style=\"font-family: 'book antiqua', palatino;font-size: small\"><b>Categoria Funcional<\/b><b> <\/b><b><\/b><\/span><\/p>\n<\/td>\n<td valign=\"top\" width=\"76\">\n<p align=\"center\"><span style=\"font-family: 'book antiqua', palatino;font-size: small\"><b>Jornada de Trabalho<\/b><\/span><\/p>\n<\/td>\n<\/tr>\n<tr>\n<td valign=\"top\" width=\"103\"><span style=\"font-family: 'book antiqua', palatino;font-size: small\"><a href=\"http:\/\/lattes.cnpq.br\/8224458239402180\">Alejandro Martins Rodriguez<\/a><\/span><\/td>\n<td valign=\"top\" width=\"74\">\n<p align=\"center\"><span style=\"font-family: 'book antiqua', palatino;font-size: small\">Doutor<\/span><\/p>\n<\/td>\n<td valign=\"top\" width=\"96\">\n<p align=\"center\"><span style=\"font-family: 'book antiqua', palatino;font-size: small\">UFSC<\/span><\/p>\n<p align=\"center\"><span style=\"font-family: 'book antiqua', palatino;font-size: small\">1996<\/span><\/p>\n<\/td>\n<td valign=\"top\" width=\"76\">\n<p align=\"center\"><span style=\"font-family: 'book antiqua', palatino;font-size: small\">Professor Adjunto<\/span><\/p>\n<\/td>\n<td valign=\"top\" width=\"76\">\n<p align=\"center\"><span style=\"font-family: 'book antiqua', palatino;font-size: small\">40hs\/DE<\/span><\/p>\n<\/td>\n<\/tr>\n<tr>\n<td valign=\"top\" width=\"103\"><span style=\"font-family: 'book antiqua', palatino;font-size: small\"><a href=\"http:\/\/lattes.cnpq.br\/5167571704789298\">Cristiane Pedrazzi<\/a><\/span><\/td>\n<td valign=\"top\" width=\"74\">\n<p align=\"center\"><span style=\"font-family: 'book antiqua', palatino;font-size: small\">Doutor<\/span><\/p>\n<\/td>\n<td valign=\"top\" width=\"96\">\n<p align=\"center\"><span style=\"font-family: 'book antiqua', palatino;font-size: small\">UFV<\/span><\/p>\n<p align=\"center\"><span style=\"font-family: 'book antiqua', palatino;font-size: small\">2009<\/span><\/p>\n<\/td>\n<td valign=\"top\" width=\"76\">\n<p align=\"center\"><span style=\"font-family: 'book antiqua', palatino;font-size: small\">Professor<\/span><\/p>\n<p align=\"center\"><span style=\"font-family: 'book antiqua', palatino;font-size: small\">Adjunto<\/span><\/p>\n<\/td>\n<td valign=\"top\" width=\"76\">\n<p align=\"center\"><span style=\"font-family: 'book antiqua', palatino;font-size: small\">40hs\/DE<\/span><\/p>\n<\/td>\n<\/tr>\n<tr>\n<td valign=\"top\" width=\"103\"><span style=\"font-family: 'book antiqua', palatino;font-size: small\"><a href=\"\/\/lattes.cnpq.br\/6147221489879327\">\u00c9rika da Silva Ferreira<\/a><\/span><\/td>\n<td valign=\"top\" width=\"74\">\n<p align=\"center\"><span style=\"font-family: 'book antiqua', palatino;font-size: small\">Doutor<\/span><\/p>\n<\/td>\n<td valign=\"top\" width=\"96\">\n<p align=\"center\"><span style=\"font-family: 'book antiqua', palatino;font-size: small\">UFPR<\/span><\/p>\n<p align=\"center\"><span style=\"font-family: 'book antiqua', palatino;font-size: small\">2010<\/span><\/p>\n<\/td>\n<td valign=\"top\" width=\"76\">\n<p align=\"center\"><span style=\"font-family: 'book antiqua', palatino;font-size: small\">Professor<\/span><\/p>\n<p align=\"center\"><span style=\"font-family: 'book antiqua', palatino;font-size: small\">Adjunto<\/span><\/p>\n<\/td>\n<td valign=\"top\" width=\"76\">\n<p align=\"center\"><span style=\"font-family: 'book antiqua', palatino;font-size: small\">40hs\/DE<\/span><\/p>\n<\/td>\n<\/tr>\n<tr>\n<td valign=\"top\" width=\"103\"><span style=\"font-family: 'book antiqua', palatino;font-size: small\"><a href=\"\/\/lattes.cnpq.br\/1455474364995693\">Gilson Sim\u00f5es Porci\u00fancula<\/a><\/span><\/td>\n<td valign=\"top\" width=\"74\">\n<p align=\"center\"><span style=\"font-family: 'book antiqua', palatino;font-size: small\">Doutor<\/span><\/p>\n<\/td>\n<td valign=\"top\" width=\"96\">\n<p align=\"center\"><span style=\"font-family: 'book antiqua', palatino;font-size: small\">UFSC<\/span><\/p>\n<p align=\"center\"><span style=\"font-family: 'book antiqua', palatino;font-size: small\">2009<\/span><\/p>\n<\/td>\n<td valign=\"top\" width=\"76\">\n<p align=\"center\"><span style=\"font-family: 'book antiqua', palatino;font-size: small\">Professor Adjunto<\/span><\/p>\n<\/td>\n<td valign=\"top\" width=\"76\">\n<p align=\"center\"><span style=\"font-family: 'book antiqua', palatino;font-size: small\">40hs\/DE<\/span><\/p>\n<\/td>\n<\/tr>\n<tr>\n<td valign=\"top\" width=\"103\"><span style=\"font-family: 'book antiqua', palatino;font-size: small\"><a href=\"\/\/lattes.cnpq.br\/2363993318645257\">Leonardo da Silva Oliveira<\/a><\/span><\/td>\n<td valign=\"top\" width=\"74\">\n<p align=\"center\"><span style=\"font-family: 'book antiqua', palatino;font-size: small\">Doutor<\/span><\/p>\n<\/td>\n<td valign=\"top\" width=\"96\">\n<p align=\"center\"><span style=\"font-family: 'book antiqua', palatino;font-size: small\">UFSM<\/span><\/p>\n<p align=\"center\"><span style=\"font-family: 'book antiqua', palatino;font-size: small\">2007<\/span><\/p>\n<\/td>\n<td valign=\"top\" width=\"76\">\n<p align=\"center\"><span style=\"font-family: 'book antiqua', palatino;font-size: small\">Professor<\/span><\/p>\n<p align=\"center\"><span style=\"font-family: 'book antiqua', palatino;font-size: small\">Adjunto<\/span><\/p>\n<\/td>\n<td valign=\"top\" width=\"76\">\n<p align=\"center\"><span style=\"font-family: 'book antiqua', palatino;font-size: small\">40hs\/DE<\/span><\/p>\n<\/td>\n<\/tr>\n<tr>\n<td valign=\"top\" width=\"103\"><span style=\"font-family: 'book antiqua', palatino;font-size: small\"><a href=\"http:\/\/lattes.cnpq.br\/5880864267022266\">Merielen de Carvalho Lopes<\/a><\/span><\/td>\n<td valign=\"top\" width=\"74\">\n<p align=\"center\"><span style=\"font-family: 'book antiqua', palatino;font-size: small\">Doutor<\/span><\/p>\n<\/td>\n<td valign=\"top\" width=\"96\">\n<p align=\"center\"><span style=\"font-family: 'book antiqua', palatino;font-size: small\">UFPR<\/span><\/p>\n<p align=\"center\"><span style=\"font-family: 'book antiqua', palatino;font-size: small\">2008<\/span><\/p>\n<\/td>\n<td valign=\"top\" width=\"76\">\n<p align=\"center\"><span style=\"font-family: 'book antiqua', palatino;font-size: small\">Professor<\/span><\/p>\n<p align=\"center\"><span style=\"font-family: 'book antiqua', palatino;font-size: small\">Adjunto<\/span><\/p>\n<\/td>\n<td valign=\"top\" width=\"76\">\n<p align=\"center\"><span style=\"font-family: 'book antiqua', palatino;font-size: small\">40hs\/DE<\/span><\/p>\n<\/td>\n<\/tr>\n<tr>\n<td valign=\"top\" width=\"103\"><span style=\"font-family: 'book antiqua', palatino;font-size: small\"><a href=\"http:\/\/lattes.cnpq.br\/6335895084557411\">Marcos Theodoro M\u00fcller<\/a><\/span><\/td>\n<td valign=\"top\" width=\"74\">\n<p align=\"center\"><span style=\"font-family: 'book antiqua', palatino;font-size: small\">Mestre<\/span><\/p>\n<\/td>\n<td valign=\"top\" width=\"96\">\n<p align=\"center\"><span style=\"font-family: 'book antiqua', palatino;font-size: small\">UFSM<\/span><\/p>\n<p align=\"center\"><span style=\"font-family: 'book antiqua', palatino;font-size: small\">2009<\/span><\/p>\n<\/td>\n<td valign=\"top\" width=\"76\">\n<p align=\"center\"><span style=\"font-family: 'book antiqua', palatino;font-size: small\">Professor<\/span><\/p>\n<p align=\"center\"><span style=\"font-family: 'book antiqua', palatino;font-size: small\">Assistente<\/span><\/p>\n<\/td>\n<td valign=\"top\" width=\"76\">\n<p align=\"center\"><span style=\"font-family: 'book antiqua', palatino;font-size: small\">40hs\/DE<\/span><\/p>\n<\/td>\n<\/tr>\n<tr>\n<td valign=\"top\" width=\"103\"><span style=\"font-family: 'book antiqua', palatino;font-size: small\"><a href=\"http:\/\/lattes.cnpq.br\/1995147035662011\">Rafael Beltrame<\/a><\/span><\/td>\n<td valign=\"top\" width=\"74\">\n<p align=\"center\"><span style=\"font-family: 'book antiqua', palatino;font-size: small\">Doutor<\/span><\/p>\n<\/td>\n<td valign=\"top\" width=\"96\">\n<p align=\"center\"><span style=\"font-family: 'book antiqua', palatino;font-size: small\">UFSM<\/span><\/p>\n<p align=\"center\"><span style=\"font-family: 'book antiqua', palatino;font-size: small\">2012<\/span><\/p>\n<\/td>\n<td valign=\"top\" width=\"76\">\n<p align=\"center\"><span style=\"font-family: 'book antiqua', palatino;font-size: small\">Professor<\/span><\/p>\n<p align=\"center\"><span style=\"font-family: 'book antiqua', palatino;font-size: small\">Adjunto<\/span><\/p>\n<\/td>\n<td valign=\"top\" width=\"76\">\n<p align=\"center\"><span style=\"font-family: 'book antiqua', palatino;font-size: small\">40hs\/DE<\/span><\/p>\n<\/td>\n<\/tr>\n<tr>\n<td valign=\"top\" width=\"103\"><span style=\"font-family: 'book antiqua', palatino;font-size: small\"><a href=\"http:\/\/lattes.cnpq.br\/3970416599840926\">Rog\u00e9rio Royer<\/a><\/span><\/td>\n<td valign=\"top\" width=\"74\">\n<p align=\"center\"><span style=\"font-family: 'book antiqua', palatino;font-size: small\">Doutor<\/span><\/p>\n<\/td>\n<td valign=\"top\" width=\"96\">\n<p align=\"center\"><span style=\"font-family: 'book antiqua', palatino;font-size: small\">UFGRS<\/span><\/p>\n<p align=\"center\"><span style=\"font-family: 'book antiqua', palatino;font-size: small\">2010<\/span><\/p>\n<\/td>\n<td valign=\"top\" width=\"76\">\n<p align=\"center\"><span style=\"font-family: 'book antiqua', palatino;font-size: small\">Professor<\/span><\/p>\n<p align=\"center\"><span style=\"font-family: 'book antiqua', palatino;font-size: small\">Adjunto<\/span><\/p>\n<\/td>\n<td valign=\"top\" width=\"76\">\n<p align=\"center\"><span style=\"font-family: 'book antiqua', palatino;font-size: small\">40hs\/DE<\/span><\/p>\n<\/td>\n<\/tr>\n<\/tbody>\n<\/table>\n<\/div>\n","protected":false},"excerpt":{"rendered":"<p>Docente Titula\u00e7\u00e3o Institui\u00e7\u00e3o e Ano de Obten\u00e7\u00e3o do T\u00edtulo Categoria Funcional Jornada de Trabalho Alejandro Martins Rodriguez Doutor UFSC 1996 Professor Adjunto 40hs\/DE Cristiane Pedrazzi Doutor UFV 2009 Professor Adjunto 40hs\/DE \u00c9rika da Silva Ferreira Doutor UFPR 2010 Professor Adjunto 40hs\/DE Gilson Sim\u00f5es Porci\u00fancula Doutor UFSC 2009 Professor Adjunto 40hs\/DE Leonardo da Silva Oliveira Doutor [&hellip;]<\/p>\n","protected":false},"author":51,"featured_media":0,"parent":2877,"menu_order":0,"comment_status":"closed","ping_status":"open","template":"","meta":{"footnotes":""},"class_list":["post-2882","page","type-page","status-publish","hentry"],"publishpress_future_action":{"enabled":false,"date":"2026-04-23 01:56:02","action":"change-status","newStatus":"draft","terms":[],"taxonomy":"","extraData":[]},"publishpress_future_workflow_manual_trigger":{"enabledWorkflows":[]},"_links":{"self":[{"href":"https:\/\/wp.ufpel.edu.br\/ceimad\/index.php?rest_route=\/wp\/v2\/pages\/2882","targetHints":{"allow":["GET"]}}],"collection":[{"href":"https:\/\/wp.ufpel.edu.br\/ceimad\/index.php?rest_route=\/wp\/v2\/pages"}],"about":[{"href":"https:\/\/wp.ufpel.edu.br\/ceimad\/index.php?rest_route=\/wp\/v2\/types\/page"}],"author":[{"embeddable":true,"href":"https:\/\/wp.ufpel.edu.br\/ceimad\/index.php?rest_route=\/wp\/v2\/users\/51"}],"replies":[{"embeddable":true,"href":"https:\/\/wp.ufpel.edu.br\/ceimad\/index.php?rest_route=%2Fwp%2Fv2%2Fcomments&post=2882"}],"version-history":[{"count":7,"href":"https:\/\/wp.ufpel.edu.br\/ceimad\/index.php?rest_route=\/wp\/v2\/pages\/2882\/revisions"}],"predecessor-version":[{"id":2916,"href":"https:\/\/wp.ufpel.edu.br\/ceimad\/index.php?rest_route=\/wp\/v2\/pages\/2882\/revisions\/2916"}],"up":[{"embeddable":true,"href":"https:\/\/wp.ufpel.edu.br\/ceimad\/index.php?rest_route=\/wp\/v2\/pages\/2877"}],"wp:attachment":[{"href":"https:\/\/wp.ufpel.edu.br\/ceimad\/index.php?rest_route=%2Fwp%2Fv2%2Fmedia&parent=2882"}],"curies":[{"name":"wp","href":"https:\/\/api.w.org\/{rel}","templated":true}]}}