{"id":2879,"date":"2013-08-06T15:48:23","date_gmt":"2013-08-06T18:48:23","guid":{"rendered":"https:\/\/wp.ufpel.edu.br\/ceimad\/?page_id=2879"},"modified":"2013-08-06T16:20:19","modified_gmt":"2013-08-06T19:20:19","slug":"objetivos","status":"publish","type":"page","link":"https:\/\/wp.ufpel.edu.br\/ceimad\/?page_id=2879","title":{"rendered":"Objetivos"},"content":{"rendered":"<p><strong>OBJETIVO GERAL<\/strong><\/p>\n<p>O Curso de P\u00f3s-Gradua\u00e7\u00e3o \u201cLato Sensu\u201d em Produ\u00e7\u00e3o Industrial Madeireira, em n\u00edvel de especializa\u00e7\u00e3o, tem como objetivo qualificar engenheiros e profissionais graduados em n\u00edvel superior para a ind\u00fastria madeireira.<\/p>\n<p><strong>&#8211; Objetivos Espec\u00edficos<\/strong><\/p>\n<p>a) Proporcionar atualiza\u00e7\u00e3o e qualifica\u00e7\u00e3o de profissionais que atuam na \u00e1rea da ind\u00fastria madeireira;<\/p>\n<p>b) Especializar recursos humanos aprimorando seus conhecimentos t\u00e9cnicos, cient\u00edficos e profissionais, preparando-os para atender as exig\u00eancias de mercado;<\/p>\n<p>c) Gerar e promover a difus\u00e3o de conhecimentos cient\u00edficos e tecnol\u00f3gicos para contribuir com o desenvolvimento do setor industrial madeireiro, particularmente, no Rio Grande do Sul.<\/p>\n","protected":false},"excerpt":{"rendered":"<p>OBJETIVO GERAL O Curso de P\u00f3s-Gradua\u00e7\u00e3o \u201cLato Sensu\u201d em Produ\u00e7\u00e3o Industrial Madeireira, em n\u00edvel de especializa\u00e7\u00e3o, tem como objetivo qualificar engenheiros e profissionais graduados em n\u00edvel superior para a ind\u00fastria madeireira. &#8211; Objetivos Espec\u00edficos a) Proporcionar atualiza\u00e7\u00e3o e qualifica\u00e7\u00e3o de profissionais que atuam na \u00e1rea da ind\u00fastria madeireira; b) Especializar recursos humanos aprimorando seus conhecimentos [&hellip;]<\/p>\n","protected":false},"author":51,"featured_media":0,"parent":2877,"menu_order":0,"comment_status":"closed","ping_status":"open","template":"","meta":{"footnotes":""},"class_list":["post-2879","page","type-page","status-publish","hentry"],"publishpress_future_action":{"enabled":false,"date":"2026-05-19 17:50:27","action":"change-status","newStatus":"draft","terms":[],"taxonomy":"","extraData":[]},"publishpress_future_workflow_manual_trigger":{"enabledWorkflows":[]},"_links":{"self":[{"href":"https:\/\/wp.ufpel.edu.br\/ceimad\/index.php?rest_route=\/wp\/v2\/pages\/2879","targetHints":{"allow":["GET"]}}],"collection":[{"href":"https:\/\/wp.ufpel.edu.br\/ceimad\/index.php?rest_route=\/wp\/v2\/pages"}],"about":[{"href":"https:\/\/wp.ufpel.edu.br\/ceimad\/index.php?rest_route=\/wp\/v2\/types\/page"}],"author":[{"embeddable":true,"href":"https:\/\/wp.ufpel.edu.br\/ceimad\/index.php?rest_route=\/wp\/v2\/users\/51"}],"replies":[{"embeddable":true,"href":"https:\/\/wp.ufpel.edu.br\/ceimad\/index.php?rest_route=%2Fwp%2Fv2%2Fcomments&post=2879"}],"version-history":[{"count":2,"href":"https:\/\/wp.ufpel.edu.br\/ceimad\/index.php?rest_route=\/wp\/v2\/pages\/2879\/revisions"}],"predecessor-version":[{"id":2901,"href":"https:\/\/wp.ufpel.edu.br\/ceimad\/index.php?rest_route=\/wp\/v2\/pages\/2879\/revisions\/2901"}],"up":[{"embeddable":true,"href":"https:\/\/wp.ufpel.edu.br\/ceimad\/index.php?rest_route=\/wp\/v2\/pages\/2877"}],"wp:attachment":[{"href":"https:\/\/wp.ufpel.edu.br\/ceimad\/index.php?rest_route=%2Fwp%2Fv2%2Fmedia&parent=2879"}],"curies":[{"name":"wp","href":"https:\/\/api.w.org\/{rel}","templated":true}]}}