{"id":2877,"date":"2013-08-06T15:43:04","date_gmt":"2013-08-06T18:43:04","guid":{"rendered":"https:\/\/wp.ufpel.edu.br\/ceimad\/?page_id=2877"},"modified":"2013-08-06T16:08:01","modified_gmt":"2013-08-06T19:08:01","slug":"epim","status":"publish","type":"page","link":"https:\/\/wp.ufpel.edu.br\/ceimad\/?page_id=2877","title":{"rendered":"Especializa\u00e7\u00e3o &#8211; EPIM"},"content":{"rendered":"<p align=\"center\">O Curso de P\u00f3s-Gradua\u00e7\u00e3o\u00a0<i>Lato Sensu<\/i>\u00a0em Produ\u00e7\u00e3o Industrial Madeireira, em n\u00edvel de Especializa\u00e7\u00e3o (EPIM) do Centro de Engenharias (CENG) da Universidade Federal de Pelotas (UFPel) tem como principais preceitos possibilitar o aprimoramento na forma\u00e7\u00e3o de engenheiros e demais profissionais de n\u00edvel superior que atuam no setor industrial madeireiro, assim como, a proposi\u00e7\u00e3o de desenvolver a\u00e7\u00f5es qualificadas que contribuam para o desenvolvimento da ind\u00fastria madeireira.<\/p>\n<p align=\"center\">O Edital do Processo de Sele\u00e7\u00e3o da primeira turma est\u00e1\u00a0dispon\u00edvel\u00a0no link<\/p>\n<p align=\"center\">Processo de Sele\u00e7\u00e3o:\u00a0<a href=\"https:\/\/wp.ufpel.edu.br\/ceimad\/epim\/processo-de-selecao\">https:\/\/wp.ufpel.edu.br\/ceimad\/epim\/processo-de-selecao<\/a><\/p>\n<p align=\"center\"><b>As inscri\u00e7\u00f5es ocorrer\u00e3o no per\u00edodo de 12 a 23 de agosto de 2013.<\/b><\/p>\n","protected":false},"excerpt":{"rendered":"<p>O Curso de P\u00f3s-Gradua\u00e7\u00e3o\u00a0Lato Sensu\u00a0em Produ\u00e7\u00e3o Industrial Madeireira, em n\u00edvel de Especializa\u00e7\u00e3o (EPIM) do Centro de Engenharias (CENG) da Universidade Federal de Pelotas (UFPel) tem como principais preceitos possibilitar o aprimoramento na forma\u00e7\u00e3o de engenheiros e demais profissionais de n\u00edvel superior que atuam no setor industrial madeireiro, assim como, a proposi\u00e7\u00e3o de desenvolver a\u00e7\u00f5es qualificadas [&hellip;]<\/p>\n","protected":false},"author":51,"featured_media":0,"parent":0,"menu_order":0,"comment_status":"closed","ping_status":"open","template":"","meta":{"footnotes":""},"class_list":["post-2877","page","type-page","status-publish","hentry"],"publishpress_future_action":{"enabled":false,"date":"2026-04-23 03:42:03","action":"change-status","newStatus":"draft","terms":[],"taxonomy":"","extraData":[]},"publishpress_future_workflow_manual_trigger":{"enabledWorkflows":[]},"_links":{"self":[{"href":"https:\/\/wp.ufpel.edu.br\/ceimad\/index.php?rest_route=\/wp\/v2\/pages\/2877","targetHints":{"allow":["GET"]}}],"collection":[{"href":"https:\/\/wp.ufpel.edu.br\/ceimad\/index.php?rest_route=\/wp\/v2\/pages"}],"about":[{"href":"https:\/\/wp.ufpel.edu.br\/ceimad\/index.php?rest_route=\/wp\/v2\/types\/page"}],"author":[{"embeddable":true,"href":"https:\/\/wp.ufpel.edu.br\/ceimad\/index.php?rest_route=\/wp\/v2\/users\/51"}],"replies":[{"embeddable":true,"href":"https:\/\/wp.ufpel.edu.br\/ceimad\/index.php?rest_route=%2Fwp%2Fv2%2Fcomments&post=2877"}],"version-history":[{"count":5,"href":"https:\/\/wp.ufpel.edu.br\/ceimad\/index.php?rest_route=\/wp\/v2\/pages\/2877\/revisions"}],"predecessor-version":[{"id":2921,"href":"https:\/\/wp.ufpel.edu.br\/ceimad\/index.php?rest_route=\/wp\/v2\/pages\/2877\/revisions\/2921"}],"wp:attachment":[{"href":"https:\/\/wp.ufpel.edu.br\/ceimad\/index.php?rest_route=%2Fwp%2Fv2%2Fmedia&parent=2877"}],"curies":[{"name":"wp","href":"https:\/\/api.w.org\/{rel}","templated":true}]}}