{"id":26,"date":"2010-03-31T20:04:50","date_gmt":"2010-03-31T23:04:50","guid":{"rendered":"https:\/\/wp.ufpel.edu.br\/ceimad\/?page_id=26"},"modified":"2012-11-21T17:21:49","modified_gmt":"2012-11-21T19:21:49","slug":"saeim","status":"publish","type":"page","link":"https:\/\/wp.ufpel.edu.br\/ceimad\/?page_id=26","title":{"rendered":"Semana Acad\u00eamica"},"content":{"rendered":"<p><strong><br \/>\n<\/strong><\/p>\n<ul>\n<li><a href=\"https:\/\/wp.ufpel.edu.br\/ceimad\/?page_id=2031\"><strong>I Semana Acad\u00eamica da Engenharia Industrial Madeireira<\/strong><\/a><\/li>\n<\/ul>\n<p>&nbsp;<\/p>\n<ul>\n<li><strong><a href=\"https:\/\/wp.ufpel.edu.br\/ceimad\/?page_id=2036\">II Semana Acad\u00eamica da Engenharia Industrial Madeireira<\/a><\/strong><\/li>\n<\/ul>\n<div><span style=\"font-size: medium\"><span style=\"line-height: 24px\"><br \/>\n<\/span><\/span><\/div>\n<ul>\n<li>\u00a0<strong><a href=\"https:\/\/wp.ufpel.edu.br\/ceimad\/?page_id=2042\">III Semana Acad\u00eamica da Engenharia Industrial Madeireira<\/a><\/strong><\/li>\n<\/ul>\n<div><span style=\"font-size: medium\"><span style=\"line-height: 24px\"><br \/>\n<\/span><\/span><\/div>\n<ul>\n<li><a href=\"https:\/\/wp.ufpel.edu.br\/ceimad\/?page_id=2045\"><strong>IV Semana Acad\u00eamica da Engenharia Industrial Madeireira<\/strong><\/a><\/li>\n<\/ul>\n<ul>\n<li><a href=\"https:\/\/wp.ufpel.edu.br\/ceimad\/?page_id=2049\"><strong>V Semana Acad\u00eamica da Engenharia Industrial Madeireira<\/strong><\/a><\/li>\n<\/ul>\n<p>&nbsp;<\/p>\n<ul>\n<li><strong><a href=\"https:\/\/wp.ufpel.edu.br\/ceimad\/?page_id=2051\">VI Semana Acad\u00eamica da Engenharia Industrial Madeireira<\/a><\/strong><\/li>\n<\/ul>\n<p>&nbsp;<\/p>\n<ul>\n<li><a href=\"https:\/\/wp.ufpel.edu.br\/ceimad\/?page_id=2054\">VII\u00a0Semana Acad\u00eamica da Engenharia Industrial Madeireira<\/a><\/li>\n<\/ul>\n","protected":false},"excerpt":{"rendered":"<p>I Semana Acad\u00eamica da Engenharia Industrial Madeireira &nbsp; II Semana Acad\u00eamica da Engenharia Industrial Madeireira \u00a0III Semana Acad\u00eamica da Engenharia Industrial Madeireira IV Semana Acad\u00eamica da Engenharia Industrial Madeireira V Semana Acad\u00eamica da Engenharia Industrial Madeireira &nbsp; VI Semana Acad\u00eamica da Engenharia Industrial Madeireira &nbsp; VII\u00a0Semana Acad\u00eamica da Engenharia Industrial Madeireira<\/p>\n","protected":false},"author":51,"featured_media":0,"parent":1674,"menu_order":7,"comment_status":"closed","ping_status":"open","template":"","meta":{"footnotes":""},"class_list":["post-26","page","type-page","status-publish","hentry"],"publishpress_future_action":{"enabled":false,"date":"2026-04-21 20:27:46","action":"change-status","newStatus":"draft","terms":[],"taxonomy":"","extraData":[]},"publishpress_future_workflow_manual_trigger":{"enabledWorkflows":[]},"_links":{"self":[{"href":"https:\/\/wp.ufpel.edu.br\/ceimad\/index.php?rest_route=\/wp\/v2\/pages\/26","targetHints":{"allow":["GET"]}}],"collection":[{"href":"https:\/\/wp.ufpel.edu.br\/ceimad\/index.php?rest_route=\/wp\/v2\/pages"}],"about":[{"href":"https:\/\/wp.ufpel.edu.br\/ceimad\/index.php?rest_route=\/wp\/v2\/types\/page"}],"author":[{"embeddable":true,"href":"https:\/\/wp.ufpel.edu.br\/ceimad\/index.php?rest_route=\/wp\/v2\/users\/51"}],"replies":[{"embeddable":true,"href":"https:\/\/wp.ufpel.edu.br\/ceimad\/index.php?rest_route=%2Fwp%2Fv2%2Fcomments&post=26"}],"version-history":[{"count":23,"href":"https:\/\/wp.ufpel.edu.br\/ceimad\/index.php?rest_route=\/wp\/v2\/pages\/26\/revisions"}],"predecessor-version":[{"id":63,"href":"https:\/\/wp.ufpel.edu.br\/ceimad\/index.php?rest_route=\/wp\/v2\/pages\/26\/revisions\/63"}],"up":[{"embeddable":true,"href":"https:\/\/wp.ufpel.edu.br\/ceimad\/index.php?rest_route=\/wp\/v2\/pages\/1674"}],"wp:attachment":[{"href":"https:\/\/wp.ufpel.edu.br\/ceimad\/index.php?rest_route=%2Fwp%2Fv2%2Fmedia&parent=26"}],"curies":[{"name":"wp","href":"https:\/\/api.w.org\/{rel}","templated":true}]}}