{"id":2054,"date":"2012-11-21T17:09:41","date_gmt":"2012-11-21T19:09:41","guid":{"rendered":"https:\/\/wp.ufpel.edu.br\/ceimad\/?page_id=2054"},"modified":"2012-12-03T15:10:53","modified_gmt":"2012-12-03T17:10:53","slug":"vii-semana-academica-da-engenharia-industrial-madeireira","status":"publish","type":"page","link":"https:\/\/wp.ufpel.edu.br\/ceimad\/?page_id=2054","title":{"rendered":"VII Semana Acad\u00eamica da Engenharia Industrial Madeireira"},"content":{"rendered":"<p>A \u00a0VII Semana Acad\u00eamica da Engenharia Industrial\u00a0&#8211; VII SAEIM \u2013 aconteceu de\u00a026 a\u00a030 de novembro, no audit\u00f3rio do curso de Engenharia Industrial Madeireira. O evento foi organizado pelos alunos do curso que fazem parte da comiss\u00e3o organizadora da VII SAEIM e pelos professores \u00c9rika Ferreira, Cristiane Pedrazzi e Rafael Beltrame. O encontro teve como t\u00edtulo \u201cQualidade da Madeira\u201d e contou com palestras t\u00e9cnicas, minicursos, sorteio de brindes, al\u00e9m da visita t\u00e9cnica \u00e0 empresa ForjaSul-Tramontina, em Encruzilhada do Sul-RS.<\/p>\n<p>As palestras est\u00e3o dispon\u00edveis para <em>download<\/em> abaixo, junto com a programa\u00e7\u00e3o e o cartaz do evento.<\/p>\n<h3><span style=\"text-decoration: underline\">Documentos para <em>download<\/em>:<\/span><\/h3>\n<p><a href=\"https:\/\/wp.ufpel.edu.br\/ceimad\/files\/2012\/11\/CronogramaSAEIM.pdf\">Programa\u00e7\u00e3o completa do evento<\/a><\/p>\n<p><a href=\"https:\/\/wp.ufpel.edu.br\/ceimad\/files\/2012\/11\/SAEIM.jpg\">Cartaz da VII SAEIM<\/a><\/p>\n<p><a href=\"http:\/\/www.4shared.com\/rar\/b5UuZ2Z-\/Minicurso_Montana.html\">Minicurso &#8211;\u00a0\u201cProte\u00e7\u00e3o e Acabamentos em Madeira\u201d<\/a><\/p>\n<p><a href=\"http:\/\/www.4shared.com\/rar\/KRTXFg75\/Palestra_26-11.html\">Palestra 26\/11 &#8211;\u00a0\u201cQualidade da madeira para\u00a0Produ\u00e7\u00e3o de Celulose\u201d<\/a><\/p>\n<p><a href=\"http:\/\/www.4shared.com\/rar\/5176WvnU\/Palestras_27-11.html\">Palestras 27\/11 &#8211;\u00a0\u201cDesenvolvimento do setor industrial na\u00a0regi\u00e3o sul e perspectivas de trabalho\u201d e\u00a0\u201cQualidade da madeira para produ\u00e7\u00e3o\u00a0de pain\u00e9is\u201d<\/a><\/p>\n<p><a href=\"http:\/\/www.4shared.com\/rar\/tJMHDdxj\/Palestras_28-11.html\">Palestras 28\/11 &#8211;\u00a0\u201cCertifica\u00e7\u00e3o Florestal e Mercado de Produtos Madeireiros\u201d e\u00a0\u201cO CREA e o Futuro Profissional\u201d<\/a><\/p>\n<p><a href=\"http:\/\/www.4shared.com\/rar\/UKyppHYL\/Palestras_29-11.html\">Palestra 29\/11 &#8211;\u00a0\u201cMercado Madeireiro\u201d<\/a><\/p>\n<p>&nbsp;<\/p>\n","protected":false},"excerpt":{"rendered":"<p>A \u00a0VII Semana Acad\u00eamica da Engenharia Industrial\u00a0&#8211; VII SAEIM \u2013 aconteceu de\u00a026 a\u00a030 de novembro, no audit\u00f3rio do curso de Engenharia Industrial Madeireira. O evento foi organizado pelos alunos do curso que fazem parte da comiss\u00e3o organizadora da VII SAEIM e pelos professores \u00c9rika Ferreira, Cristiane Pedrazzi e Rafael Beltrame. O encontro teve como t\u00edtulo [&hellip;]<\/p>\n","protected":false},"author":51,"featured_media":0,"parent":26,"menu_order":0,"comment_status":"closed","ping_status":"open","template":"","meta":{"_crdt_document":"","footnotes":""},"class_list":["post-2054","page","type-page","status-publish","hentry"],"publishpress_future_action":{"enabled":false,"date":"2026-05-23 12:56:18","action":"change-status","newStatus":"draft","terms":[],"taxonomy":"","extraData":[]},"publishpress_future_workflow_manual_trigger":{"enabledWorkflows":[]},"_links":{"self":[{"href":"https:\/\/wp.ufpel.edu.br\/ceimad\/index.php?rest_route=\/wp\/v2\/pages\/2054","targetHints":{"allow":["GET"]}}],"collection":[{"href":"https:\/\/wp.ufpel.edu.br\/ceimad\/index.php?rest_route=\/wp\/v2\/pages"}],"about":[{"href":"https:\/\/wp.ufpel.edu.br\/ceimad\/index.php?rest_route=\/wp\/v2\/types\/page"}],"author":[{"embeddable":true,"href":"https:\/\/wp.ufpel.edu.br\/ceimad\/index.php?rest_route=\/wp\/v2\/users\/51"}],"replies":[{"embeddable":true,"href":"https:\/\/wp.ufpel.edu.br\/ceimad\/index.php?rest_route=%2Fwp%2Fv2%2Fcomments&post=2054"}],"version-history":[{"count":6,"href":"https:\/\/wp.ufpel.edu.br\/ceimad\/index.php?rest_route=\/wp\/v2\/pages\/2054\/revisions"}],"predecessor-version":[{"id":2261,"href":"https:\/\/wp.ufpel.edu.br\/ceimad\/index.php?rest_route=\/wp\/v2\/pages\/2054\/revisions\/2261"}],"up":[{"embeddable":true,"href":"https:\/\/wp.ufpel.edu.br\/ceimad\/index.php?rest_route=\/wp\/v2\/pages\/26"}],"wp:attachment":[{"href":"https:\/\/wp.ufpel.edu.br\/ceimad\/index.php?rest_route=%2Fwp%2Fv2%2Fmedia&parent=2054"}],"curies":[{"name":"wp","href":"https:\/\/api.w.org\/{rel}","templated":true}]}}