{"id":129,"date":"2011-05-26T14:50:56","date_gmt":"2011-05-26T17:50:56","guid":{"rendered":"https:\/\/wp.ufpel.edu.br\/ceimad\/"},"modified":"2021-03-31T19:48:57","modified_gmt":"2021-03-31T22:48:57","slug":"prof-gabriel","status":"publish","type":"page","link":"https:\/\/wp.ufpel.edu.br\/ceimad\/?page_id=129","title":{"rendered":"Prof. Gabriel Valim Cardoso"},"content":{"rendered":"<p><img class=\"alignleft wp-image-5047\" style=\"width: 99px;height: 118px\" src=\"https:\/\/wp.ufpel.edu.br\/ceimad\/files\/2021\/03\/Foto.jpg\" alt=\"\" width=\"130\" height=\"129\" \/><span style=\"color: #0000ff\"><a style=\"color: #0000ff\" href=\"http:\/\/lattes.cnpq.br\/0386013264955570\" target=\"_blank\" rel=\"noopener noreferrer\">Prof. Dr. Gabriel Valim Cardoso<\/a><\/span><\/p>\n<p>Possui Gradua\u00e7\u00e3o em Engenharia Florestal (2000), Mestrado em Tecnologia de Produtos Florestais (2002) pela Universidade Federal de Santa Maria e Doutorado em Ci\u00eancia e Engenharia de Materiais (2018) pela Universidade Federal de Pelotas. Professor Adjunto do Centro de Engenharias da Universidade Federal de Pelotas atuando no Curso de Engenharia Industrial Madeireira. Tem experi\u00eancia na \u00e1rea de Tecnologia e Utiliza\u00e7\u00e3o de Produtos Florestais, com \u00eanfase em processos de produ\u00e7\u00e3o de celulose e papel, atuando principalmente nos seguintes temas: qu\u00edmica da madeira, cozimento da madeira e branqueamento de celulose.<\/p>\n<p><strong><span style=\"color: #000000\">Disciplinas Ministradas<\/span><\/strong><\/p>\n<ul>\n<li><span style=\"color: #000000\"><a style=\"color: #000000\" href=\"https:\/\/institucional.ufpel.edu.br\/disciplinas\/cod\/15000552\"><span style=\"color: #0000ff\">Qu\u00edmica da Madeira<\/span><\/a><\/span><\/li>\n<li><span style=\"color: #0000ff\"><a style=\"color: #0000ff\" href=\"https:\/\/institucional.ufpel.edu.br\/disciplinas\/cod\/15000401\">Qu\u00edmica da Madeira Experimental<\/a><\/span><\/li>\n<li><span style=\"color: #000000\"><a style=\"color: #000000\" href=\"https:\/\/institucional.ufpel.edu.br\/disciplinas\/cod\/15000554\"><span style=\"color: #0000ff\">Sa\u00fade e Seguran\u00e7a no Trabalho<\/span><\/a><\/span><\/li>\n<li><span style=\"color: #000000\"><a style=\"color: #000000\" href=\"https:\/\/institucional.ufpel.edu.br\/disciplinas\/cod\/15000062\"><span style=\"color: #0000ff\">Tecnologia da Produ\u00e7\u00e3o de Celulose<\/span><\/a><\/span><\/li>\n<li><span style=\"color: #0000ff\"><a style=\"color: #0000ff\" href=\"https:\/\/institucional.ufpel.edu.br\/disciplinas\/cod\/15000082\">Produ\u00e7\u00e3o e Propriedades do Papel<\/a><\/span><\/li>\n<li><span style=\"color: #000000\"><a style=\"color: #000000\" href=\"https:\/\/institucional.ufpel.edu.br\/disciplinas\/cod\/15000083\"><span style=\"color: #0000ff\">Controle Ambiental na Ind\u00fastria de Celulose e Papel<\/span><\/a><\/span><\/li>\n<\/ul>\n<p><span style=\"color: #000000\"><strong>Coordenador dos Laborat\u00f3rios de <span style=\"color: #0000ff\"><a style=\"color: #0000ff\" href=\"https:\/\/wp.ufpel.edu.br\/nulab\/laboratorio-de-quimica-da-madeira\/\">Qu\u00edmica da Madeira<\/a> <\/span>e de <span style=\"color: #0000ff\"><a style=\"color: #0000ff\" href=\"https:\/\/wp.ufpel.edu.br\/nulab\/celulose-papel\/\">Celulose e Papel<\/a><\/span><\/strong><\/span><\/p>\n<p><strong>Contato<\/strong><br \/>\nTelefone: +55 53 3284.1670<br \/>\nE-mail: <span style=\"font: 14pt\/normal times new roman, times;text-align: left;color: #555555;text-indent: 0px;letter-spacing: normal;float: none;background-color: #ffffff\">gabriel.valim.cardoso@gmail.com<\/span><\/p>\n","protected":false},"excerpt":{"rendered":"<p>Prof. Dr. Gabriel Valim Cardoso Possui Gradua\u00e7\u00e3o em Engenharia Florestal (2000), Mestrado em Tecnologia de Produtos Florestais (2002) pela Universidade Federal de Santa Maria e Doutorado em Ci\u00eancia e Engenharia de Materiais (2018) pela Universidade Federal de Pelotas. Professor Adjunto do Centro de Engenharias da Universidade Federal de Pelotas atuando no Curso de Engenharia Industrial [&hellip;]<\/p>\n","protected":false},"author":51,"featured_media":0,"parent":375,"menu_order":1,"comment_status":"closed","ping_status":"closed","template":"","meta":{"_crdt_document":"","footnotes":""},"class_list":["post-129","page","type-page","status-publish","hentry"],"publishpress_future_action":{"enabled":false,"date":"2026-05-22 19:32:40","action":"change-status","newStatus":"draft","terms":[],"taxonomy":"","extraData":[]},"publishpress_future_workflow_manual_trigger":{"enabledWorkflows":[]},"_links":{"self":[{"href":"https:\/\/wp.ufpel.edu.br\/ceimad\/index.php?rest_route=\/wp\/v2\/pages\/129","targetHints":{"allow":["GET"]}}],"collection":[{"href":"https:\/\/wp.ufpel.edu.br\/ceimad\/index.php?rest_route=\/wp\/v2\/pages"}],"about":[{"href":"https:\/\/wp.ufpel.edu.br\/ceimad\/index.php?rest_route=\/wp\/v2\/types\/page"}],"author":[{"embeddable":true,"href":"https:\/\/wp.ufpel.edu.br\/ceimad\/index.php?rest_route=\/wp\/v2\/users\/51"}],"replies":[{"embeddable":true,"href":"https:\/\/wp.ufpel.edu.br\/ceimad\/index.php?rest_route=%2Fwp%2Fv2%2Fcomments&post=129"}],"version-history":[{"count":31,"href":"https:\/\/wp.ufpel.edu.br\/ceimad\/index.php?rest_route=\/wp\/v2\/pages\/129\/revisions"}],"predecessor-version":[{"id":5146,"href":"https:\/\/wp.ufpel.edu.br\/ceimad\/index.php?rest_route=\/wp\/v2\/pages\/129\/revisions\/5146"}],"up":[{"embeddable":true,"href":"https:\/\/wp.ufpel.edu.br\/ceimad\/index.php?rest_route=\/wp\/v2\/pages\/375"}],"wp:attachment":[{"href":"https:\/\/wp.ufpel.edu.br\/ceimad\/index.php?rest_route=%2Fwp%2Fv2%2Fmedia&parent=129"}],"curies":[{"name":"wp","href":"https:\/\/api.w.org\/{rel}","templated":true}]}}