{"id":121,"date":"2011-05-26T14:35:18","date_gmt":"2011-05-26T17:35:18","guid":{"rendered":"https:\/\/wp.ufpel.edu.br\/ceimad\/"},"modified":"2021-03-31T19:49:55","modified_gmt":"2021-03-31T22:49:55","slug":"prof-leonardo-oliveira","status":"publish","type":"page","link":"https:\/\/wp.ufpel.edu.br\/ceimad\/?page_id=121","title":{"rendered":"Prof. Leonardo da Silva Oliveira"},"content":{"rendered":"<p><span style=\"color: #0000ff\"><a style=\"color: #0000ff\" href=\"http:\/\/lattes.cnpq.br\/2363993318645257\" target=\"_blank\" rel=\"noopener noreferrer\">Prof. Dr. Leonardo da Silva Oliveira<\/a><\/span><br \/>\nGradua\u00e7\u00e3o em Engenharia Florestal (UFSM)<br \/>\nMestrado em Engenharia Florestal (UFSM)<br \/>\nDoutorado em Engenharia Florestal (UFSM)<\/p>\n<p><strong>Disciplinas Ministradas:<\/strong><\/p>\n<ul>\n<li><span style=\"color: #0000ff\"><a style=\"color: #0000ff\" href=\"https:\/\/institucional.ufpel.edu.br\/disciplinas\/cod\/15000041\">Biodegrada\u00e7\u00e3o e Preserva\u00e7\u00e3o da Madeira<\/a><\/span><\/li>\n<li><span style=\"color: #0000ff\"><a style=\"color: #0000ff\" href=\"https:\/\/institucional.ufpel.edu.br\/disciplinas\/cod\/15000037\">Secagem da Madeira<\/a><\/span><\/li>\n<li><span style=\"color: #0000ff\"><a style=\"color: #0000ff\" href=\"https:\/\/institucional.ufpel.edu.br\/disciplinas\/cod\/15000251\">Est\u00e1gio Curricular Obrigat\u00f3rio<\/a><\/span><\/li>\n<li><span style=\"color: #0000ff\"><a style=\"color: #0000ff\" href=\"https:\/\/institucional.ufpel.edu.br\/disciplinas\/cod\/15000045\">Legisla\u00e7\u00e3o e \u00c9tica Profissional<\/a><\/span><\/li>\n<li><span style=\"color: #0000ff\"><a style=\"color: #0000ff\" href=\"https:\/\/institucional.ufpel.edu.br\/disciplinas\/cod\/15000396\">Metodologia da Pesquisa Cient\u00edfica e Produ\u00e7\u00e3o de Texto<\/a><\/span><\/li>\n<li><span style=\"color: #0000ff\"><a style=\"color: #0000ff\" href=\"https:\/\/institucional.ufpel.edu.br\/disciplinas\/cod\/15000647\">SECAGEM APLICADA \u00c0 IND\u00daSTRIA DE BASE FLORESTAL<\/a><\/span><\/li>\n<\/ul>\n<p><span style=\"color: #000000\">Respons\u00e1vel pelos Laborat\u00f3rios de <span style=\"color: #0000ff\"><a style=\"color: #0000ff\" href=\"https:\/\/wp.ufpel.edu.br\/lbm\/\">Biodegrada\u00e7\u00e3o da Madeira<\/a><\/span> e de <span style=\"color: #0000ff\"><a style=\"color: #0000ff\" href=\"https:\/\/wp.ufpel.edu.br\/lasema\/\">Secagem da Madeira<\/a><\/span><\/span><br \/>\n<span style=\"color: #000000\">Telefone: +55 53 3284.1670<\/span><br \/>\n<span style=\"color: #000000\">E-mail: leonardo76rs@yahoo.com.br<\/span><\/p>\n<p><span style=\"color: #000000\"><strong>\u00a0<\/strong><\/span><\/p>\n","protected":false},"excerpt":{"rendered":"<p>Prof. Dr. Leonardo da Silva Oliveira Gradua\u00e7\u00e3o em Engenharia Florestal (UFSM) Mestrado em Engenharia Florestal (UFSM) Doutorado em Engenharia Florestal (UFSM) Disciplinas Ministradas: Biodegrada\u00e7\u00e3o e Preserva\u00e7\u00e3o da Madeira Secagem da Madeira Est\u00e1gio Curricular Obrigat\u00f3rio Legisla\u00e7\u00e3o e \u00c9tica Profissional Metodologia da Pesquisa Cient\u00edfica e Produ\u00e7\u00e3o de Texto SECAGEM APLICADA \u00c0 IND\u00daSTRIA DE BASE FLORESTAL Respons\u00e1vel pelos [&hellip;]<\/p>\n","protected":false},"author":51,"featured_media":0,"parent":375,"menu_order":2,"comment_status":"closed","ping_status":"closed","template":"","meta":{"_crdt_document":"","footnotes":""},"class_list":["post-121","page","type-page","status-publish","hentry"],"publishpress_future_action":{"enabled":false,"date":"2026-05-23 12:56:13","action":"change-status","newStatus":"draft","terms":[],"taxonomy":"","extraData":[]},"publishpress_future_workflow_manual_trigger":{"enabledWorkflows":[]},"_links":{"self":[{"href":"https:\/\/wp.ufpel.edu.br\/ceimad\/index.php?rest_route=\/wp\/v2\/pages\/121","targetHints":{"allow":["GET"]}}],"collection":[{"href":"https:\/\/wp.ufpel.edu.br\/ceimad\/index.php?rest_route=\/wp\/v2\/pages"}],"about":[{"href":"https:\/\/wp.ufpel.edu.br\/ceimad\/index.php?rest_route=\/wp\/v2\/types\/page"}],"author":[{"embeddable":true,"href":"https:\/\/wp.ufpel.edu.br\/ceimad\/index.php?rest_route=\/wp\/v2\/users\/51"}],"replies":[{"embeddable":true,"href":"https:\/\/wp.ufpel.edu.br\/ceimad\/index.php?rest_route=%2Fwp%2Fv2%2Fcomments&post=121"}],"version-history":[{"count":36,"href":"https:\/\/wp.ufpel.edu.br\/ceimad\/index.php?rest_route=\/wp\/v2\/pages\/121\/revisions"}],"predecessor-version":[{"id":5147,"href":"https:\/\/wp.ufpel.edu.br\/ceimad\/index.php?rest_route=\/wp\/v2\/pages\/121\/revisions\/5147"}],"up":[{"embeddable":true,"href":"https:\/\/wp.ufpel.edu.br\/ceimad\/index.php?rest_route=\/wp\/v2\/pages\/375"}],"wp:attachment":[{"href":"https:\/\/wp.ufpel.edu.br\/ceimad\/index.php?rest_route=%2Fwp%2Fv2%2Fmedia&parent=121"}],"curies":[{"name":"wp","href":"https:\/\/api.w.org\/{rel}","templated":true}]}}