{"id":969,"date":"2017-11-28T09:04:14","date_gmt":"2017-11-28T11:04:14","guid":{"rendered":"https:\/\/wp.ufpel.edu.br\/ceihe\/?page_id=969"},"modified":"2017-12-17T10:00:15","modified_gmt":"2017-12-17T12:00:15","slug":"villa-rica","status":"publish","type":"page","link":"https:\/\/wp.ufpel.edu.br\/ceihe\/villa-rica\/","title":{"rendered":"Villa Rica"},"content":{"rendered":"<table border=\"0\" width=\"513\">\n<tbody>\n<tr>\n<td style=\"width: 200px\"><a href=\"https:\/\/wp.ufpel.edu.br\/ceihe\/files\/2017\/11\/1-FILEminimizer-4.jpg\"><img class=\"alignleft size-thumbnail wp-image-1001\" src=\"https:\/\/wp.ufpel.edu.br\/ceihe\/files\/2017\/11\/1-FILEminimizer-4-200x200.jpg\" alt=\"\" width=\"200\" height=\"200\" \/><\/a><\/td>\n<td style=\"vertical-align: top\">\n<p>&nbsp;<\/p>\n<p><span style=\"font-family: tahoma, arial, helvetica, sans-serif\">MUNIC\u00cdPIO DE VILLA RICA. Mensagem apresentada ao Conselho Municipal pelo Intendente Coronel Luiz Gonzaga de Azevedo em 3 de novembro de 1903, or\u00e7amento da receita e despesa para o exerc\u00edcio de 1904 \u2013 Lei aprovando as contas do or\u00e7amento de 1902 \u2013 Instru\u00e7\u00f5es para execu\u00e7\u00e3o do or\u00e7amento de 1904 \u2013 Lei de 1\u00ba de novembro de 1897 sobre corrida de cavalos Officinas Typographicas d\u2019A Federa\u00e7\u00e3o, Porto Alegre, 1903.<\/span><\/p>\n<p><span style=\"font-family: tahoma, arial, helvetica, sans-serif\">\u00a0<\/span><\/td>\n<\/tr>\n<\/tbody>\n<\/table>\n<p>&nbsp;<\/p>\n","protected":false},"excerpt":{"rendered":"<p>&nbsp; MUNIC\u00cdPIO DE VILLA RICA. Mensagem apresentada ao Conselho Municipal pelo Intendente Coronel Luiz Gonzaga de Azevedo em 3 de novembro de 1903, or\u00e7amento da receita e despesa para o exerc\u00edcio de 1904 \u2013 Lei aprovando as contas do or\u00e7amento de 1902 \u2013 Instru\u00e7\u00f5es para execu\u00e7\u00e3o do or\u00e7amento de 1904 \u2013 Lei de 1\u00ba de [&hellip;]<\/p>\n","protected":false},"author":777,"featured_media":0,"parent":0,"menu_order":0,"comment_status":"closed","ping_status":"closed","template":"","meta":{"footnotes":""},"class_list":["post-969","page","type-page","status-publish","hentry"],"_links":{"self":[{"href":"https:\/\/wp.ufpel.edu.br\/ceihe\/wp-json\/wp\/v2\/pages\/969","targetHints":{"allow":["GET"]}}],"collection":[{"href":"https:\/\/wp.ufpel.edu.br\/ceihe\/wp-json\/wp\/v2\/pages"}],"about":[{"href":"https:\/\/wp.ufpel.edu.br\/ceihe\/wp-json\/wp\/v2\/types\/page"}],"author":[{"embeddable":true,"href":"https:\/\/wp.ufpel.edu.br\/ceihe\/wp-json\/wp\/v2\/users\/777"}],"replies":[{"embeddable":true,"href":"https:\/\/wp.ufpel.edu.br\/ceihe\/wp-json\/wp\/v2\/comments?post=969"}],"version-history":[{"count":5,"href":"https:\/\/wp.ufpel.edu.br\/ceihe\/wp-json\/wp\/v2\/pages\/969\/revisions"}],"predecessor-version":[{"id":1357,"href":"https:\/\/wp.ufpel.edu.br\/ceihe\/wp-json\/wp\/v2\/pages\/969\/revisions\/1357"}],"wp:attachment":[{"href":"https:\/\/wp.ufpel.edu.br\/ceihe\/wp-json\/wp\/v2\/media?parent=969"}],"curies":[{"name":"wp","href":"https:\/\/api.w.org\/{rel}","templated":true}]}}