{"id":965,"date":"2017-11-28T09:03:35","date_gmt":"2017-11-28T11:03:35","guid":{"rendered":"https:\/\/wp.ufpel.edu.br\/ceihe\/?page_id=965"},"modified":"2017-12-17T09:57:56","modified_gmt":"2017-12-17T11:57:56","slug":"rosario","status":"publish","type":"page","link":"https:\/\/wp.ufpel.edu.br\/ceihe\/rosario\/","title":{"rendered":"Ros\u00e1rio"},"content":{"rendered":"<table border=\"0\" width=\"513\">\n<tbody>\n<tr>\n<td style=\"width: 200px\"><a href=\"https:\/\/wp.ufpel.edu.br\/ceihe\/files\/2017\/11\/1-FILEminimizer-3.jpg\"><img class=\"alignleft size-thumbnail wp-image-995\" src=\"https:\/\/wp.ufpel.edu.br\/ceihe\/files\/2017\/11\/1-FILEminimizer-3-200x200.jpg\" alt=\"\" width=\"200\" height=\"200\" \/><\/a><\/td>\n<td style=\"vertical-align: top\">\n<p>&nbsp;<\/p>\n<p><span style=\"font-family: tahoma, arial, helvetica, sans-serif\">MUNIC\u00cdPIO DO ROS\u00c1RIO \u2013 Lei Eleitoral com exposi\u00e7\u00f5es de motivos pelo Dr. Ursino Antonio Meirelles, vice intendente em exerc\u00edcio. Officinas Typographicas d\u2019A Federa\u00e7\u00e3o, Porto Alegre, 1916.<\/span><\/p>\n<p><span style=\"font-family: tahoma, arial, helvetica, sans-serif\">\u00a0<\/span><\/td>\n<\/tr>\n<\/tbody>\n<\/table>\n<p>&nbsp;<\/p>\n","protected":false},"excerpt":{"rendered":"<p>&nbsp; MUNIC\u00cdPIO DO ROS\u00c1RIO \u2013 Lei Eleitoral com exposi\u00e7\u00f5es de motivos pelo Dr. Ursino Antonio Meirelles, vice intendente em exerc\u00edcio. Officinas Typographicas d\u2019A Federa\u00e7\u00e3o, Porto Alegre, 1916. \u00a0 &nbsp;<\/p>\n","protected":false},"author":777,"featured_media":0,"parent":0,"menu_order":0,"comment_status":"closed","ping_status":"closed","template":"","meta":{"footnotes":""},"class_list":["post-965","page","type-page","status-publish","hentry"],"_links":{"self":[{"href":"https:\/\/wp.ufpel.edu.br\/ceihe\/wp-json\/wp\/v2\/pages\/965","targetHints":{"allow":["GET"]}}],"collection":[{"href":"https:\/\/wp.ufpel.edu.br\/ceihe\/wp-json\/wp\/v2\/pages"}],"about":[{"href":"https:\/\/wp.ufpel.edu.br\/ceihe\/wp-json\/wp\/v2\/types\/page"}],"author":[{"embeddable":true,"href":"https:\/\/wp.ufpel.edu.br\/ceihe\/wp-json\/wp\/v2\/users\/777"}],"replies":[{"embeddable":true,"href":"https:\/\/wp.ufpel.edu.br\/ceihe\/wp-json\/wp\/v2\/comments?post=965"}],"version-history":[{"count":3,"href":"https:\/\/wp.ufpel.edu.br\/ceihe\/wp-json\/wp\/v2\/pages\/965\/revisions"}],"predecessor-version":[{"id":1354,"href":"https:\/\/wp.ufpel.edu.br\/ceihe\/wp-json\/wp\/v2\/pages\/965\/revisions\/1354"}],"wp:attachment":[{"href":"https:\/\/wp.ufpel.edu.br\/ceihe\/wp-json\/wp\/v2\/media?parent=965"}],"curies":[{"name":"wp","href":"https:\/\/api.w.org\/{rel}","templated":true}]}}