{"id":963,"date":"2017-11-28T09:03:17","date_gmt":"2017-11-28T11:03:17","guid":{"rendered":"https:\/\/wp.ufpel.edu.br\/ceihe\/?page_id=963"},"modified":"2017-12-17T09:57:07","modified_gmt":"2017-12-17T11:57:07","slug":"mundo-novo-2","status":"publish","type":"page","link":"https:\/\/wp.ufpel.edu.br\/ceihe\/mundo-novo-2\/","title":{"rendered":"Mundo Novo"},"content":{"rendered":"<table border=\"0\" width=\"513\">\n<tbody>\n<tr>\n<td style=\"width: 200px\"><a href=\"https:\/\/wp.ufpel.edu.br\/ceihe\/files\/2017\/11\/1-FILEminimizer-2.jpg\"><img class=\"alignleft size-thumbnail wp-image-982\" src=\"https:\/\/wp.ufpel.edu.br\/ceihe\/files\/2017\/11\/1-FILEminimizer-2-200x200.jpg\" alt=\"\" width=\"200\" height=\"200\" \/><\/a><\/td>\n<td style=\"vertical-align: top\">\n<p>&nbsp;<\/p>\n<p><span style=\"font-family: tahoma, arial, helvetica, sans-serif\">MUNIC\u00cdPIO DE MUNDO NOVO. Mensagem apresentada ao Conselho Municipal do Mundo Novo pelo Intendente do Munic\u00edpio e sess\u00e3o extraordin\u00e1ria a 31 de Maio de 1900. Typographia de W. Rotermund, S\u00e3o Leopoldo, 1900.<\/span><\/p>\n<p><span style=\"font-family: tahoma, arial, helvetica, sans-serif\">\u00a0<\/span><\/p>\n<p>.<\/td>\n<\/tr>\n<\/tbody>\n<\/table>\n<p>&nbsp;<\/p>\n","protected":false},"excerpt":{"rendered":"<p>&nbsp; MUNIC\u00cdPIO DE MUNDO NOVO. Mensagem apresentada ao Conselho Municipal do Mundo Novo pelo Intendente do Munic\u00edpio e sess\u00e3o extraordin\u00e1ria a 31 de Maio de 1900. Typographia de W. Rotermund, S\u00e3o Leopoldo, 1900. \u00a0 . &nbsp;<\/p>\n","protected":false},"author":777,"featured_media":0,"parent":0,"menu_order":0,"comment_status":"closed","ping_status":"closed","template":"","meta":{"footnotes":""},"class_list":["post-963","page","type-page","status-publish","hentry"],"_links":{"self":[{"href":"https:\/\/wp.ufpel.edu.br\/ceihe\/wp-json\/wp\/v2\/pages\/963","targetHints":{"allow":["GET"]}}],"collection":[{"href":"https:\/\/wp.ufpel.edu.br\/ceihe\/wp-json\/wp\/v2\/pages"}],"about":[{"href":"https:\/\/wp.ufpel.edu.br\/ceihe\/wp-json\/wp\/v2\/types\/page"}],"author":[{"embeddable":true,"href":"https:\/\/wp.ufpel.edu.br\/ceihe\/wp-json\/wp\/v2\/users\/777"}],"replies":[{"embeddable":true,"href":"https:\/\/wp.ufpel.edu.br\/ceihe\/wp-json\/wp\/v2\/comments?post=963"}],"version-history":[{"count":3,"href":"https:\/\/wp.ufpel.edu.br\/ceihe\/wp-json\/wp\/v2\/pages\/963\/revisions"}],"predecessor-version":[{"id":1353,"href":"https:\/\/wp.ufpel.edu.br\/ceihe\/wp-json\/wp\/v2\/pages\/963\/revisions\/1353"}],"wp:attachment":[{"href":"https:\/\/wp.ufpel.edu.br\/ceihe\/wp-json\/wp\/v2\/media?parent=963"}],"curies":[{"name":"wp","href":"https:\/\/api.w.org\/{rel}","templated":true}]}}