{"id":915,"date":"2017-11-28T08:35:35","date_gmt":"2017-11-28T10:35:35","guid":{"rendered":"https:\/\/wp.ufpel.edu.br\/ceihe\/?page_id=915"},"modified":"2018-02-14T18:27:59","modified_gmt":"2018-02-14T20:27:59","slug":"julio-de-castilhos","status":"publish","type":"page","link":"https:\/\/wp.ufpel.edu.br\/ceihe\/julio-de-castilhos\/","title":{"rendered":"J\u00falio de Castilhos"},"content":{"rendered":"<table border=\"0\" width=\"513\">\n<tbody>\n<tr>\n<td style=\"width: 200px\"><a href=\"https:\/\/wp.ufpel.edu.br\/ceihe\/files\/2017\/11\/1-FILEminimizer-1.jpg\"><img class=\"alignleft size-thumbnail wp-image-950\" src=\"https:\/\/wp.ufpel.edu.br\/ceihe\/files\/2017\/11\/1-FILEminimizer-1-200x200.jpg\" alt=\"\" width=\"200\" height=\"200\" \/><\/a><\/td>\n<td style=\"vertical-align: top\">\n<p>&nbsp;<\/p>\n<p><span style=\"font-family: tahoma, arial, helvetica, sans-serif\">MUNIC\u00cdPIO DE J\u00daLIO DE CASTILHOS. Relat\u00f3rio apresentado pelo prefeito Aristides de Moraes Gomes, referente aos exerc\u00edcios de 1929 e 1930. Relat\u00f3rios da secretaria e tesouros municipais referentes aos mesmos per\u00edodos. Off. Gr\u00e1ficas d\u2019A Impressora, J\u00falio de Castilhos, 1931.<\/span><\/p>\n<p>&nbsp;<\/td>\n<\/tr>\n<\/tbody>\n<\/table>\n<p>&nbsp;<\/p>\n<table border=\"0\" width=\"513\">\n<tbody>\n<tr>\n<td style=\"width: 200px\"><a href=\"https:\/\/wp.ufpel.edu.br\/ceihe\/files\/2018\/02\/1-5-2.jpg\"><img class=\"alignleft size-thumbnail wp-image-1475\" src=\"https:\/\/wp.ufpel.edu.br\/ceihe\/files\/2018\/02\/1-5-2-200x200.jpg\" alt=\"\" width=\"200\" height=\"200\" \/><\/a><\/td>\n<td style=\"vertical-align: top\">\n<p>&nbsp;<\/p>\n<p><span style=\"font-family: tahoma, arial, helvetica, sans-serif\">INTEND\u00caNCIA MUNICIPAL DE J\u00daLIO DE CASTILHOS. Relat\u00f3rio de 1922. Apresentado ao Concelho Municipal em 3 de novembro pelo intendente Coronel Alvaro Hippolyto Pinto, off. Do \u201cOfficinas Graphicas movida a eletricidade de Rotermund\u201d, Cruz Alta, 1923.<\/span><\/p>\n<p>&nbsp;<\/td>\n<\/tr>\n<\/tbody>\n<\/table>\n<p>&nbsp;<\/p>\n","protected":false},"excerpt":{"rendered":"<p>&nbsp; MUNIC\u00cdPIO DE J\u00daLIO DE CASTILHOS. Relat\u00f3rio apresentado pelo prefeito Aristides de Moraes Gomes, referente aos exerc\u00edcios de 1929 e 1930. Relat\u00f3rios da secretaria e tesouros municipais referentes aos mesmos per\u00edodos. Off. Gr\u00e1ficas d\u2019A Impressora, J\u00falio de Castilhos, 1931. &nbsp; &nbsp; &nbsp; INTEND\u00caNCIA MUNICIPAL DE J\u00daLIO DE CASTILHOS. Relat\u00f3rio de 1922. Apresentado ao Concelho Municipal [&hellip;]<\/p>\n","protected":false},"author":777,"featured_media":0,"parent":0,"menu_order":0,"comment_status":"closed","ping_status":"closed","template":"","meta":{"footnotes":""},"class_list":["post-915","page","type-page","status-publish","hentry"],"_links":{"self":[{"href":"https:\/\/wp.ufpel.edu.br\/ceihe\/wp-json\/wp\/v2\/pages\/915","targetHints":{"allow":["GET"]}}],"collection":[{"href":"https:\/\/wp.ufpel.edu.br\/ceihe\/wp-json\/wp\/v2\/pages"}],"about":[{"href":"https:\/\/wp.ufpel.edu.br\/ceihe\/wp-json\/wp\/v2\/types\/page"}],"author":[{"embeddable":true,"href":"https:\/\/wp.ufpel.edu.br\/ceihe\/wp-json\/wp\/v2\/users\/777"}],"replies":[{"embeddable":true,"href":"https:\/\/wp.ufpel.edu.br\/ceihe\/wp-json\/wp\/v2\/comments?post=915"}],"version-history":[{"count":8,"href":"https:\/\/wp.ufpel.edu.br\/ceihe\/wp-json\/wp\/v2\/pages\/915\/revisions"}],"predecessor-version":[{"id":1478,"href":"https:\/\/wp.ufpel.edu.br\/ceihe\/wp-json\/wp\/v2\/pages\/915\/revisions\/1478"}],"wp:attachment":[{"href":"https:\/\/wp.ufpel.edu.br\/ceihe\/wp-json\/wp\/v2\/media?parent=915"}],"curies":[{"name":"wp","href":"https:\/\/api.w.org\/{rel}","templated":true}]}}