{"id":874,"date":"2017-11-28T08:11:26","date_gmt":"2017-11-28T10:11:26","guid":{"rendered":"https:\/\/wp.ufpel.edu.br\/ceihe\/?page_id=874"},"modified":"2017-12-12T11:11:18","modified_gmt":"2017-12-12T13:11:18","slug":"encruzilhada","status":"publish","type":"page","link":"https:\/\/wp.ufpel.edu.br\/ceihe\/encruzilhada\/","title":{"rendered":"Encruzilhada"},"content":{"rendered":"<table border=\"0\" width=\"513\">\n<tbody>\n<tr>\n<td style=\"width: 200px\"><a href=\"https:\/\/wp.ufpel.edu.br\/ceihe\/files\/2017\/11\/1-1-FILEminimizer-2.jpg\"><img class=\"alignleft size-thumbnail wp-image-885\" src=\"https:\/\/wp.ufpel.edu.br\/ceihe\/files\/2017\/11\/1-1-FILEminimizer-2-200x200.jpg\" alt=\"\" width=\"200\" height=\"200\" \/><\/a><\/td>\n<td style=\"vertical-align: top\">\n<p>&nbsp;<\/p>\n<p><span style=\"font-family: tahoma, arial, helvetica, sans-serif\">VILLA da ENCRUZILHADA.\u00a0 Relat\u00f3rio apresentado a Assembleia Legislativa Provincial de S\u00e3o Pedro de Rio Grande do Sul pela C\u00e2mera Municipal de Villa de Encruzilhada, Typographia da Encruzilhada, Encruzilhada, 1888.<\/span><\/td>\n<\/tr>\n<\/tbody>\n<\/table>\n<p>&nbsp;<\/p>\n<table border=\"0\" width=\"513\">\n<tbody>\n<tr>\n<td style=\"width: 200px\"><a href=\"https:\/\/wp.ufpel.edu.br\/ceihe\/files\/2017\/11\/1-2-FILEminimizer-2.jpg\"><img class=\"alignleft size-thumbnail wp-image-887\" src=\"https:\/\/wp.ufpel.edu.br\/ceihe\/files\/2017\/11\/1-2-FILEminimizer-2-200x200.jpg\" alt=\"\" width=\"200\" height=\"200\" \/><\/a><\/td>\n<td><span style=\"font-family: tahoma, arial, helvetica, sans-serif\">MUNIC\u00cdPIO DE ENCRUZILHADA. Lei n. 7 de 16 de janeiro de 1902, Decreta e promulga o c\u00f3digo de posturas do Munic\u00edpio de Encruzilhada, Oficina Typographica de E Wiedemann e Filhos, Porto Alegre, 1902.<\/span><\/td>\n<\/tr>\n<\/tbody>\n<\/table>\n<p>&nbsp;<\/p>\n<table border=\"0\" width=\"513\">\n<tbody>\n<tr>\n<td style=\"width: 200px\"><a href=\"https:\/\/wp.ufpel.edu.br\/ceihe\/files\/2017\/11\/1-3-FILEminimizer-2.jpg\"><img class=\"alignleft size-thumbnail wp-image-888\" src=\"https:\/\/wp.ufpel.edu.br\/ceihe\/files\/2017\/11\/1-3-FILEminimizer-2-200x200.jpg\" alt=\"\" width=\"200\" height=\"200\" \/><\/a><\/td>\n<td style=\"vertical-align: top\"><span style=\"font-family: tahoma, arial, helvetica, sans-serif\">MUNIC\u00cdPIO DE ENCRUZILHADA. Mensagem do Intendente. Lei N\u00ba. 18 de 28 de outubro de 1903 or\u00e7a a receita e fixa a despesa para o exerc\u00edcio de 1904, Lei N\u00ba.19 de 28 de outubro de 1903 aprova as contas do exerc\u00edcio anterior de contas, Typ. d\u2019A Encruzilhada, Encruzilhada, 1903.<\/span><\/td>\n<\/tr>\n<\/tbody>\n<\/table>\n<p>&nbsp;<\/p>\n<table border=\"0\" width=\"513\">\n<tbody>\n<tr>\n<td style=\"width: 200px\"><a href=\"https:\/\/wp.ufpel.edu.br\/ceihe\/files\/2017\/11\/1-4-FILEminimizer-3.jpg\"><img class=\"alignleft size-thumbnail wp-image-890\" src=\"https:\/\/wp.ufpel.edu.br\/ceihe\/files\/2017\/11\/1-4-FILEminimizer-3-200x200.jpg\" alt=\"\" width=\"200\" height=\"200\" \/><\/a><\/td>\n<td style=\"vertical-align: top\"><span style=\"font-family: tahoma, arial, helvetica, sans-serif\">MUNIC\u00cdPIO DE ENCRUZILHADA. Mensagem apresentada ao Conselho Municipal pelo Intendente Coronel Jos\u00e9 Ferreira da Silva em 25 de outubro de 1904, Actos N\u00ba 91, 92 e 93 promulgando as leis N\u00ba 21 que apova as contas de 1 de outubro de 1090 a 30 de setembro de 1904, N\u00ba 22 de 28 de outubro de 1904 que or\u00e7a a receita e fixa a despeza pra o exerc\u00edcio de 1905, N\u00ba 23 de 28 de outubro de 1904, Porto, Typ. d\u2019A\u00a0 Encruzilhada, 1904.<\/span><\/td>\n<\/tr>\n<\/tbody>\n<\/table>\n<p>&nbsp;<\/p>\n<table border=\"0\" width=\"513\">\n<tbody>\n<tr>\n<td style=\"width: 200px\"><a href=\"https:\/\/wp.ufpel.edu.br\/ceihe\/files\/2017\/11\/1-5-FILEminimizer-1.jpg\"><img class=\"alignleft size-thumbnail wp-image-891\" src=\"https:\/\/wp.ufpel.edu.br\/ceihe\/files\/2017\/11\/1-5-FILEminimizer-1-200x200.jpg\" alt=\"\" width=\"200\" height=\"200\" \/><\/a><\/td>\n<td style=\"vertical-align: top\"><span style=\"font-family: tahoma, arial, helvetica, sans-serif\">MUNIC\u00cdPIO DE ENCRUZILHADA. Mensagem apresentada ao Conselho Municipal pelo Intendente Coronel Jos\u00e9 Ferreira da Silva em 25 de outubro de 1905, e Lei do or\u00e7amento para 1906 etc, Porto, Typ. d\u2019A\u00a0 Encruzilhada, 1905.<\/span><\/td>\n<\/tr>\n<\/tbody>\n<\/table>\n<p>&nbsp;<\/p>\n<table border=\"0\" width=\"513\">\n<tbody>\n<tr>\n<td style=\"width: 200px\"><a href=\"https:\/\/wp.ufpel.edu.br\/ceihe\/files\/2017\/11\/1-6-FILEminimizer-1.jpg\"><img class=\"alignleft size-thumbnail wp-image-892\" src=\"https:\/\/wp.ufpel.edu.br\/ceihe\/files\/2017\/11\/1-6-FILEminimizer-1-200x200.jpg\" alt=\"\" width=\"200\" height=\"200\" \/><\/a><\/td>\n<td style=\"vertical-align: top\"><span style=\"font-family: tahoma, arial, helvetica, sans-serif\">MUNIC\u00cdPIO DE ENCRUZILHADA. Mensagem apresentada ao Conselho Municipal pelo Intendente Manoel Jos\u00e9 Pacheco de Andrade, em 25 de outubro de 1909, Lei de or\u00e7amento para o exerc\u00edcio de 1910, Typographia 14 de julho, Encruzilhada.<\/span><\/td>\n<\/tr>\n<\/tbody>\n<\/table>\n<p>&nbsp;<\/p>\n<table border=\"0\" width=\"513\">\n<tbody>\n<tr>\n<td style=\"width: 200px\"><a href=\"https:\/\/wp.ufpel.edu.br\/ceihe\/files\/2017\/11\/1-7-FILEminimizer-1.jpg\"><img class=\"alignleft size-thumbnail wp-image-894\" src=\"https:\/\/wp.ufpel.edu.br\/ceihe\/files\/2017\/11\/1-7-FILEminimizer-1-200x200.jpg\" alt=\"\" width=\"200\" height=\"200\" \/><\/a><\/td>\n<td style=\"vertical-align: top\"><span style=\"font-family: tahoma, arial, helvetica, sans-serif\">MUNIC\u00cdPIO DE ENCRUZILHADA. Mensagem 1912. Apresentada ao Conselho Municipal pelo Intendente Engenheiro Manoel Armindo em 25 de outubro de 1912, Lei de or\u00e7amento para o exerc\u00edcio de 1913, Silveira, Typographia 14 de julho, Encruzilhada.<\/span><\/td>\n<\/tr>\n<\/tbody>\n<\/table>\n<p>&nbsp;<\/p>\n<table border=\"0\" width=\"513\">\n<tbody>\n<tr>\n<td style=\"width: 200px\"><a href=\"https:\/\/wp.ufpel.edu.br\/ceihe\/files\/2017\/11\/1-8-FILEminimizer.jpg\"><img class=\"alignleft size-thumbnail wp-image-895\" src=\"https:\/\/wp.ufpel.edu.br\/ceihe\/files\/2017\/11\/1-8-FILEminimizer-200x200.jpg\" alt=\"\" width=\"200\" height=\"200\" \/><\/a><\/td>\n<td style=\"vertical-align: top\"><span style=\"font-family: tahoma, arial, helvetica, sans-serif\">INTEND\u00caNCIA MUNICIPAL DA ENCRUZILHADA. Mensagem apresentada ao Conselho Municipal pelo Intendente Engenheiro Armindo Silveira em 25 de outubro de 1917, Lei de or\u00e7amento para o exerc\u00edcio de 1918, Oficinas Graphicas d\u2019O Independente, Encruzilhada, Encruzilhada, 1918.<\/span><\/td>\n<\/tr>\n<\/tbody>\n<\/table>\n<p>&nbsp;<\/p>\n<table border=\"0\" width=\"513\">\n<tbody>\n<tr>\n<td style=\"width: 200px\"><a href=\"https:\/\/wp.ufpel.edu.br\/ceihe\/files\/2017\/11\/1-9-FILEminimizer.jpg\"><img class=\"alignleft size-thumbnail wp-image-896\" src=\"https:\/\/wp.ufpel.edu.br\/ceihe\/files\/2017\/11\/1-9-FILEminimizer-200x200.jpg\" alt=\"\" width=\"200\" height=\"200\" \/><\/a><\/td>\n<td style=\"vertical-align: top\"><span style=\"font-family: tahoma, arial, helvetica, sans-serif\">INTEND\u00caNCIA MUNICIPAL DE ENCRUZILHADA. Mensagem apresentada ao Conselho Municipal pelo Intendente Engenheiro Armindo Silveira em reuni\u00e3o de 25 de outubro de 1922, Lei de or\u00e7amento para o exerc\u00edcio de 1923, Oficinas Graphicas d\u2019O Imperial, Encruzilhada, Encruzilhada, 1922.<\/span><\/td>\n<\/tr>\n<\/tbody>\n<\/table>\n<p>&nbsp;<\/p>\n<table border=\"0\" width=\"513\">\n<tbody>\n<tr>\n<td style=\"width: 200px\"><a href=\"https:\/\/wp.ufpel.edu.br\/ceihe\/files\/2017\/11\/1-10-FILEminimizer.jpg\"><img class=\"alignleft size-thumbnail wp-image-897\" src=\"https:\/\/wp.ufpel.edu.br\/ceihe\/files\/2017\/11\/1-10-FILEminimizer-200x200.jpg\" alt=\"\" width=\"200\" height=\"200\" \/><\/a><\/td>\n<td style=\"vertical-align: top\"><span style=\"font-family: tahoma, arial, helvetica, sans-serif\">INTEND\u00caNCIA MUNICIPAL DE ENCRUZILHADA. Relat\u00f3rio apresentado ao Conselho Municipal pelo Intendente Engenheiro Armindo Silveira, em reuni\u00e3o ordin\u00e1ria em 25 de outubro de 1923, per\u00edodo de 1 de outubro de 1922 a 30 de setembro de 1923, Lei Orcament\u00e1ria para 1924, Barcellos e Bertaso \u2013 Livraria do Globo, Porto Alegre, Santa Maria e Pelotas.<\/span><\/td>\n<\/tr>\n<\/tbody>\n<\/table>\n<p>&nbsp;<\/p>\n<table border=\"0\" width=\"513\">\n<tbody>\n<tr>\n<td style=\"width: 200px\"><a href=\"https:\/\/wp.ufpel.edu.br\/ceihe\/files\/2017\/11\/1-11-FILEminimizer.jpg\"><img class=\"alignleft size-thumbnail wp-image-898\" src=\"https:\/\/wp.ufpel.edu.br\/ceihe\/files\/2017\/11\/1-11-FILEminimizer-200x200.jpg\" alt=\"\" width=\"200\" height=\"200\" \/><\/a><\/td>\n<td style=\"vertical-align: top\"><span style=\"font-family: tahoma, arial, helvetica, sans-serif\">MUNIC\u00cdPIO DE ENCRUZILHADA. Mensagem e Relat\u00f3rioS dos secret\u00e1rios, Lei N\u00ba 72 de 5 de novembro de 1925, orca a receita e a despesa para 1926, Oficinas Typographia d\u2019O Imperial, Encruzilhada, 1925.<\/span><\/td>\n<\/tr>\n<\/tbody>\n<\/table>\n<p>&nbsp;<\/p>\n<table border=\"0\" width=\"513\">\n<tbody>\n<tr>\n<td style=\"width: 200px\"><a href=\"https:\/\/wp.ufpel.edu.br\/ceihe\/files\/2017\/11\/1-12-FILEminimizer.jpg\"><img class=\"alignleft size-thumbnail wp-image-899\" src=\"https:\/\/wp.ufpel.edu.br\/ceihe\/files\/2017\/11\/1-12-FILEminimizer-200x200.jpg\" alt=\"\" width=\"200\" height=\"200\" \/><\/a><\/td>\n<td style=\"vertical-align: top\">\n<p><span style=\"font-family: tahoma, arial, helvetica, sans-serif\">MUNIC\u00cdPIO DE ENCRUZILHADA. Mensagem e Relat\u00f3rios dos secret\u00e1rios, Lei N\u00ba 75 de 1 de novembro de 1926, orca a receita e a despesa para o exerc\u00edcio de 1927, Typ. d\u2019A Semana, Encruzilhada, Encruzilhada, 1927.<\/span><\/p>\n<p><span style=\"font-family: tahoma, arial, helvetica, sans-serif\">\u00a0<\/span><\/td>\n<\/tr>\n<\/tbody>\n<\/table>\n<p>&nbsp;<\/p>\n<table border=\"0\" width=\"513\">\n<tbody>\n<tr>\n<td style=\"width: 200px\"><a href=\"https:\/\/wp.ufpel.edu.br\/ceihe\/files\/2017\/11\/1-13-FILEminimizer.jpg\"><img class=\"alignleft size-thumbnail wp-image-900\" src=\"https:\/\/wp.ufpel.edu.br\/ceihe\/files\/2017\/11\/1-13-FILEminimizer-200x200.jpg\" alt=\"\" width=\"200\" height=\"200\" \/><\/a><\/td>\n<td style=\"vertical-align: top\"><span style=\"font-family: tahoma, arial, helvetica, sans-serif\">MUNIC\u00cdPIO DE ENCRUZILHADA. Relat\u00f3rio apresentado ao Conselho Municipal pelo Intendente Ozi Texeira, em 25 de outubro de 1928, Or\u00e7amento para o exerc\u00edcio de 1929 e extrus\u00f5es para a sua execu\u00e7\u00e3o, Leis do Conselho Municipal promulgadas em 1928, Officinas Graphicas d\u2019A Federa\u00e7\u00e3o, Porto Alegre, 1928.<\/span><\/td>\n<\/tr>\n<\/tbody>\n<\/table>\n<p>&nbsp;<\/p>\n<table border=\"0\" width=\"513\">\n<tbody>\n<tr>\n<td style=\"width: 200px\"><a href=\"https:\/\/wp.ufpel.edu.br\/ceihe\/files\/2017\/11\/1-14-FILEminimizer.jpg\"><img class=\"alignleft size-thumbnail wp-image-901\" src=\"https:\/\/wp.ufpel.edu.br\/ceihe\/files\/2017\/11\/1-14-FILEminimizer-200x200.jpg\" alt=\"\" width=\"200\" height=\"200\" \/><\/a><\/td>\n<td style=\"vertical-align: top\"><span style=\"font-family: tahoma, arial, helvetica, sans-serif\">MUNIC\u00cdPIO DE ENCRUZILHADA. Relat\u00f3rio apresentada ao Conselho Municipal pelo Intendente Dr. Ozi Teixeira, em 25 de outubro de 1929, Or\u00e7amento para o exerc\u00edcio de 1930 e extrus\u00f5es para a sua execu\u00e7\u00e3o, Leis do Conselho Municipal promulgadas em 1929, Officinas Typographicas d\u2019A Semana, Encruzilhada, 1929.<\/span><\/td>\n<\/tr>\n<\/tbody>\n<\/table>\n<p><\/p>\n","protected":false},"excerpt":{"rendered":"<p>&nbsp; VILLA da ENCRUZILHADA.\u00a0 Relat\u00f3rio apresentado a Assembleia Legislativa Provincial de S\u00e3o Pedro de Rio Grande do Sul pela C\u00e2mera Municipal de Villa de Encruzilhada, Typographia da Encruzilhada, Encruzilhada, 1888. &nbsp; MUNIC\u00cdPIO DE ENCRUZILHADA. Lei n. 7 de 16 de janeiro de 1902, Decreta e promulga o c\u00f3digo de posturas do Munic\u00edpio de Encruzilhada, Oficina [&hellip;]<\/p>\n","protected":false},"author":777,"featured_media":0,"parent":0,"menu_order":0,"comment_status":"closed","ping_status":"closed","template":"","meta":{"footnotes":""},"class_list":["post-874","page","type-page","status-publish","hentry"],"_links":{"self":[{"href":"https:\/\/wp.ufpel.edu.br\/ceihe\/wp-json\/wp\/v2\/pages\/874","targetHints":{"allow":["GET"]}}],"collection":[{"href":"https:\/\/wp.ufpel.edu.br\/ceihe\/wp-json\/wp\/v2\/pages"}],"about":[{"href":"https:\/\/wp.ufpel.edu.br\/ceihe\/wp-json\/wp\/v2\/types\/page"}],"author":[{"embeddable":true,"href":"https:\/\/wp.ufpel.edu.br\/ceihe\/wp-json\/wp\/v2\/users\/777"}],"replies":[{"embeddable":true,"href":"https:\/\/wp.ufpel.edu.br\/ceihe\/wp-json\/wp\/v2\/comments?post=874"}],"version-history":[{"count":5,"href":"https:\/\/wp.ufpel.edu.br\/ceihe\/wp-json\/wp\/v2\/pages\/874\/revisions"}],"predecessor-version":[{"id":1177,"href":"https:\/\/wp.ufpel.edu.br\/ceihe\/wp-json\/wp\/v2\/pages\/874\/revisions\/1177"}],"wp:attachment":[{"href":"https:\/\/wp.ufpel.edu.br\/ceihe\/wp-json\/wp\/v2\/media?parent=874"}],"curies":[{"name":"wp","href":"https:\/\/api.w.org\/{rel}","templated":true}]}}