{"id":858,"date":"2017-11-27T22:29:24","date_gmt":"2017-11-28T00:29:24","guid":{"rendered":"https:\/\/wp.ufpel.edu.br\/ceihe\/?page_id=858"},"modified":"2017-12-03T19:04:47","modified_gmt":"2017-12-03T21:04:47","slug":"cruz-alta","status":"publish","type":"page","link":"https:\/\/wp.ufpel.edu.br\/ceihe\/cruz-alta\/","title":{"rendered":"Cruz Alta"},"content":{"rendered":"<table border=\"0\" width=\"513\">\n<tbody>\n<tr>\n<td style=\"width: 200px\"><a href=\"https:\/\/wp.ufpel.edu.br\/ceihe\/files\/2017\/11\/1-1-FILEminimizer.jpg\"><img class=\"alignleft size-thumbnail wp-image-861\" src=\"https:\/\/wp.ufpel.edu.br\/ceihe\/files\/2017\/11\/1-1-FILEminimizer-200x200.jpg\" alt=\"\" width=\"200\" height=\"200\" \/><\/a><\/td>\n<td style=\"vertical-align: top\">\n<p>&nbsp;<\/p>\n<p><span style=\"font-family: tahoma, arial, helvetica, sans-serif\">MUNIC\u00cdPIO DA CRUZ ALTA. Relat\u00f3rio e Lei or\u00e7ament\u00e1ria n\u00ba. 7 para o anno de 1902, TYP. do &lt;Cruz Alta&gt;, 1901.<\/span><\/p>\n<p>&nbsp;<\/td>\n<\/tr>\n<\/tbody>\n<\/table>\n<p>&nbsp;<\/p>\n<table border=\"0\" width=\"513\">\n<tbody>\n<tr>\n<td style=\"width: 200px\"><a href=\"https:\/\/wp.ufpel.edu.br\/ceihe\/files\/2017\/11\/1-2-FILEminimizer.jpg\"><img class=\"alignleft size-thumbnail wp-image-863\" src=\"https:\/\/wp.ufpel.edu.br\/ceihe\/files\/2017\/11\/1-2-FILEminimizer-200x200.jpg\" alt=\"\" width=\"200\" height=\"200\" \/><\/a><\/td>\n<td style=\"vertical-align: top\">\n<p>&nbsp;<\/p>\n<p><span style=\"font-family: tahoma, arial, helvetica, sans-serif\">MUNIC\u00cdPIO DA CRUZ ALTA.\u00a0\u00a0 Apresentado ao Conselho Municipal em sess\u00e3o ordin\u00e1ria em 1 de novembro de 1902 pelo vice- intendente em exerc\u00edcio Coronel Serafim Fagundes da Fonseca, Typographia do &lt;Cruz Alta&gt;, 1902.<\/span><\/p>\n<p>&nbsp;<\/td>\n<\/tr>\n<\/tbody>\n<\/table>\n<p>&nbsp;<\/p>\n<table border=\"0\" width=\"513\">\n<tbody>\n<tr>\n<td style=\"width: 200px\"><a href=\"https:\/\/wp.ufpel.edu.br\/ceihe\/files\/2017\/11\/1-3-FILEminimizer.jpg\"><img class=\"alignleft size-thumbnail wp-image-864\" src=\"https:\/\/wp.ufpel.edu.br\/ceihe\/files\/2017\/11\/1-3-FILEminimizer-200x200.jpg\" alt=\"\" width=\"200\" height=\"200\" \/><\/a><\/td>\n<td style=\"vertical-align: top\">\n<p>&nbsp;<\/p>\n<p><span style=\"font-family: tahoma, arial, helvetica, sans-serif\">MUNIC\u00cdPIO DA CRUZ ALTA.\u00a0 Mensagem e Lei or\u00e7ament\u00e1ria n\u00ba. 4 para o anno de 1889, Officinas TYP. do &lt;Cruz Alta&gt;, Cruz Alta, 1889.<\/span><\/p>\n<p>&nbsp;<\/td>\n<\/tr>\n<\/tbody>\n<\/table>\n<p>&nbsp;<\/p>\n<table border=\"0\" width=\"513\">\n<tbody>\n<tr>\n<td style=\"width: 200px\"><a href=\"https:\/\/wp.ufpel.edu.br\/ceihe\/files\/2017\/11\/1-4-FILEminimizer-1.jpg\"><img class=\"alignleft size-thumbnail wp-image-866\" src=\"https:\/\/wp.ufpel.edu.br\/ceihe\/files\/2017\/11\/1-4-FILEminimizer-1-200x200.jpg\" alt=\"\" width=\"200\" height=\"200\" \/><\/a><\/td>\n<td style=\"vertical-align: top\">\n<p>&nbsp;<\/p>\n<p><span style=\"font-family: tahoma, arial, helvetica, sans-serif\">MUNIC\u00cdPIO DA CRUZ ALTA.\u00a0 Relat\u00f3rio apresentado ao Conselho Municipal em sess\u00e3o de 1 de novembro de 1908 pelo presidente Dr. Candido Machado, Typographia do &lt;Cruz Alta&gt;, Cruz Alta, 1908.<\/span><\/p>\n<p><span style=\"font-family: tahoma, arial, helvetica, sans-serif\">\u00a0<\/span><\/td>\n<\/tr>\n<\/tbody>\n<\/table>\n<p>&nbsp;<\/p>\n<table border=\"0\" width=\"513\">\n<tbody>\n<tr>\n<td style=\"width: 200px\"><a href=\"https:\/\/wp.ufpel.edu.br\/ceihe\/files\/2017\/11\/1-5-FILEminimizer.jpg\"><img class=\"alignleft size-thumbnail wp-image-867\" src=\"https:\/\/wp.ufpel.edu.br\/ceihe\/files\/2017\/11\/1-5-FILEminimizer-200x200.jpg\" alt=\"\" width=\"200\" height=\"200\" \/><\/a><\/td>\n<td style=\"vertical-align: top\">\n<p>&nbsp;<\/p>\n<p><span style=\"font-family: tahoma, arial, helvetica, sans-serif\">MUNIC\u00cdPIO DA CRUZ ALTA.\u00a0 Relat\u00f3rio apresentado ao Conselho Municipal em reuni\u00e3o de 1 de novembro de 1909, para o exerc\u00edcio de 1910 pelo presidente Coronel Fermino Paula Filho, off, Typographia do &lt;Cruz Alta&gt;, Cruz Alta, 1909.<\/span><\/p>\n<p>&nbsp;<\/td>\n<\/tr>\n<\/tbody>\n<\/table>\n<p>&nbsp;<\/p>\n<table border=\"0\" width=\"513\">\n<tbody>\n<tr>\n<td style=\"width: 200px\"><a href=\"https:\/\/wp.ufpel.edu.br\/ceihe\/files\/2017\/11\/1-6-FILEminimizer.jpg\"><img class=\"alignleft size-thumbnail wp-image-868\" src=\"https:\/\/wp.ufpel.edu.br\/ceihe\/files\/2017\/11\/1-6-FILEminimizer-200x200.jpg\" alt=\"\" width=\"200\" height=\"200\" \/><\/a><\/td>\n<td style=\"vertical-align: top\">\n<p>&nbsp;<\/p>\n<p><span style=\"font-family: tahoma, arial, helvetica, sans-serif\">MUNIC\u00cdPIO DA CRUZ ALTA.\u00a0 Relat\u00f3rio apresentado ao Conselho Municipal em reuni\u00e3o ordin\u00e1ria de 1 de novembro de 1924, para o exerc\u00edcio de 1925 pelo Presidente Coronel Fermino Paula Filho, Lei or\u00e7ament\u00e1ria para 1925. Typographia Rotermund &amp; C, S\u00e3o Leopoldo, &lt;Cruz Alta&gt;, 1925.<\/span><\/p>\n<p>&nbsp;<\/td>\n<\/tr>\n<\/tbody>\n<\/table>\n<p>&nbsp;<\/p>\n<table border=\"0\" width=\"513\">\n<tbody>\n<tr>\n<td style=\"width: 200px\"><a href=\"https:\/\/wp.ufpel.edu.br\/ceihe\/files\/2017\/11\/1-7-FILEminimizer.jpg\"><img class=\"alignleft size-thumbnail wp-image-869\" src=\"https:\/\/wp.ufpel.edu.br\/ceihe\/files\/2017\/11\/1-7-FILEminimizer-200x200.jpg\" alt=\"\" width=\"200\" height=\"200\" \/><\/a><\/td>\n<td style=\"vertical-align: top\">\n<p>&nbsp;<\/p>\n<p><span style=\"font-family: tahoma, arial, helvetica, sans-serif\">MUNIC\u00cdPIO DA CRUZ ALTA. Relat\u00f3rio apresentado a C\u00e2mera Municipal pelo Prefeito Engenheiro Civil Ant\u00f4nio de Azambuja Villanova, exerc\u00edcio de 1936, Cruz\u00a0 Alta, 1936.<\/span><\/p>\n<p>&nbsp;<\/td>\n<\/tr>\n<\/tbody>\n<\/table>\n<p><\/p>\n","protected":false},"excerpt":{"rendered":"<p>&nbsp; MUNIC\u00cdPIO DA CRUZ ALTA. Relat\u00f3rio e Lei or\u00e7ament\u00e1ria n\u00ba. 7 para o anno de 1902, TYP. do &lt;Cruz Alta&gt;, 1901. &nbsp; &nbsp; &nbsp; MUNIC\u00cdPIO DA CRUZ ALTA.\u00a0\u00a0 Apresentado ao Conselho Municipal em sess\u00e3o ordin\u00e1ria em 1 de novembro de 1902 pelo vice- intendente em exerc\u00edcio Coronel Serafim Fagundes da Fonseca, Typographia do &lt;Cruz Alta&gt;, [&hellip;]<\/p>\n","protected":false},"author":777,"featured_media":0,"parent":0,"menu_order":0,"comment_status":"closed","ping_status":"closed","template":"","meta":{"footnotes":""},"class_list":["post-858","page","type-page","status-publish","hentry"],"_links":{"self":[{"href":"https:\/\/wp.ufpel.edu.br\/ceihe\/wp-json\/wp\/v2\/pages\/858","targetHints":{"allow":["GET"]}}],"collection":[{"href":"https:\/\/wp.ufpel.edu.br\/ceihe\/wp-json\/wp\/v2\/pages"}],"about":[{"href":"https:\/\/wp.ufpel.edu.br\/ceihe\/wp-json\/wp\/v2\/types\/page"}],"author":[{"embeddable":true,"href":"https:\/\/wp.ufpel.edu.br\/ceihe\/wp-json\/wp\/v2\/users\/777"}],"replies":[{"embeddable":true,"href":"https:\/\/wp.ufpel.edu.br\/ceihe\/wp-json\/wp\/v2\/comments?post=858"}],"version-history":[{"count":5,"href":"https:\/\/wp.ufpel.edu.br\/ceihe\/wp-json\/wp\/v2\/pages\/858\/revisions"}],"predecessor-version":[{"id":1156,"href":"https:\/\/wp.ufpel.edu.br\/ceihe\/wp-json\/wp\/v2\/pages\/858\/revisions\/1156"}],"wp:attachment":[{"href":"https:\/\/wp.ufpel.edu.br\/ceihe\/wp-json\/wp\/v2\/media?parent=858"}],"curies":[{"name":"wp","href":"https:\/\/api.w.org\/{rel}","templated":true}]}}