{"id":644,"date":"2017-09-25T20:00:04","date_gmt":"2017-09-25T23:00:04","guid":{"rendered":"https:\/\/wp.ufpel.edu.br\/ceihe\/?page_id=644"},"modified":"2018-02-14T18:24:08","modified_gmt":"2018-02-14T20:24:08","slug":"rio-grande","status":"publish","type":"page","link":"https:\/\/wp.ufpel.edu.br\/ceihe\/rio-grande\/","title":{"rendered":"Rio Grande"},"content":{"rendered":"<table border=\"0\" width=\"513\">\n<tbody>\n<tr>\n<td style=\"width: 200px\"><a href=\"https:\/\/wp.ufpel.edu.br\/ceihe\/files\/2017\/09\/1-1-16.jpg\"><img class=\"alignleft size-thumbnail wp-image-787\" src=\"https:\/\/wp.ufpel.edu.br\/ceihe\/files\/2017\/09\/1-1-16-200x200.jpg\" alt=\"\" width=\"200\" height=\"200\" \/><\/a><\/td>\n<td style=\"vertical-align: top\">&nbsp;<\/p>\n<p style=\"text-align: justify\"><span style=\"font-family: tahoma,arial,helvetica,sans-serif\">INTEND\u00caNCIA MUNICIPAL DO RIO GRANDE. Relat\u00f3rio apresentado ao Conselho Municipal, em sess\u00e3o de 1\u00ba de setembro de 1911 pelo Tenente Coronel Dr. Trajano Augusto Lopes \u2013 Exerc\u00edcio de 1910-1911 \u2013 Officinas a vapor d\u2019O Intransigente, Rio Grande, 1911.<\/span><\/p>\n<p>&nbsp;<\/td>\n<\/tr>\n<\/tbody>\n<\/table>\n<p>&nbsp;<\/p>\n<table border=\"0\" width=\"513\">\n<tbody>\n<tr>\n<td style=\"width: 200px\"><a href=\"https:\/\/wp.ufpel.edu.br\/ceihe\/files\/2018\/02\/1-2-5.jpg\"><img class=\"alignleft size-thumbnail wp-image-1470\" src=\"https:\/\/wp.ufpel.edu.br\/ceihe\/files\/2018\/02\/1-2-5-200x200.jpg\" alt=\"\" width=\"200\" height=\"200\" \/><\/a><\/td>\n<td style=\"vertical-align: top\">\n<p>&nbsp;<\/p>\n<p><span style=\"font-family: tahoma, arial, helvetica, sans-serif\">INTEND\u00caNCIA MUNICIPAL DO RIO GRANDE. Relat\u00f3rio de 1914. Apresentado ao Concelho Municipal em 1 de setembro de 1914 pelo capit\u00e3o Dr. Alfredo Soares do Nascimento, off. Do \u201cOficinas a vapor do Rio Grande\u201d, Rio Grande, 1914.<\/span><\/p>\n<p>&nbsp;<\/td>\n<\/tr>\n<\/tbody>\n<\/table>\n<p>&nbsp;<\/p>\n<table border=\"0\" width=\"513\">\n<tbody>\n<tr>\n<td style=\"width: 200px\"><a href=\"https:\/\/wp.ufpel.edu.br\/ceihe\/files\/2017\/09\/1-2-12.jpg\"><img class=\"alignleft size-thumbnail wp-image-788\" src=\"https:\/\/wp.ufpel.edu.br\/ceihe\/files\/2017\/09\/1-2-12-200x200.jpg\" alt=\"\" width=\"200\" height=\"200\" \/><\/a><\/td>\n<td style=\"vertical-align: top\">&nbsp;<\/p>\n<p style=\"text-align: justify\"><span style=\"font-family: tahoma,arial,helvetica,sans-serif\">INTEND\u00caNCIA MUNICIPAL DO RIO GRANDE. Relat\u00f3rio do Capit\u00e3o Dr. Alfredo Soares do Nascimento apresentado ao Conselho Municipal, em sess\u00e3o de 2 de setembro de 1922 e correspondente ao per\u00edodo de 1\u00ba de janeiro a 31 de dezembro de 1921 \u2013 Officinas movidas a eletricidade, Rio Grande, 1922.<\/span><\/p>\n<p>&nbsp;<\/td>\n<\/tr>\n<\/tbody>\n<\/table>\n<p>&nbsp;<\/p>\n<table border=\"0\" width=\"513\">\n<tbody>\n<tr>\n<td style=\"width: 200px\"><a href=\"https:\/\/wp.ufpel.edu.br\/ceihe\/files\/2017\/09\/1-4-16.jpg\"><img class=\"alignleft size-thumbnail wp-image-789\" src=\"https:\/\/wp.ufpel.edu.br\/ceihe\/files\/2017\/09\/1-4-16-200x200.jpg\" alt=\"\" width=\"200\" height=\"200\" \/><\/a><\/td>\n<td style=\"vertical-align: top\">&nbsp;<\/p>\n<p style=\"text-align: justify\"><span style=\"font-family: tahoma,arial,helvetica,sans-serif\">INTEND\u00caNCIA MUNICIPAL DO RIO GRANDE. Estat\u00edstica de 1923 \u2013 Anexo ao relat\u00f3rio apresentado pelo engenheiro Jo\u00e3o Fernandes Moreira ao Conselho Municipal em sess\u00e3o de 4 de setembro de 1924 e correspondente ao ano de 1923 \u2013 Officinas e eletricidade, Rio Grande, 1925.<\/span><\/p>\n<p>&nbsp;<\/td>\n<\/tr>\n<\/tbody>\n<\/table>\n<p>&nbsp;<\/p>\n<table border=\"0\" width=\"513\">\n<tbody>\n<tr>\n<td style=\"width: 200px\"><a href=\"https:\/\/wp.ufpel.edu.br\/ceihe\/files\/2017\/09\/1-5-16.jpg\"><img class=\"alignleft size-thumbnail wp-image-790\" src=\"https:\/\/wp.ufpel.edu.br\/ceihe\/files\/2017\/09\/1-5-16-200x200.jpg\" alt=\"\" width=\"200\" height=\"200\" \/><\/a><\/td>\n<td style=\"vertical-align: top\">&nbsp;<\/p>\n<p style=\"text-align: justify\"><span style=\"font-family: tahoma,arial,helvetica,sans-serif\">INTEND\u00caNCIA MUNICIPAL DO RIO GRANDE. Estat\u00edstica de 1925 \u2013 Anexo ao relat\u00f3rio apresentado pelo engenheiro Civil Jo\u00e3o Fernandes Moreira ao Conselho Municipal em sess\u00e3o de 1 de setembro de 1925 e correspondente ao ano de 1925 \u2013 Officinas do Rio Grande, Rio Grande, 1927.<\/span><\/p>\n<p>&nbsp;<\/td>\n<\/tr>\n<\/tbody>\n<\/table>\n<p>&nbsp;<\/p>\n<table border=\"0\" width=\"513\">\n<tbody>\n<tr>\n<td style=\"width: 200px\"><a href=\"https:\/\/wp.ufpel.edu.br\/ceihe\/files\/2017\/09\/1-6-12-e1511793236800.jpg\"><img class=\"alignleft size-thumbnail wp-image-791\" src=\"https:\/\/wp.ufpel.edu.br\/ceihe\/files\/2017\/09\/1-6-12-e1511793236800-200x200.jpg\" alt=\"\" width=\"200\" height=\"200\" \/><\/a><\/td>\n<td style=\"vertical-align: top\">&nbsp;<\/p>\n<p style=\"text-align: justify\"><span style=\"font-family: tahoma,arial,helvetica,sans-serif\">INTEND\u00caNCIA MUNICIPAL DO RIO GRANDE. Relat\u00f3rio do Engenheiro Jo\u00e3o Fernandes Moreira apresentado ao Conselho Municipal em sess\u00e3o de 8 de setembro de 1925 e correspondente ao ano de 1924 \u2013 Officinas e eletricidade, Rio Grande, 1925.<\/span><\/p>\n<p>&nbsp;<\/td>\n<\/tr>\n<\/tbody>\n<\/table>\n<p>&nbsp;<\/p>\n<table border=\"0\" width=\"513\">\n<tbody>\n<tr>\n<td style=\"width: 200px\"><a href=\"https:\/\/wp.ufpel.edu.br\/ceihe\/files\/2017\/09\/1-7-13.jpg\"><img class=\"alignleft size-thumbnail wp-image-792\" src=\"https:\/\/wp.ufpel.edu.br\/ceihe\/files\/2017\/09\/1-7-13-200x200.jpg\" alt=\"\" width=\"200\" height=\"200\" \/><\/a><\/td>\n<td style=\"vertical-align: top\">&nbsp;<\/p>\n<p style=\"text-align: justify\"><span style=\"font-family: tahoma,arial,helvetica,sans-serif\">INTEND\u00caNCIA MUNICIPAL DO RIO GRANDE. Relat\u00f3rio do Engenheiro Jo\u00e3o Fernandes Moreira apresentado ao Conselho Municipal em sess\u00e3o de 1 de setembro de 1926 e correspondente ao ano de 1925 \u2013 Officinas do Rio Grande Rio Grande, 1926.<\/span><\/p>\n<p>&nbsp;<\/td>\n<\/tr>\n<\/tbody>\n<\/table>\n<p>&nbsp;<\/p>\n<table border=\"0\" width=\"513\">\n<tbody>\n<tr>\n<td style=\"width: 200px\"><a href=\"https:\/\/wp.ufpel.edu.br\/ceihe\/files\/2017\/09\/1-8-14.jpg\"><img class=\"alignleft size-thumbnail wp-image-793\" src=\"https:\/\/wp.ufpel.edu.br\/ceihe\/files\/2017\/09\/1-8-14-200x200.jpg\" alt=\"\" width=\"200\" height=\"200\" \/><\/a><\/td>\n<td style=\"vertical-align: top\">&nbsp;<\/p>\n<p style=\"text-align: justify\"><span style=\"font-family: tahoma,arial,helvetica,sans-serif\">MUNIC\u00cdPIO DO RIO GRANDE. Relat\u00f3rios do prefeito Eng. Civ. Antonio Rocha de Meirelles Leite \u2013exerc\u00edcios de 1930, 1931 e 1932 \u2013 Officinas do Rio Grande, Rio Grande, 1937.<\/span><\/p>\n<p>&nbsp;<\/td>\n<\/tr>\n<\/tbody>\n<\/table>\n<p>&nbsp;<\/p>\n<table border=\"0\" width=\"513\">\n<tbody>\n<tr>\n<td style=\"width: 200px\"><a href=\"https:\/\/wp.ufpel.edu.br\/ceihe\/files\/2017\/09\/1-9-10.jpg\"><img class=\"alignleft size-thumbnail wp-image-794\" src=\"https:\/\/wp.ufpel.edu.br\/ceihe\/files\/2017\/09\/1-9-10-200x200.jpg\" alt=\"\" width=\"200\" height=\"200\" \/><\/a><\/td>\n<td style=\"vertical-align: top\">&nbsp;<\/p>\n<p style=\"text-align: justify\"><span style=\"font-family: tahoma,arial,helvetica,sans-serif\">MUNIC\u00cdPIO DO RIO GRANDE. Relat\u00f3rio apresentado a c\u00e2mara municipal do Rio Grande pelo prefeito Eng. Civ. Antonio Rocha de Meirelles Leite \u2013 exerc\u00edcio de 1936 \u2013 Officinas do Rio Grande, Rio Grande, 1937.<\/span><\/p>\n<p>&nbsp;<\/td>\n<\/tr>\n<\/tbody>\n<\/table>\n<p>&nbsp;<\/p>\n<table border=\"0\" width=\"513\">\n<tbody>\n<tr>\n<td style=\"width: 200px\"><a href=\"https:\/\/wp.ufpel.edu.br\/ceihe\/files\/2017\/09\/1-12-8.jpg\"><img class=\"alignleft size-thumbnail wp-image-795\" src=\"https:\/\/wp.ufpel.edu.br\/ceihe\/files\/2017\/09\/1-12-8-200x200.jpg\" alt=\"\" width=\"200\" height=\"200\" \/><\/a><\/td>\n<td style=\"vertical-align: top\">&nbsp;<\/p>\n<p style=\"text-align: justify\"><span style=\"font-family: tahoma,arial,helvetica,sans-serif\">MUNIC\u00cdPIO DO RIO GRANDE \u2013 Lei n\u00ba 37 de 28 de setembro de 1897 \u2013Or\u00e7a a receita fixa e depeza para o anno de 1898 \u2013 Typ. do Encho do Sul de Alfredo Rodrigues de Oliveira, Rio Grande, 1898.<\/span><\/p>\n<p>&nbsp;<\/td>\n<\/tr>\n<\/tbody>\n<\/table>\n<p>&nbsp;<\/p>\n<table border=\"0\" width=\"513\">\n<tbody>\n<tr>\n<td style=\"width: 200px\"><a href=\"https:\/\/wp.ufpel.edu.br\/ceihe\/files\/2017\/09\/1-13-8.jpg\"><img class=\"alignleft size-thumbnail wp-image-796\" src=\"https:\/\/wp.ufpel.edu.br\/ceihe\/files\/2017\/09\/1-13-8-200x200.jpg\" alt=\"\" width=\"200\" height=\"200\" \/><\/a><\/td>\n<td style=\"vertical-align: top\">&nbsp;<\/p>\n<p style=\"text-align: justify\"><span style=\"font-family: tahoma, arial, helvetica, sans-serif\">MUNIC\u00cdPIO DO RIO GRANDE \u2013 Lei do or\u00e7amento para o exerc\u00edcio de 1899 seguida de uma analyse dos or\u00e7amentos voltados para os exerc\u00edcios de 1896 a 1899 por Manoel Ognacio de Lacerda Werneck \u2013 Imp. A vapor da Livraria Universal de Echenique &amp; irm\u00e3o, Pelotas, 1899.<\/span><\/p>\n<p>&nbsp;<\/td>\n<\/tr>\n<\/tbody>\n<\/table>\n<p>&nbsp;<\/p>\n<table border=\"0\" width=\"513\">\n<tbody>\n<tr>\n<td style=\"width: 200px\"><a href=\"https:\/\/wp.ufpel.edu.br\/ceihe\/files\/2017\/09\/1-14-5.jpg\"><img class=\"alignleft size-thumbnail wp-image-797\" src=\"https:\/\/wp.ufpel.edu.br\/ceihe\/files\/2017\/09\/1-14-5-200x200.jpg\" alt=\"\" width=\"200\" height=\"200\" \/><\/a><\/td>\n<td style=\"vertical-align: top\">&nbsp;<\/p>\n<p style=\"text-align: justify\"><span style=\"font-family: tahoma,arial,helvetica,sans-serif\">INTEND\u00caNCIA MUNICIPAL DO RIO GRANDE \u2013 Lei n\u00ba 45 de 28 de setembro de 1898 \u2013 Or\u00e7a a receita e fixa a despeza da intendencia municipal para o ano de 1899 \u2013 Imp. A vapor da Livraria Universal de Echenique &amp; irm\u00e3o, Pelotas, 1899.<\/span><\/p>\n<p>&nbsp;<\/td>\n<\/tr>\n<\/tbody>\n<\/table>\n<p>&nbsp;<\/p>\n<table border=\"0\" width=\"513\">\n<tbody>\n<tr>\n<td style=\"width: 200px\"><a href=\"https:\/\/wp.ufpel.edu.br\/ceihe\/files\/2017\/09\/1-15-5.jpg\"><img class=\"alignleft size-thumbnail wp-image-798\" src=\"https:\/\/wp.ufpel.edu.br\/ceihe\/files\/2017\/09\/1-15-5-200x200.jpg\" alt=\"\" width=\"200\" height=\"200\" \/><\/a><\/td>\n<td style=\"vertical-align: top\">&nbsp;<\/p>\n<p style=\"text-align: justify\"><span style=\"font-family: tahoma, arial, helvetica, sans-serif\">MUNIC\u00cdPIO DO RIO GRANDE. Relat\u00f3rio apresentado ao Conselho Municipal pelo intendente Dr. Conrado Miller de Campos em 28 de julho de 1901 \u2013 Typ do Rio Grandense, Rio Grande, 1901.<\/span><\/p>\n<p>&nbsp;<\/td>\n<\/tr>\n<\/tbody>\n<\/table>\n<p>&nbsp;<\/p>\n<table border=\"0\" width=\"513\">\n<tbody>\n<tr>\n<td style=\"width: 200px\"><a href=\"https:\/\/wp.ufpel.edu.br\/ceihe\/files\/2017\/09\/1-16-6.jpg\"><img class=\"alignleft size-thumbnail wp-image-799\" src=\"https:\/\/wp.ufpel.edu.br\/ceihe\/files\/2017\/09\/1-16-6-200x200.jpg\" alt=\"\" width=\"200\" height=\"200\" \/><\/a><\/td>\n<td style=\"vertical-align: top\">&nbsp;<\/p>\n<p style=\"text-align: justify\"><span style=\"font-family: tahoma,arial,helvetica,sans-serif\">INTEND\u00caNCIA MUNICIPAL DO RIO GRANDE \u2013 Lei n\u00ba 72 de 25 de setembro de 1903 \u2013 Or\u00e7a a receita e fixa a despeza para o exerc\u00edcio de 1904 \u2013 Typ. do Diario do Rio Grande, Rio Grande, 1903.<\/span><\/p>\n<p style=\"text-align: justify\"><span style=\"font-family: tahoma,arial,helvetica,sans-serif\">\u00a0<\/span><\/p>\n<p>&nbsp;<\/td>\n<\/tr>\n<\/tbody>\n<\/table>\n<p>&nbsp;<\/p>\n<table border=\"0\" width=\"513\">\n<tbody>\n<tr>\n<td style=\"text-align: justify;width: 200px;vertical-align: top\"><a href=\"https:\/\/wp.ufpel.edu.br\/ceihe\/files\/2017\/09\/1-17-5.jpg\"><img class=\"alignleft size-thumbnail wp-image-800\" src=\"https:\/\/wp.ufpel.edu.br\/ceihe\/files\/2017\/09\/1-17-5-200x200.jpg\" alt=\"\" width=\"200\" height=\"200\" \/><\/a><\/td>\n<td>\n<p>&nbsp;<\/p>\n<p><span style=\"font-family: tahoma, arial, helvetica, sans-serif\">MUNIC\u00cdPIO DO RIO GRANDE \u2013 Lei org\u00e2nica reformada pelo decreto n\u00ba 29 de 7 de novembro de 1903 &#8211; Typ. do Diario do Rio Grande, Rio Grande, 1903<\/span>.<\/p>\n<p>&nbsp;<\/td>\n<\/tr>\n<\/tbody>\n<\/table>\n<p>&nbsp;<\/p>\n<table border=\"0\" width=\"513\">\n<tbody>\n<tr>\n<td style=\"width: 200px\"><a href=\"https:\/\/wp.ufpel.edu.br\/ceihe\/files\/2017\/09\/1-18-5.jpg\"><img class=\"alignleft size-thumbnail wp-image-802\" src=\"https:\/\/wp.ufpel.edu.br\/ceihe\/files\/2017\/09\/1-18-5-200x200.jpg\" alt=\"\" width=\"200\" height=\"200\" \/><\/a><\/td>\n<td style=\"vertical-align: top\">&nbsp;<\/p>\n<p style=\"text-align: justify\"><span style=\"font-family: tahoma,arial,helvetica,sans-serif\">MUNIC\u00cdPIO DO RIO GRANDE \u2013 Or\u00e7amento para o ano de 1905 \u2013 Lei n\u00ba 76 de 14 de novembro de 1904 promulgada pelo intendete Capit\u00e3o Carlos A. Ferreira de Assump\u00e7\u00e3o \u2013 Officinas d\u2019O Intransigente, Rio Grande, 1904.<\/span><\/p>\n<p>&nbsp;<\/td>\n<\/tr>\n<\/tbody>\n<\/table>\n<p><\/p>\n","protected":false},"excerpt":{"rendered":"<p>&nbsp; INTEND\u00caNCIA MUNICIPAL DO RIO GRANDE. Relat\u00f3rio apresentado ao Conselho Municipal, em sess\u00e3o de 1\u00ba de setembro de 1911 pelo Tenente Coronel Dr. Trajano Augusto Lopes \u2013 Exerc\u00edcio de 1910-1911 \u2013 Officinas a vapor d\u2019O Intransigente, Rio Grande, 1911. &nbsp; &nbsp; &nbsp; INTEND\u00caNCIA MUNICIPAL DO RIO GRANDE. Relat\u00f3rio de 1914. Apresentado ao Concelho Municipal em [&hellip;]<\/p>\n","protected":false},"author":777,"featured_media":0,"parent":0,"menu_order":0,"comment_status":"closed","ping_status":"closed","template":"","meta":{"footnotes":""},"class_list":["post-644","page","type-page","status-publish","hentry"],"_links":{"self":[{"href":"https:\/\/wp.ufpel.edu.br\/ceihe\/wp-json\/wp\/v2\/pages\/644","targetHints":{"allow":["GET"]}}],"collection":[{"href":"https:\/\/wp.ufpel.edu.br\/ceihe\/wp-json\/wp\/v2\/pages"}],"about":[{"href":"https:\/\/wp.ufpel.edu.br\/ceihe\/wp-json\/wp\/v2\/types\/page"}],"author":[{"embeddable":true,"href":"https:\/\/wp.ufpel.edu.br\/ceihe\/wp-json\/wp\/v2\/users\/777"}],"replies":[{"embeddable":true,"href":"https:\/\/wp.ufpel.edu.br\/ceihe\/wp-json\/wp\/v2\/comments?post=644"}],"version-history":[{"count":7,"href":"https:\/\/wp.ufpel.edu.br\/ceihe\/wp-json\/wp\/v2\/pages\/644\/revisions"}],"predecessor-version":[{"id":1472,"href":"https:\/\/wp.ufpel.edu.br\/ceihe\/wp-json\/wp\/v2\/pages\/644\/revisions\/1472"}],"wp:attachment":[{"href":"https:\/\/wp.ufpel.edu.br\/ceihe\/wp-json\/wp\/v2\/media?parent=644"}],"curies":[{"name":"wp","href":"https:\/\/api.w.org\/{rel}","templated":true}]}}