{"id":582,"date":"2017-09-16T20:30:00","date_gmt":"2017-09-16T23:30:00","guid":{"rendered":"https:\/\/wp.ufpel.edu.br\/ceihe\/?page_id=582"},"modified":"2017-12-03T13:33:58","modified_gmt":"2017-12-03T15:33:58","slug":"herval","status":"publish","type":"page","link":"https:\/\/wp.ufpel.edu.br\/ceihe\/herval\/","title":{"rendered":"Herval"},"content":{"rendered":"<table border=\"0\" width=\"513\">\n<tbody>\n<tr>\n<td style=\"width: 200px\"><a href=\"https:\/\/wp.ufpel.edu.br\/ceihe\/files\/2017\/09\/1-1-14.jpg\"><img class=\"alignleft size-thumbnail wp-image-745\" src=\"https:\/\/wp.ufpel.edu.br\/ceihe\/files\/2017\/09\/1-1-14-200x200.jpg\" alt=\"\" width=\"200\" height=\"200\" \/><\/a><\/td>\n<td style=\"vertical-align: top\">&nbsp;<\/p>\n<p style=\"text-align: justify\"><span style=\"font-family: tahoma,arial,helvetica,sans-serif\">MUNIC\u00cdPIO DE S. JO\u00c3O BAPTISTA DO HERVAL. Mensagem do intendente \u2013 Or\u00e7amento Lei n.13 de 28 de dezembro de 1898 para o exerc\u00edcio de 1899 \u2013 Imp. A vapor da Livraria Universal de Enchenique &amp; Irm\u00e3o, Pelotas, Porto Alegre e Rio Grande, 1899.<\/span><\/p>\n<\/td>\n<\/tr>\n<\/tbody>\n<\/table>\n<p>&nbsp;<\/p>\n<table border=\"0\" width=\"513\">\n<tbody>\n<tr>\n<td style=\"width: 200px\"><a href=\"https:\/\/wp.ufpel.edu.br\/ceihe\/files\/2017\/09\/1-2-10.jpg\"><img class=\"alignleft size-thumbnail wp-image-746\" src=\"https:\/\/wp.ufpel.edu.br\/ceihe\/files\/2017\/09\/1-2-10-200x200.jpg\" alt=\"\" width=\"200\" height=\"200\" \/><\/a><\/td>\n<td style=\"vertical-align: top\">&nbsp;<\/p>\n<p style=\"text-align: justify\"><span style=\"font-family: tahoma,arial,helvetica,sans-serif\">MUNIC\u00cdPIO DE HERVAL. Lei n. 16 de 22 de setembro de 1901 \u2013 Or\u00e7a a receita e fixa a despeza do Munic\u00edpio de Herval para o exerc\u00edcio de 1902 \u2013 Typ. do Commercio, Jaguar\u00e3o, 1901.<\/span><\/p>\n<\/td>\n<\/tr>\n<\/tbody>\n<\/table>\n<p>&nbsp;<\/p>\n<table border=\"0\" width=\"513\">\n<tbody>\n<tr>\n<td style=\"width: 200px\"><a href=\"https:\/\/wp.ufpel.edu.br\/ceihe\/files\/2017\/09\/1-3-10.jpg\"><img class=\"alignleft size-thumbnail wp-image-747\" src=\"https:\/\/wp.ufpel.edu.br\/ceihe\/files\/2017\/09\/1-3-10-200x200.jpg\" alt=\"\" width=\"200\" height=\"200\" \/><\/a><\/td>\n<td style=\"vertical-align: top\">&nbsp;<\/p>\n<p style=\"text-align: justify\"><span style=\"font-family: tahoma,arial,helvetica,sans-serif\">MUNIC\u00cdPIO DE HERVAL. Lei n.18 de 21 de setembro de 1903 \u2013 Or\u00e7a a receita e fixa a despeza do Munic\u00edpio de Herval para o exerc\u00edcio de 1904 \u2013 Typ. do Commercio, Jaguar\u00e3o, 1903.<\/span><\/p>\n<\/td>\n<\/tr>\n<\/tbody>\n<\/table>\n<p>&nbsp;<\/p>\n<table border=\"0\" width=\"513\">\n<tbody>\n<tr>\n<td style=\"width: 200px\"><a href=\"https:\/\/wp.ufpel.edu.br\/ceihe\/files\/2017\/09\/1-4-14.jpg\"><img class=\"alignleft size-thumbnail wp-image-748\" src=\"https:\/\/wp.ufpel.edu.br\/ceihe\/files\/2017\/09\/1-4-14-200x200.jpg\" alt=\"\" width=\"200\" height=\"200\" \/><\/a><\/td>\n<td style=\"vertical-align: top\">&nbsp;<\/p>\n<p style=\"text-align: justify\"><span style=\"font-family: tahoma,arial,helvetica,sans-serif\">MUNIC\u00cdPIO DE HERVAL. Lei n.20 de 21 de setembro de 1904 \u2013 Or\u00e7a a receita e fixa a despeza do Munic\u00edpio de Herval para o exerc\u00edcio de 1905 \u2013 Typ. do Commercio, Jaguar\u00e3o, 1904.<\/span><\/p>\n<\/td>\n<\/tr>\n<\/tbody>\n<\/table>\n<p>&nbsp;<\/p>\n<table border=\"0\" width=\"513\">\n<tbody>\n<tr>\n<td style=\"width: 200px\"><a href=\"https:\/\/wp.ufpel.edu.br\/ceihe\/files\/2017\/09\/1-5-14.jpg\"><img class=\"alignleft size-thumbnail wp-image-749\" src=\"https:\/\/wp.ufpel.edu.br\/ceihe\/files\/2017\/09\/1-5-14-200x200.jpg\" alt=\"\" width=\"200\" height=\"200\" \/><\/a><\/td>\n<td style=\"vertical-align: top\">&nbsp;<\/p>\n<p style=\"text-align: justify\"><span style=\"font-family: tahoma,arial,helvetica,sans-serif\">MUNIC\u00cdPIO DE HERVAL. Lei n.26 de 22 de setembro de 1905 \u2013 Or\u00e7a a receita e fixa a despeza do Munic\u00edpio de Herval para o exerc\u00edcio de 1906 \u2013 Typ. do Commercio, Jaguar\u00e3o, 1905.<\/span><\/p>\n<\/td>\n<\/tr>\n<\/tbody>\n<\/table>\n<p>&nbsp;<\/p>\n<table border=\"0\" width=\"513\">\n<tbody>\n<tr>\n<td style=\"width: 200px\"><a href=\"https:\/\/wp.ufpel.edu.br\/ceihe\/files\/2017\/09\/1-6-11.jpg\"><img class=\"alignleft size-thumbnail wp-image-750\" src=\"https:\/\/wp.ufpel.edu.br\/ceihe\/files\/2017\/09\/1-6-11-200x200.jpg\" alt=\"\" width=\"200\" height=\"200\" \/><\/a><\/td>\n<td style=\"vertical-align: top\">&nbsp;<\/p>\n<p style=\"text-align: justify\"><span style=\"font-family: tahoma,arial,helvetica,sans-serif\">MUNIC\u00cdPIO DE HERVAL. Lei n.30 de 26 de setembro de 1907 \u2013 Or\u00e7a a receita e fixa a despeza do Munic\u00edpio de Herval para o exerc\u00edcio de 1908 \u2013 Livraria Americana Pintos &amp; C., Pelotas, Porto Alegre e Rio Grande, 1907.<\/span><\/p>\n<\/td>\n<\/tr>\n<\/tbody>\n<\/table>\n<p>&nbsp;<\/p>\n<table border=\"0\" width=\"513\">\n<tbody>\n<tr>\n<td style=\"width: 200px\"><a href=\"https:\/\/wp.ufpel.edu.br\/ceihe\/files\/2017\/09\/1-7-12.jpg\"><img class=\"alignleft size-thumbnail wp-image-751\" src=\"https:\/\/wp.ufpel.edu.br\/ceihe\/files\/2017\/09\/1-7-12-200x200.jpg\" alt=\"\" width=\"200\" height=\"200\" \/><\/a><\/td>\n<td style=\"vertical-align: top\">\n<p style=\"text-align: justify\"><span style=\"font-family: tahoma,arial,helvetica,sans-serif\">\u00a0<\/span><\/p>\n<p style=\"text-align: justify\"><span style=\"font-family: tahoma,arial,helvetica,sans-serif\">MUNIC\u00cdPIO DE HERVAL. Lei n.28 de 21 de setembro de 1906 \u2013 Or\u00e7a a receita e fixa a despeza do Munic\u00edpio de Herval para o exerc\u00edcio de 1907 \u2013 Typ. d&#8217; &#8220;O Commercio&#8221;, Jaguar\u00e3o, 1907.<\/span><\/p>\n<\/td>\n<\/tr>\n<\/tbody>\n<\/table>\n<p>&nbsp;<\/p>\n<table border=\"0\" width=\"513\">\n<tbody>\n<tr>\n<td style=\"width: 200px\"><a href=\"https:\/\/wp.ufpel.edu.br\/ceihe\/files\/2017\/09\/1-8-13.jpg\"><img class=\"alignleft size-thumbnail wp-image-752\" src=\"https:\/\/wp.ufpel.edu.br\/ceihe\/files\/2017\/09\/1-8-13-200x200.jpg\" alt=\"\" width=\"200\" height=\"200\" \/><\/a><\/td>\n<td style=\"vertical-align: top\">&nbsp;<\/p>\n<p style=\"text-align: justify\"><span style=\"font-family: tahoma,arial,helvetica,sans-serif\">MUNIC\u00cdPIO DE HERVAL. Lei n.33 de 21 de setembro de 1909 \u2013 Or\u00e7a a receita e fixa a despeza do Munic\u00edpio de Herval para o exerc\u00edcio de 1910 \u2013Officinas Typographicas da Livraria Americana, Pelotas, 1909<\/span>.<\/p>\n<\/td>\n<\/tr>\n<\/tbody>\n<\/table>\n<p>&nbsp;<\/p>\n<table border=\"0\" width=\"513\">\n<tbody>\n<tr>\n<td style=\"width: 200px\"><a href=\"https:\/\/wp.ufpel.edu.br\/ceihe\/files\/2017\/09\/1-10-11.jpg\"><img class=\"alignleft size-thumbnail wp-image-753\" src=\"https:\/\/wp.ufpel.edu.br\/ceihe\/files\/2017\/09\/1-10-11-200x200.jpg\" alt=\"\" width=\"200\" height=\"200\" \/><\/a><\/td>\n<td style=\"vertical-align: top\">&nbsp;<\/p>\n<p style=\"text-align: justify\"><span style=\"font-family: tahoma,arial,helvetica,sans-serif\">MUNIC\u00cdPIO DE HERVAL. Mensagem apresentada ao Conselho Municipal em sess\u00e3o de 20 de setembro de 1918 pelo intendente Ten.<sup>te<\/sup> C.<sup>el<\/sup> Rosalino Pedro da Silva \u2013 Lei de or\u00e7amento n\u00ba 44 para o exerc\u00edcio de 1919 \u2013 Livraria Commercial, Pelotas, 1918.<\/span><\/p>\n<\/td>\n<\/tr>\n<\/tbody>\n<\/table>\n<p>&nbsp;<\/p>\n<table border=\"0\" width=\"513\">\n<tbody>\n<tr>\n<td style=\"width: 200px\"><a href=\"https:\/\/wp.ufpel.edu.br\/ceihe\/files\/2017\/09\/1-11-10.jpg\"><img class=\"alignleft size-thumbnail wp-image-754\" src=\"https:\/\/wp.ufpel.edu.br\/ceihe\/files\/2017\/09\/1-11-10-200x200.jpg\" alt=\"\" width=\"200\" height=\"200\" \/><\/a><\/td>\n<td style=\"vertical-align: top\">&nbsp;<\/p>\n<p style=\"text-align: justify\"><span style=\"font-family: tahoma,arial,helvetica,sans-serif\">MUNIC\u00cdPIO DE HERVAL. Mensagem apresentada ao Conselho Municipal em sess\u00e3o de 20 de setembro de 1924 pelo intendente Coronel Samuel Siqueira Claro Junior \u2013 Lei de or\u00e7amento n\u00ba 50 para o exerc\u00edcio de 1925 \u2013 Livraria e typographia de C. Resem, Jaguar\u00e3o.<\/span><\/p>\n<\/td>\n<\/tr>\n<\/tbody>\n<\/table>\n<p>&nbsp;<\/p>\n<table border=\"0\" width=\"513\">\n<tbody>\n<tr>\n<td style=\"width: 200px\"><a href=\"https:\/\/wp.ufpel.edu.br\/ceihe\/files\/2017\/09\/1-12-7.jpg\"><img class=\"alignleft size-thumbnail wp-image-755\" src=\"https:\/\/wp.ufpel.edu.br\/ceihe\/files\/2017\/09\/1-12-7-200x200.jpg\" alt=\"\" width=\"200\" height=\"200\" \/><\/a><\/td>\n<td style=\"vertical-align: top\">&nbsp;<\/p>\n<p style=\"text-align: justify\"><span style=\"font-family: tahoma,arial,helvetica,sans-serif\">MUNIC\u00cdPIO DE HERVAL. Mensagem apresentada ao Conselho Municipal em sess\u00e3o de 20 de setembro de 1926 pelo intendente Capit\u00e3o Alfredo L. de \u00c1vila \u2013 Lei de or\u00e7amento n\u00ba 53 para o exerc\u00edcio de 1927 \u2013 Livraria e Typ de F. Souza Resem, Jaguar\u00e3o.<\/span><\/p>\n<\/td>\n<\/tr>\n<\/tbody>\n<\/table>\n<p>&nbsp;<\/p>\n<table border=\"0\" width=\"513\">\n<tbody>\n<tr>\n<td style=\"width: 200px\"><a href=\"https:\/\/wp.ufpel.edu.br\/ceihe\/files\/2017\/09\/1-13-7.jpg\"><img class=\"alignleft size-thumbnail wp-image-756\" src=\"https:\/\/wp.ufpel.edu.br\/ceihe\/files\/2017\/09\/1-13-7-200x200.jpg\" alt=\"\" width=\"200\" height=\"200\" \/><\/a><\/td>\n<td style=\"vertical-align: top\">&nbsp;<\/p>\n<p style=\"text-align: justify\"><span style=\"font-family: tahoma,arial,helvetica,sans-serif\">MUNIC\u00cdPIO DE HERVAL. Mensagem apresentada ao conselho Municipal em sess\u00e3o de 20 de setembro de 1928 pelo intendente Major Francisco Am\u00e9rico de Assis Gon\u00e7alves\u2013 Lei de or\u00e7amento n\u00ba 55 de 21 de dezembro de 1928 para o exerc\u00edcio de 1929 \u2013 Relat\u00f3rio do intendente Capit\u00e3o Alfredo Leopoldo de \u00c1vila correspondente ao per\u00edodo de 1\u00ba de janeiro a 1\u00ba de dezembro de 1927 e 31 de janeiro a 31 de agosto de 1928 \u2013 Globo, Pelotas.<\/span><\/p>\n<\/td>\n<\/tr>\n<\/tbody>\n<\/table>\n<p>&nbsp;<\/p>\n","protected":false},"excerpt":{"rendered":"<p>&nbsp; MUNIC\u00cdPIO DE S. JO\u00c3O BAPTISTA DO HERVAL. Mensagem do intendente \u2013 Or\u00e7amento Lei n.13 de 28 de dezembro de 1898 para o exerc\u00edcio de 1899 \u2013 Imp. A vapor da Livraria Universal de Enchenique &amp; Irm\u00e3o, Pelotas, Porto Alegre e Rio Grande, 1899. &nbsp; &nbsp; MUNIC\u00cdPIO DE HERVAL. Lei n. 16 de 22 de [&hellip;]<\/p>\n","protected":false},"author":777,"featured_media":0,"parent":0,"menu_order":0,"comment_status":"closed","ping_status":"closed","template":"","meta":{"footnotes":""},"class_list":["post-582","page","type-page","status-publish","hentry"],"_links":{"self":[{"href":"https:\/\/wp.ufpel.edu.br\/ceihe\/wp-json\/wp\/v2\/pages\/582","targetHints":{"allow":["GET"]}}],"collection":[{"href":"https:\/\/wp.ufpel.edu.br\/ceihe\/wp-json\/wp\/v2\/pages"}],"about":[{"href":"https:\/\/wp.ufpel.edu.br\/ceihe\/wp-json\/wp\/v2\/types\/page"}],"author":[{"embeddable":true,"href":"https:\/\/wp.ufpel.edu.br\/ceihe\/wp-json\/wp\/v2\/users\/777"}],"replies":[{"embeddable":true,"href":"https:\/\/wp.ufpel.edu.br\/ceihe\/wp-json\/wp\/v2\/comments?post=582"}],"version-history":[{"count":6,"href":"https:\/\/wp.ufpel.edu.br\/ceihe\/wp-json\/wp\/v2\/pages\/582\/revisions"}],"predecessor-version":[{"id":1145,"href":"https:\/\/wp.ufpel.edu.br\/ceihe\/wp-json\/wp\/v2\/pages\/582\/revisions\/1145"}],"wp:attachment":[{"href":"https:\/\/wp.ufpel.edu.br\/ceihe\/wp-json\/wp\/v2\/media?parent=582"}],"curies":[{"name":"wp","href":"https:\/\/api.w.org\/{rel}","templated":true}]}}