{"id":544,"date":"2017-09-12T19:11:56","date_gmt":"2017-09-12T22:11:56","guid":{"rendered":"https:\/\/wp.ufpel.edu.br\/ceihe\/?page_id=544"},"modified":"2017-12-03T12:56:47","modified_gmt":"2017-12-03T14:56:47","slug":"alegrete","status":"publish","type":"page","link":"https:\/\/wp.ufpel.edu.br\/ceihe\/alegrete\/","title":{"rendered":"Alegrete"},"content":{"rendered":"<table border=\"0\" width=\"513\">\n<tbody>\n<tr>\n<td style=\"width: 200px\"><a href=\"https:\/\/wp.ufpel.edu.br\/ceihe\/files\/2017\/09\/1-1-10.jpg\"><img class=\"alignleft size-thumbnail wp-image-670\" src=\"https:\/\/wp.ufpel.edu.br\/ceihe\/files\/2017\/09\/1-1-10-200x200.jpg\" alt=\"\" width=\"200\" height=\"200\" \/><\/a><\/td>\n<td style=\"vertical-align: top\">&nbsp;<\/p>\n<p style=\"text-align: justify\"><span style=\"font-family: tahoma,arial,helvetica,sans-serif\">ALEGRETE. Relat\u00f3rio de 1897. Apresentado ao Conselho Municipal de Alegrete em 2 de outubro de 1897 pelo intendente Jo\u00e3o Benicio da Silva. Typ. Da Gazeta de Alegrete.<\/span><\/p>\n<p>&nbsp;<\/td>\n<\/tr>\n<\/tbody>\n<\/table>\n<p>&nbsp;<\/p>\n<table border=\"0\" width=\"513\">\n<tbody>\n<tr>\n<td style=\"width: 200px\"><a href=\"https:\/\/wp.ufpel.edu.br\/ceihe\/files\/2017\/09\/1-3-7.jpg\"><img class=\"alignleft size-thumbnail wp-image-671\" src=\"https:\/\/wp.ufpel.edu.br\/ceihe\/files\/2017\/09\/1-3-7-200x200.jpg\" alt=\"\" width=\"200\" height=\"200\" \/><\/a><\/td>\n<td style=\"vertical-align: top\">&nbsp;<\/p>\n<p style=\"text-align: justify\"><span style=\"font-family: tahoma,arial,helvetica,sans-serif\">ALEGRETE. Relat\u00f3rio do intendente apresentado ao Conselho Municipal em sua sess\u00e3o ordin\u00e1ria do anno de 1898 acompanhado da lei de or\u00e7amento municipal para o exerc\u00edcio de 1899 e outras. Impresso a vapor da Livraria Universal de Echenique e Irm\u00e3o, 1899.<\/span><\/p>\n<p>&nbsp;<\/td>\n<\/tr>\n<\/tbody>\n<\/table>\n<p>&nbsp;<\/p>\n<table border=\"0\" width=\"513\">\n<tbody>\n<tr>\n<td style=\"width: 200px\"><a href=\"https:\/\/wp.ufpel.edu.br\/ceihe\/files\/2017\/09\/1-4-10.jpg\"><img class=\"alignleft size-thumbnail wp-image-673\" src=\"https:\/\/wp.ufpel.edu.br\/ceihe\/files\/2017\/09\/1-4-10-200x200.jpg\" alt=\"\" width=\"200\" height=\"200\" \/><\/a><\/td>\n<td style=\"vertical-align: top\">&nbsp;<\/p>\n<p style=\"text-align: justify\"><span style=\"font-family: tahoma,arial,helvetica,sans-serif\">ALEGRETE. VISTORIA DE OBRAS MUNICIPAIS DE ALEGRETE. Relat\u00f3rio referente ao quatri\u00eanio de 1897- 1900 apresentado ao Vice\u2013Intendente Frederico Ortiz pelo diretor de obras Luiz Araujo Filho. Typ. Da Gazeta Alegrete, 1901.<\/span><\/p>\n<p>&nbsp;<\/td>\n<\/tr>\n<\/tbody>\n<\/table>\n<p>&nbsp;<\/p>\n<table border=\"0\" width=\"513\">\n<tbody>\n<tr>\n<td style=\"width: 200px\"><a href=\"https:\/\/wp.ufpel.edu.br\/ceihe\/files\/2017\/09\/1-5-10.jpg\"><img class=\"alignleft size-thumbnail wp-image-674\" src=\"https:\/\/wp.ufpel.edu.br\/ceihe\/files\/2017\/09\/1-5-10-200x200.jpg\" alt=\"\" width=\"200\" height=\"200\" \/><\/a><\/td>\n<td style=\"vertical-align: top\">&nbsp;<\/p>\n<p style=\"text-align: justify\"><span style=\"font-family: tahoma,arial,helvetica,sans-serif\">ALEGRETE. Lei do or\u00e7amento da Receita e despeza municipal para o exerc\u00edcio de 1901. Typographia da Gazeta de Alegrete.<\/span><\/p>\n<p>&nbsp;<\/td>\n<\/tr>\n<\/tbody>\n<\/table>\n<p>&nbsp;<\/p>\n<table border=\"0\" width=\"513\">\n<tbody>\n<tr>\n<td style=\"width: 200px\"><a href=\"https:\/\/wp.ufpel.edu.br\/ceihe\/files\/2017\/09\/1-6-8.jpg\"><img class=\"alignleft size-thumbnail wp-image-675\" src=\"https:\/\/wp.ufpel.edu.br\/ceihe\/files\/2017\/09\/1-6-8-200x200.jpg\" alt=\"\" width=\"200\" height=\"200\" \/><\/a><\/td>\n<td style=\"vertical-align: top\">&nbsp;<\/p>\n<p style=\"text-align: justify\"><span style=\"font-family: tahoma,arial,helvetica,sans-serif\">ALEGRETE. Relat\u00f3rio do Vice-Intendente do Munic\u00edpio Frederico Ortiz apresentado ao Conselho Municipal em sua sess\u00e3o ordin\u00e1ria do anno de 1900 acompanhado do Relat\u00f3rio apresentado ao Intendente eleito Manoel de F. Valle Filho. 1\u00ba de Janeiro de 1901. Typ. Da Gazeta Alegrete<\/span>.<\/p>\n<p>&nbsp;<\/p>\n<p>&nbsp;<\/td>\n<\/tr>\n<\/tbody>\n<\/table>\n<p>&nbsp;<\/p>\n<table border=\"0\" width=\"513\">\n<tbody>\n<tr>\n<td style=\"width: 200px\"><a href=\"https:\/\/wp.ufpel.edu.br\/ceihe\/files\/2017\/09\/1-7-8.jpg\"><img class=\"alignleft size-thumbnail wp-image-676\" src=\"https:\/\/wp.ufpel.edu.br\/ceihe\/files\/2017\/09\/1-7-8-200x200.jpg\" alt=\"\" width=\"200\" height=\"200\" \/><\/a><\/td>\n<td style=\"vertical-align: top\">&nbsp;<\/p>\n<p style=\"text-align: justify\"><span style=\"font-family: tahoma,arial,helvetica,sans-serif\">ALEGRETE. Relat\u00f3rio apresentado pelo Sr. Coronel Intendente na 3\u00aa sess\u00e3o ordin\u00e1ria do Conselho Municipal, em 20 de setembro de 1903. Typ. Da Gazeta Alegrete.<\/span><\/p>\n<p>&nbsp;<\/p>\n<p>&nbsp;<\/td>\n<\/tr>\n<\/tbody>\n<\/table>\n<p>&nbsp;<\/p>\n<table border=\"0\" width=\"513\">\n<tbody>\n<tr>\n<td style=\"width: 200px\"><a href=\"https:\/\/wp.ufpel.edu.br\/ceihe\/files\/2017\/09\/1-8-9.jpg\"><img class=\"alignleft size-thumbnail wp-image-677\" src=\"https:\/\/wp.ufpel.edu.br\/ceihe\/files\/2017\/09\/1-8-9-200x200.jpg\" alt=\"\" width=\"200\" height=\"200\" \/><\/a><\/td>\n<td style=\"vertical-align: top\">&nbsp;<\/p>\n<p style=\"text-align: justify\"><span style=\"font-family: tahoma,arial,helvetica,sans-serif\">ALEGRETE. Relat\u00f3rio apresentado pelo Coronel Intendente Dr. Lauro de S\u00e1 Dornelles ao conselho Municipal em 20 de setembro de 1911. Officinas da Livraria O Coqueiro, Alegrete.<\/span><\/p>\n<p>&nbsp;<\/p>\n<p>&nbsp;<\/td>\n<\/tr>\n<\/tbody>\n<\/table>\n<p>&nbsp;<\/p>\n<table border=\"0\" width=\"513\">\n<tbody>\n<tr>\n<td style=\"width: 200px\"><a href=\"https:\/\/wp.ufpel.edu.br\/ceihe\/files\/2017\/09\/1-9-7.jpg\"><img class=\"alignleft size-thumbnail wp-image-678\" src=\"https:\/\/wp.ufpel.edu.br\/ceihe\/files\/2017\/09\/1-9-7-200x200.jpg\" alt=\"\" width=\"200\" height=\"200\" \/><\/a><\/td>\n<td style=\"vertical-align: top\">&nbsp;<\/p>\n<p style=\"text-align: justify\"><span style=\"font-family: tahoma,arial,helvetica,sans-serif\">ALEGRETE. Relat\u00f3rio apresentado pelo Coronel Intendente Dr. Lauro de S\u00e1 Dornelles ao Conselho Municipal em 20 de setembro de 1912. Officinas da Livraria O Coqueiro, Alegrete.<\/span><\/p>\n<p>&nbsp;<\/p>\n<p>&nbsp;<\/td>\n<\/tr>\n<\/tbody>\n<\/table>\n<p>&nbsp;<\/p>\n<table border=\"0\" width=\"513\">\n<tbody>\n<tr>\n<td style=\"width: 200px\"><a href=\"https:\/\/wp.ufpel.edu.br\/ceihe\/files\/2017\/09\/1-10-7.jpg\"><img class=\"alignleft size-thumbnail wp-image-679\" src=\"https:\/\/wp.ufpel.edu.br\/ceihe\/files\/2017\/09\/1-10-7-200x200.jpg\" alt=\"\" width=\"200\" height=\"200\" \/><\/a><\/td>\n<td style=\"vertical-align: top\">&nbsp;<\/p>\n<p style=\"text-align: justify\"><span style=\"font-family: tahoma,arial,helvetica,sans-serif\">ALEGRETE. Relat\u00f3rio apresentado pelo Intendente Municipal de Alegrete Jo\u00e3o Benicio da Silva ao Conselho Municipal em sua primeira sess\u00e3o ordin\u00e1ria a 20 de setembro de 1918.<\/span><\/p>\n<p>&nbsp;<\/p>\n<p>&nbsp;<\/td>\n<\/tr>\n<\/tbody>\n<\/table>\n<p>&nbsp;<\/p>\n<table border=\"0\" width=\"513\">\n<tbody>\n<tr>\n<td style=\"width: 200px\"><a href=\"https:\/\/wp.ufpel.edu.br\/ceihe\/files\/2017\/09\/1-11-7.jpg\"><img class=\"alignleft size-thumbnail wp-image-680\" src=\"https:\/\/wp.ufpel.edu.br\/ceihe\/files\/2017\/09\/1-11-7-200x200.jpg\" alt=\"\" width=\"200\" height=\"200\" \/><\/a><\/td>\n<td style=\"vertical-align: top\">&nbsp;<\/p>\n<p style=\"text-align: justify\"><span style=\"font-family: tahoma,arial,helvetica,sans-serif\">ALEGRETE. Relat\u00f3rio apresentado pelo bacharel Oswaldo Aranha Intendente do Munic\u00edpio ao Conselho Municipal em sua sess\u00e3o ordin\u00e1ria de 20 de setembro de 1925. Alegrete, Livraria O Coqueiro, 1926.<\/span><\/p>\n<p>&nbsp;<\/p>\n<p>&nbsp;<\/td>\n<\/tr>\n<\/tbody>\n<\/table>\n<p>&nbsp;<\/p>\n<table border=\"0\" width=\"513\">\n<tbody>\n<tr>\n<td style=\"width: 200px\"><a href=\"https:\/\/wp.ufpel.edu.br\/ceihe\/files\/2017\/09\/1-12-5.jpg\"><img class=\"alignleft size-thumbnail wp-image-681\" src=\"https:\/\/wp.ufpel.edu.br\/ceihe\/files\/2017\/09\/1-12-5-200x200.jpg\" alt=\"\" width=\"200\" height=\"200\" \/><\/a><\/td>\n<td style=\"vertical-align: top\">&nbsp;<\/p>\n<p style=\"text-align: justify\"><span style=\"font-family: tahoma,arial,helvetica,sans-serif\">ALEGRETE. Relat\u00f3rio apresentado em 15 de fevereiro de 1935 ao exm. snr.gal. de div. Dr. Jos\u00e9 Ant\u00f4nio Flores da Cunha interventor federal no Rio Grande do Sul pelo prefeito Coronel Orestes Carneiro da Fontoura. Porto Alegre, Oficinas Gr\u00e1ficas da Livraria do Globo, 1935.<\/span><\/p>\n<p>&nbsp;<\/p>\n<p>&nbsp;<\/td>\n<\/tr>\n<\/tbody>\n<\/table>\n<p><\/p>\n","protected":false},"excerpt":{"rendered":"<p>&nbsp; ALEGRETE. Relat\u00f3rio de 1897. Apresentado ao Conselho Municipal de Alegrete em 2 de outubro de 1897 pelo intendente Jo\u00e3o Benicio da Silva. Typ. Da Gazeta de Alegrete. &nbsp; &nbsp; &nbsp; ALEGRETE. Relat\u00f3rio do intendente apresentado ao Conselho Municipal em sua sess\u00e3o ordin\u00e1ria do anno de 1898 acompanhado da lei de or\u00e7amento municipal para o [&hellip;]<\/p>\n","protected":false},"author":777,"featured_media":0,"parent":0,"menu_order":0,"comment_status":"closed","ping_status":"closed","template":"","meta":{"footnotes":""},"class_list":["post-544","page","type-page","status-publish","hentry"],"_links":{"self":[{"href":"https:\/\/wp.ufpel.edu.br\/ceihe\/wp-json\/wp\/v2\/pages\/544","targetHints":{"allow":["GET"]}}],"collection":[{"href":"https:\/\/wp.ufpel.edu.br\/ceihe\/wp-json\/wp\/v2\/pages"}],"about":[{"href":"https:\/\/wp.ufpel.edu.br\/ceihe\/wp-json\/wp\/v2\/types\/page"}],"author":[{"embeddable":true,"href":"https:\/\/wp.ufpel.edu.br\/ceihe\/wp-json\/wp\/v2\/users\/777"}],"replies":[{"embeddable":true,"href":"https:\/\/wp.ufpel.edu.br\/ceihe\/wp-json\/wp\/v2\/comments?post=544"}],"version-history":[{"count":11,"href":"https:\/\/wp.ufpel.edu.br\/ceihe\/wp-json\/wp\/v2\/pages\/544\/revisions"}],"predecessor-version":[{"id":1140,"href":"https:\/\/wp.ufpel.edu.br\/ceihe\/wp-json\/wp\/v2\/pages\/544\/revisions\/1140"}],"wp:attachment":[{"href":"https:\/\/wp.ufpel.edu.br\/ceihe\/wp-json\/wp\/v2\/media?parent=544"}],"curies":[{"name":"wp","href":"https:\/\/api.w.org\/{rel}","templated":true}]}}