{"id":506,"date":"2017-09-11T21:19:56","date_gmt":"2017-09-12T00:19:56","guid":{"rendered":"https:\/\/wp.ufpel.edu.br\/ceihe\/?page_id=506"},"modified":"2017-12-03T18:54:04","modified_gmt":"2017-12-03T20:54:04","slug":"pernambuco","status":"publish","type":"page","link":"https:\/\/wp.ufpel.edu.br\/ceihe\/pernambuco\/","title":{"rendered":"Pernambuco"},"content":{"rendered":"<table border=\"0\" width=\"513\">\n<tbody>\n<tr>\n<td style=\"width: 200px\"><a href=\"https:\/\/wp.ufpel.edu.br\/ceihe\/files\/2017\/09\/2-5.jpg\"><img class=\"alignleft size-thumbnail wp-image-855\" src=\"https:\/\/wp.ufpel.edu.br\/ceihe\/files\/2017\/09\/2-5-200x200.jpg\" alt=\"\" width=\"200\" height=\"200\" \/><\/a><\/td>\n<td style=\"vertical-align: top\">&nbsp;<\/p>\n<p style=\"text-align: justify\"><span style=\"font-family: tahoma,arial,helvetica,sans-serif\">RELAT\u00d3RIO. Com o que o Desembargador Bar\u00e3o de Lucena entregou a 23 de outubro de 1890, o governo do Estado de Pernambuco ao Desembargador Jos\u00e9 Antonio Corr\u00eaa da Silva. Recife, Typographia de Manoel de Faria &amp; Filhos, 1890.<\/span><\/p>\n<\/td>\n<\/tr>\n<\/tbody>\n<\/table>\n<p>&nbsp;<\/p>\n","protected":false},"excerpt":{"rendered":"<p>&nbsp; RELAT\u00d3RIO. Com o que o Desembargador Bar\u00e3o de Lucena entregou a 23 de outubro de 1890, o governo do Estado de Pernambuco ao Desembargador Jos\u00e9 Antonio Corr\u00eaa da Silva. Recife, Typographia de Manoel de Faria &amp; Filhos, 1890. &nbsp;<\/p>\n","protected":false},"author":777,"featured_media":0,"parent":0,"menu_order":0,"comment_status":"closed","ping_status":"closed","template":"","meta":{"footnotes":""},"class_list":["post-506","page","type-page","status-publish","hentry"],"_links":{"self":[{"href":"https:\/\/wp.ufpel.edu.br\/ceihe\/wp-json\/wp\/v2\/pages\/506","targetHints":{"allow":["GET"]}}],"collection":[{"href":"https:\/\/wp.ufpel.edu.br\/ceihe\/wp-json\/wp\/v2\/pages"}],"about":[{"href":"https:\/\/wp.ufpel.edu.br\/ceihe\/wp-json\/wp\/v2\/types\/page"}],"author":[{"embeddable":true,"href":"https:\/\/wp.ufpel.edu.br\/ceihe\/wp-json\/wp\/v2\/users\/777"}],"replies":[{"embeddable":true,"href":"https:\/\/wp.ufpel.edu.br\/ceihe\/wp-json\/wp\/v2\/comments?post=506"}],"version-history":[{"count":6,"href":"https:\/\/wp.ufpel.edu.br\/ceihe\/wp-json\/wp\/v2\/pages\/506\/revisions"}],"predecessor-version":[{"id":1155,"href":"https:\/\/wp.ufpel.edu.br\/ceihe\/wp-json\/wp\/v2\/pages\/506\/revisions\/1155"}],"wp:attachment":[{"href":"https:\/\/wp.ufpel.edu.br\/ceihe\/wp-json\/wp\/v2\/media?parent=506"}],"curies":[{"name":"wp","href":"https:\/\/api.w.org\/{rel}","templated":true}]}}