{"id":471,"date":"2017-09-11T20:55:57","date_gmt":"2017-09-11T23:55:57","guid":{"rendered":"https:\/\/wp.ufpel.edu.br\/ceihe\/?page_id=471"},"modified":"2017-12-03T18:18:38","modified_gmt":"2017-12-03T20:18:38","slug":"sao-lourenco-do-sul","status":"publish","type":"page","link":"https:\/\/wp.ufpel.edu.br\/ceihe\/sao-lourenco-do-sul\/","title":{"rendered":"S\u00e3o Louren\u00e7o do Sul"},"content":{"rendered":"<table border=\"0\" width=\"513\">\n<tbody>\n<tr>\n<td style=\"width: 200px\"><a href=\"https:\/\/wp.ufpel.edu.br\/ceihe\/files\/2017\/09\/1-44.jpg\"><img class=\"alignleft size-thumbnail wp-image-806\" src=\"https:\/\/wp.ufpel.edu.br\/ceihe\/files\/2017\/09\/1-44-200x200.jpg\" alt=\"\" width=\"200\" height=\"200\" \/><\/a><\/td>\n<td style=\"vertical-align: top\">&nbsp;<\/p>\n<p style=\"text-align: justify\"><span style=\"font-family: tahoma,arial,helvetica,sans-serif\">S\u00c3O LOUREN\u00c7O. Lei org\u00e2nica do Munic\u00edpio de S\u00e3o Louren\u00e7o aprovada pelo Conselho Municipal e reformada em 12 de julho de 1904. Livraria Universal de Echenique Irm\u00e3os &amp; C, Pelotas, Porto Alegre, Rio Grande, 1904.<\/span><\/p>\n<p>&nbsp;<\/td>\n<\/tr>\n<\/tbody>\n<\/table>\n<p>&nbsp;<\/p>\n<table border=\"0\" width=\"513\">\n<tbody>\n<tr>\n<td style=\"width: 200px\"><a href=\"https:\/\/wp.ufpel.edu.br\/ceihe\/files\/2017\/09\/3-2.jpg\"><img class=\"alignleft size-thumbnail wp-image-810\" src=\"https:\/\/wp.ufpel.edu.br\/ceihe\/files\/2017\/09\/3-2-200x200.jpg\" alt=\"\" width=\"200\" height=\"200\" \/><\/a><\/td>\n<td style=\"vertical-align: top\">&nbsp;<\/p>\n<p style=\"text-align: justify\"><span style=\"font-family: tahoma,arial,helvetica,sans-serif\">S\u00c3O LOUREN\u00c7O. Mensagem e Lei do or\u00e7amento da receita e despeza do Munic\u00edpio de S\u00e3o Louren\u00e7o para o exerc\u00edcio de 1909. Officinas da Livraria Commercial, Pelotas.<\/span><\/p>\n<p>&nbsp;<\/td>\n<\/tr>\n<\/tbody>\n<\/table>\n<p>&nbsp;<\/p>\n<table border=\"0\" width=\"513\">\n<tbody>\n<tr>\n<td style=\"width: 200px\"><a href=\"https:\/\/wp.ufpel.edu.br\/ceihe\/files\/2017\/09\/4-2.jpg\"><img class=\"alignleft size-thumbnail wp-image-811\" src=\"https:\/\/wp.ufpel.edu.br\/ceihe\/files\/2017\/09\/4-2-200x200.jpg\" alt=\"\" width=\"200\" height=\"200\" \/><\/a><\/td>\n<td style=\"width: 200px;vertical-align: top\">&nbsp;<\/p>\n<p style=\"text-align: justify\"><span style=\"font-family: tahoma,arial,helvetica,sans-serif\">MUNIC\u00cdPIO DE S\u00c3O LOUREN\u00c7O. Lei or\u00e7ament\u00e1ria da receita e despesa para o exerc\u00edcio de 1938. Officinas Graphica EDDA, S\u00e3o Louren\u00e7o, 1938.<\/span><\/p>\n<p>&nbsp;<\/td>\n<\/tr>\n<\/tbody>\n<\/table>\n<p>&nbsp;<\/p>\n<table border=\"0\" width=\"513\">\n<tbody>\n<tr>\n<td style=\"width: 200px\"><a href=\"https:\/\/wp.ufpel.edu.br\/ceihe\/files\/2017\/09\/5-1.jpg\"><img class=\"alignleft size-thumbnail wp-image-812\" src=\"https:\/\/wp.ufpel.edu.br\/ceihe\/files\/2017\/09\/5-1-200x200.jpg\" alt=\"\" width=\"200\" height=\"200\" \/><\/a><\/td>\n<td style=\"vertical-align: top\">&nbsp;<\/p>\n<p style=\"text-align: justify\"><span style=\"font-family: tahoma,arial,helvetica,sans-serif\">MUNIC\u00cdPIO DE S\u00c3O LOUREN\u00c7O. Ano de 1939. Relat\u00f3rio apresentado a S. Excia. o Sr. Coronel Oswaldo Cordeiro de Farias, dd. Interventor Federal neste Estado, pelo Prefeito Municipal, Capit\u00e3o Leonidas Ribeiro Marques, em 27 de mar\u00e7o de 1940. Officinas Graphica EDDA, S\u00e3o Louren\u00e7o, 1940.<\/span><\/p>\n<p>&nbsp;<\/td>\n<\/tr>\n<\/tbody>\n<\/table>\n<p>&nbsp;<\/p>\n","protected":false},"excerpt":{"rendered":"<p>&nbsp; S\u00c3O LOUREN\u00c7O. Lei org\u00e2nica do Munic\u00edpio de S\u00e3o Louren\u00e7o aprovada pelo Conselho Municipal e reformada em 12 de julho de 1904. Livraria Universal de Echenique Irm\u00e3os &amp; C, Pelotas, Porto Alegre, Rio Grande, 1904. &nbsp; &nbsp; &nbsp; S\u00c3O LOUREN\u00c7O. Mensagem e Lei do or\u00e7amento da receita e despeza do Munic\u00edpio de S\u00e3o Louren\u00e7o para [&hellip;]<\/p>\n","protected":false},"author":777,"featured_media":0,"parent":0,"menu_order":0,"comment_status":"closed","ping_status":"closed","template":"","meta":{"footnotes":""},"class_list":["post-471","page","type-page","status-publish","hentry"],"_links":{"self":[{"href":"https:\/\/wp.ufpel.edu.br\/ceihe\/wp-json\/wp\/v2\/pages\/471","targetHints":{"allow":["GET"]}}],"collection":[{"href":"https:\/\/wp.ufpel.edu.br\/ceihe\/wp-json\/wp\/v2\/pages"}],"about":[{"href":"https:\/\/wp.ufpel.edu.br\/ceihe\/wp-json\/wp\/v2\/types\/page"}],"author":[{"embeddable":true,"href":"https:\/\/wp.ufpel.edu.br\/ceihe\/wp-json\/wp\/v2\/users\/777"}],"replies":[{"embeddable":true,"href":"https:\/\/wp.ufpel.edu.br\/ceihe\/wp-json\/wp\/v2\/comments?post=471"}],"version-history":[{"count":6,"href":"https:\/\/wp.ufpel.edu.br\/ceihe\/wp-json\/wp\/v2\/pages\/471\/revisions"}],"predecessor-version":[{"id":1151,"href":"https:\/\/wp.ufpel.edu.br\/ceihe\/wp-json\/wp\/v2\/pages\/471\/revisions\/1151"}],"wp:attachment":[{"href":"https:\/\/wp.ufpel.edu.br\/ceihe\/wp-json\/wp\/v2\/media?parent=471"}],"curies":[{"name":"wp","href":"https:\/\/api.w.org\/{rel}","templated":true}]}}